{"id":19246,"date":"2025-09-25T13:41:46","date_gmt":"2025-09-25T16:41:46","guid":{"rendered":"https:\/\/arriveprepared.ca\/serie-de-videos-sur-lequite-interculturelle-la-diversite-et-linclusion-iedi\/"},"modified":"2025-10-04T14:58:30","modified_gmt":"2025-10-04T17:58:30","slug":"serie-de-videos-sur-lequite-interculturelle-la-diversite-et-linclusion-iedi","status":"publish","type":"page","link":"https:\/\/arriveprepared.ca\/fr\/serie-de-videos-sur-lequite-interculturelle-la-diversite-et-linclusion-iedi\/","title":{"rendered":"S\u00e9rie de vid\u00e9os sur l&#8217;\u00e9quit\u00e9 interculturelle, la diversit\u00e9 et l&#8217;inclusion (IEDI)"},"content":{"rendered":"","protected":false},"excerpt":{"rendered":"","protected":false},"author":11,"featured_media":0,"parent":0,"menu_order":0,"comment_status":"closed","ping_status":"closed","template":"","meta":{"om_disable_all_campaigns":false,"_monsterinsights_skip_tracking":false,"_monsterinsights_sitenote_active":false,"_monsterinsights_sitenote_note":"","_monsterinsights_sitenote_category":0,"_uf_show_specific_survey":0,"_uf_disable_surveys":false,"footnotes":""},"class_list":["post-19246","page","type-page","status-publish","hentry"],"aioseo_notices":[],"jetpack_likes_enabled":false,"jetpack_sharing_enabled":true,"_links":{"self":[{"href":"https:\/\/arriveprepared.ca\/fr\/wp-json\/wp\/v2\/pages\/19246","targetHints":{"allow":["GET"]}}],"collection":[{"href":"https:\/\/arriveprepared.ca\/fr\/wp-json\/wp\/v2\/pages"}],"about":[{"href":"https:\/\/arriveprepared.ca\/fr\/wp-json\/wp\/v2\/types\/page"}],"author":[{"embeddable":true,"href":"https:\/\/arriveprepared.ca\/fr\/wp-json\/wp\/v2\/users\/11"}],"replies":[{"embeddable":true,"href":"https:\/\/arriveprepared.ca\/fr\/wp-json\/wp\/v2\/comments?post=19246"}],"version-history":[{"count":1,"href":"https:\/\/arriveprepared.ca\/fr\/wp-json\/wp\/v2\/pages\/19246\/revisions"}],"predecessor-version":[{"id":19247,"href":"https:\/\/arriveprepared.ca\/fr\/wp-json\/wp\/v2\/pages\/19246\/revisions\/19247"}],"wp:attachment":[{"href":"https:\/\/arriveprepared.ca\/fr\/wp-json\/wp\/v2\/media?parent=19246"}],"curies":[{"name":"wp","href":"https:\/\/api.w.org\/{rel}","templated":true}]}}