{"id":16786,"date":"2022-02-03T18:50:23","date_gmt":"2022-02-03T22:50:23","guid":{"rendered":"https:\/\/arriveprepared.ca\/blog\/"},"modified":"2025-03-17T16:40:07","modified_gmt":"2025-03-17T19:40:07","slug":"nouvelles","status":"publish","type":"page","link":"https:\/\/arriveprepared.ca\/fr\/nouvelles\/","title":{"rendered":"Actualit\u00e9s"},"content":{"rendered":"\n<h2>\n\t\tNouvelles de la SOPA, mises \u00e0 jour et histoires de clients  \n\t<\/h2>\n\t<p>Restez inform\u00e9 des derni\u00e8res mises \u00e0 jour avant votre arriv\u00e9e ! Explorez les nouvelles de la SOPA, les histoires de r\u00e9ussite des clients, les collaborations et les informations essentielles pour vous aider dans votre voyage au Canada.<\/p>\n\t\t\t<a href=\"https:\/\/arriveprepared.ca\/fr\/cours-et-services\/\" target=\"_blank\" rel=\"noopener\">\n\t\t\t\t\t\t\tNos cours\n\t\t\t\t\t<\/a>\n\t\tTous\n\t<ul>\n\t\t<li data-filter=\"*\" tabindex=\"0\" aria-label=\"Tous\">Tous<\/li><li data-filter=\".category-informations-pour-les-nouveaux-arrivants\" data-term=\"informations-pour-les-nouveaux-arrivants\" data-item-count=\"25\" tabindex=\"0\" aria-label=\"Informations pour les nouveaux arrivants\">Informations pour les nouveaux arrivants<\/li><li data-filter=\".category-temoignage-dun-client-de-sopa\" data-term=\"temoignage-dun-client-de-sopa\" data-item-count=\"38\" tabindex=\"0\" aria-label=\"T\u00e9moignage d'un client de SOPA\">T\u00e9moignage d&#8217;un client de SOPA<\/li><li data-filter=\".category-collaborations-avec-sopa\" data-term=\"collaborations-avec-sopa\" data-item-count=\"5\" tabindex=\"0\" aria-label=\"Collaborations avec SOPA\">Collaborations avec SOPA<\/li><li data-filter=\".category-nouvelles-de-sopa\" data-term=\"nouvelles-de-sopa\" data-item-count=\"4\" tabindex=\"0\" aria-label=\"Nouvelles de SOPA\">Nouvelles de SOPA<\/li>\t<\/ul>\n\t<meta itemscope itemprop=\"mainEntityOfPage\" itemtype=\"https:\/\/schema.org\/WebPage\" itemid=\"http:\/\/17748\" content=\"Through SOPA I Learned to Highlight My Professional Background Abroad\" \/><meta itemprop=\"datePublished\" content=\"2023-10-24\" \/><meta itemprop=\"dateModified\" content=\"2023-10-24\" \/><meta itemprop=\"name\" content=\"Settlement Online Pre-Arrival (SOPA)\"\/><meta itemprop=\"url\" content=\"https:\/\/arriveprepared.ca\/wp-content\/uploads\/2021\/07\/SOPA-final_full-colour-e1626697811955.png\"\/><meta itemprop=\"url\" content=\"https:\/\/arriveprepared.ca\/fr\/author\/aziatdinova\/\" \/><meta itemprop=\"name\" content=\"Albina Ziatdinova\" \/><meta itemprop=\"url\" content=\"https:\/\/arriveprepared.ca\/wp-content\/uploads\/2023\/10\/Ayomide-Chrales.png\" \/><meta itemprop=\"width\" content=\"2240\" \/><meta itemprop=\"height\" content=\"1260\" \/><meta itemprop=\"interactionType\" content=\"https:\/\/schema.org\/CommentAction\" \/><meta itemprop=\"userInteractionCount\" content=\"0\" \/>\n\t\t\t\t\t<a href=\"https:\/\/arriveprepared.ca\/fr\/2023\/10\/24\/through-sopa-i-learned-to-value-my-experience\/\" title=\"Through SOPA I Learned to Highlight My Professional Background Abroad\"><\/a>\n\t\t\t\t<img decoding=\"async\" src=\"https:\/\/eph3uviheph.exactdn.com\/wp-content\/uploads\/2023\/10\/Ayomide-Chrales-1024x576.png?strip=all\" alt=\"Ayomide Chrales\" itemprop=\"image\" data-no-lazy=\"1\" height=\"576\" width=\"1024\" title=\"Ayomide Chrales\" onerror=\"this.style.display='none'\"  \/>\n\t\t\t\t\t\t\t\t\t<h3 itemprop=\"headline\">\n\t\t\t\t\t\t\t\t\t\t\t\t\t\tThrough SOPA I Learned to Highlight My Professional Background Abroad\t\t\t\t\t\t\t\t\t\t\t<\/h3>\n\t\t\t24, octobre  2023\t\t\t\t\t\t\n    Ayomide is from Nigeria, and she is a certified Project Management Professional (PMP) with a strong background in civil and&#8230;\n\t<meta itemscope itemprop=\"mainEntityOfPage\" itemtype=\"https:\/\/schema.org\/WebPage\" itemid=\"http:\/\/18251\" content=\"Entretiens culturels : Communication et adaptation sur le lieu de travail\" \/><meta itemprop=\"datePublished\" content=\"2022-07-05\" \/><meta itemprop=\"dateModified\" content=\"2024-09-17\" \/><meta itemprop=\"name\" content=\"Settlement Online Pre-Arrival (SOPA)\"\/><meta itemprop=\"url\" content=\"https:\/\/arriveprepared.ca\/wp-content\/uploads\/2021\/07\/SOPA-final_full-colour-e1626697811955.png\"\/><meta itemprop=\"url\" content=\"https:\/\/arriveprepared.ca\/fr\/author\/aziatdinova\/\" \/><meta itemprop=\"name\" content=\"Albina Ziatdinova\" \/><meta itemprop=\"url\" content=\"https:\/\/arriveprepared.ca\/wp-content\/uploads\/2022\/07\/cultural-communication-and-fit.png\" \/><meta itemprop=\"width\" content=\"2240\" \/><meta itemprop=\"height\" content=\"1260\" \/><meta itemprop=\"interactionType\" content=\"https:\/\/schema.org\/CommentAction\" \/><meta itemprop=\"userInteractionCount\" content=\"0\" \/>\n\t\t\t\t\t<a href=\"https:\/\/arriveprepared.ca\/fr\/2022\/07\/05\/entretiens-culturels-communication-et-adaptation-sur-le-lieu-de-travail\/\" title=\"Entretiens culturels : Communication et adaptation sur le lieu de travail\"><\/a>\n\t\t\t\t<img decoding=\"async\" src=\"https:\/\/eph3uviheph.exactdn.com\/wp-content\/uploads\/2022\/07\/cultural-communication-and-fit-1024x576.png?strip=all\" alt=\"cultural communication and fit\" itemprop=\"image\" data-no-lazy=\"1\" height=\"576\" width=\"1024\" title=\"cultural communication and fit\" onerror=\"this.style.display='none'\"  \/>\n\t\t\t\t\t\t\t\t\t<h3 itemprop=\"headline\">\n\t\t\t\t\t\t\t\t\t\t\t\t\t\tEntretiens culturels : Communication et adaptation sur le lieu de travail\t\t\t\t\t\t\t\t\t\t\t<\/h3>\n\t\t\t5, juillet  2022\t\t\t\t\t\t\n    Chez SOPA, nous voulons que nos clients se sentent pr\u00e9par\u00e9s avant d&#8217;arriver au Canada. Qu&#8217;il s&#8217;agisse de la recherche ou&#8230;\n\t<meta itemscope itemprop=\"mainEntityOfPage\" itemtype=\"https:\/\/schema.org\/WebPage\" itemid=\"http:\/\/16596\" content=\"Comment j&rsquo;ai r\u00e9ussi mon premier entretien au Canada\" \/><meta itemprop=\"datePublished\" content=\"2022-03-02\" \/><meta itemprop=\"dateModified\" content=\"2022-03-02\" \/><meta itemprop=\"name\" content=\"Settlement Online Pre-Arrival (SOPA)\"\/><meta itemprop=\"url\" content=\"https:\/\/arriveprepared.ca\/wp-content\/uploads\/2021\/07\/SOPA-final_full-colour-e1626697811955.png\"\/><meta itemprop=\"url\" content=\"https:\/\/arriveprepared.ca\/fr\/author\/aziatdinova\/\" \/><meta itemprop=\"name\" content=\"Albina Ziatdinova\" \/><meta itemprop=\"url\" content=\"https:\/\/arriveprepared.ca\/wp-content\/uploads\/2022\/03\/Adeshola-Afolabi-Blog-Banner-1.png\" \/><meta itemprop=\"width\" content=\"2240\" \/><meta itemprop=\"height\" content=\"1260\" \/><meta itemprop=\"interactionType\" content=\"https:\/\/schema.org\/CommentAction\" \/><meta itemprop=\"userInteractionCount\" content=\"0\" \/>\n\t\t\t\t\t<a href=\"https:\/\/arriveprepared.ca\/fr\/2022\/03\/02\/comment-jai-reussi-mon-premier-entretien-au-canada\/\" title=\"Comment j&rsquo;ai r\u00e9ussi mon premier entretien au Canada\"><\/a>\n\t\t\t\t<img decoding=\"async\" src=\"https:\/\/eph3uviheph.exactdn.com\/wp-content\/uploads\/2022\/03\/Adeshola-Afolabi-Blog-Banner-1-1024x576.png?strip=all\" alt=\"Adeshola Afolabi Blog Banner\" itemprop=\"image\" data-no-lazy=\"1\" height=\"576\" width=\"1024\" title=\"Adeshola Afolabi Blog Banner\" onerror=\"this.style.display='none'\"  \/>\n\t\t\t\t\t\t\t\t\t<h3 itemprop=\"headline\">\n\t\t\t\t\t\t\t\t\t\t\t\t\t\tComment j&rsquo;ai r\u00e9ussi mon premier entretien au Canada\t\t\t\t\t\t\t\t\t\t\t<\/h3>\n\t\t\t2, mars  2022\t\t\t\t\t\t\n    Je suis Adeshola Afolabi, un r\u00e9sident permanent qui a r\u00e9cemment d\u00e9m\u00e9nag\u00e9 de Lagos, au Nigeria, \u00e0 Toronto, en Ontario. J&#8217;ai&#8230;\n\t<meta itemscope itemprop=\"mainEntityOfPage\" itemtype=\"https:\/\/schema.org\/WebPage\" itemid=\"http:\/\/16597\" content=\"Vaincre les obstacles : S&rsquo;installer \u00e0 Calgary pendant la pand\u00e9mie (partie 2)\" \/><meta itemprop=\"datePublished\" content=\"2022-02-02\" \/><meta itemprop=\"dateModified\" content=\"2022-02-02\" \/><meta itemprop=\"name\" content=\"Settlement Online Pre-Arrival (SOPA)\"\/><meta itemprop=\"url\" content=\"https:\/\/arriveprepared.ca\/wp-content\/uploads\/2021\/07\/SOPA-final_full-colour-e1626697811955.png\"\/><meta itemprop=\"url\" content=\"https:\/\/arriveprepared.ca\/fr\/author\/aziatdinova\/\" \/><meta itemprop=\"name\" content=\"Albina Ziatdinova\" \/><meta itemprop=\"url\" content=\"https:\/\/arriveprepared.ca\/wp-content\/uploads\/2022\/02\/Beat-the-odds-Blog-Banner-1-1.png\" \/><meta itemprop=\"width\" content=\"2240\" \/><meta itemprop=\"height\" content=\"1260\" \/><meta itemprop=\"interactionType\" content=\"https:\/\/schema.org\/CommentAction\" \/><meta itemprop=\"userInteractionCount\" content=\"0\" \/>\n\t\t\t\t\t<a href=\"https:\/\/arriveprepared.ca\/fr\/2022\/02\/02\/vaincre-les-obstacles-sinstaller-a-calgary-pendant-la-pandemie-partie-2\/\" title=\"Vaincre les obstacles : S&rsquo;installer \u00e0 Calgary pendant la pand\u00e9mie (partie 2)\"><\/a>\n\t\t\t\t<img decoding=\"async\" src=\"https:\/\/eph3uviheph.exactdn.com\/wp-content\/uploads\/2022\/02\/Beat-the-odds-Blog-Banner-1-1-1024x576.png?strip=all\" alt=\"Beat the odds Blog Banner-1\" itemprop=\"image\" data-no-lazy=\"1\" height=\"576\" width=\"1024\" title=\"Beat the odds Blog Banner-1\" onerror=\"this.style.display='none'\"  \/>\n\t\t\t\t\t\t\t\t\t<h3 itemprop=\"headline\">\n\t\t\t\t\t\t\t\t\t\t\t\t\t\tVaincre les obstacles : S&rsquo;installer \u00e0 Calgary pendant la pand\u00e9mie (partie 2)\t\t\t\t\t\t\t\t\t\t\t<\/h3>\n\t\t\t2, f\u00e9vrier  2022\t\t\t\t\t\t\n    Je m&#8217;excuse que la deuxi\u00e8me partie de mon blog arrive beaucoup plus tard que pr\u00e9vu. Cela fait un an que&#8230;\n\t<meta itemscope itemprop=\"mainEntityOfPage\" itemtype=\"https:\/\/schema.org\/WebPage\" itemid=\"http:\/\/16594\" content=\"Sidra Mobin : opportunit\u00e9 d&rsquo;apprentissage\" \/><meta itemprop=\"datePublished\" content=\"2022-01-13\" \/><meta itemprop=\"dateModified\" content=\"2022-01-13\" \/><meta itemprop=\"name\" content=\"Settlement Online Pre-Arrival (SOPA)\"\/><meta itemprop=\"url\" content=\"https:\/\/arriveprepared.ca\/wp-content\/uploads\/2021\/07\/SOPA-final_full-colour-e1626697811955.png\"\/><meta itemprop=\"url\" content=\"https:\/\/arriveprepared.ca\/fr\/author\/aziatdinova\/\" \/><meta itemprop=\"name\" content=\"Albina Ziatdinova\" \/><meta itemprop=\"url\" content=\"https:\/\/arriveprepared.ca\/wp-content\/uploads\/2022\/01\/Sidra-Mobin-Learning-Opportunity.png\" \/><meta itemprop=\"width\" content=\"2240\" \/><meta itemprop=\"height\" content=\"1260\" \/><meta itemprop=\"interactionType\" content=\"https:\/\/schema.org\/CommentAction\" \/><meta itemprop=\"userInteractionCount\" content=\"0\" \/>\n\t\t\t\t\t<a href=\"https:\/\/arriveprepared.ca\/fr\/2022\/01\/13\/sidra-mobin-opportunite-dapprentissage\/\" title=\"Sidra Mobin : opportunit\u00e9 d&rsquo;apprentissage\"><\/a>\n\t\t\t\t<img decoding=\"async\" src=\"https:\/\/eph3uviheph.exactdn.com\/wp-content\/uploads\/2022\/01\/Sidra-Mobin-Learning-Opportunity-1024x576.png?strip=all\" alt=\"Sidra Mobin Learning Opportunity\" itemprop=\"image\" data-no-lazy=\"1\" height=\"576\" width=\"1024\" title=\"Sidra Mobin Learning Opportunity\" onerror=\"this.style.display='none'\"  \/>\n\t\t\t\t\t\t\t\t\t<h3 itemprop=\"headline\">\n\t\t\t\t\t\t\t\t\t\t\t\t\t\tSidra Mobin : opportunit\u00e9 d&rsquo;apprentissage\t\t\t\t\t\t\t\t\t\t\t<\/h3>\n\t\t\t13, janvier  2022\t\t\t\t\t\t\n    Sidra Mobin est originaire de Karachi, au Pakistan. Elle a atterri en Colombie-Britannique le 28 juin 2020 &#8211; pendant la&#8230;\n\t<meta itemscope itemprop=\"mainEntityOfPage\" itemtype=\"https:\/\/schema.org\/WebPage\" itemid=\"http:\/\/16595\" content=\"Les points forts de la SOPA et le top 5 des articles les plus lus du blog en 2021!\" \/><meta itemprop=\"datePublished\" content=\"2021-12-23\" \/><meta itemprop=\"dateModified\" content=\"2022-08-16\" \/><meta itemprop=\"name\" content=\"Settlement Online Pre-Arrival (SOPA)\"\/><meta itemprop=\"url\" content=\"https:\/\/arriveprepared.ca\/wp-content\/uploads\/2021\/07\/SOPA-final_full-colour-e1626697811955.png\"\/><meta itemprop=\"url\" content=\"https:\/\/arriveprepared.ca\/fr\/author\/aziatdinova\/\" \/><meta itemprop=\"name\" content=\"Albina Ziatdinova\" \/><meta itemprop=\"url\" content=\"https:\/\/arriveprepared.ca\/wp-content\/uploads\/2021\/12\/sopa-highlights-2021.png\" \/><meta itemprop=\"width\" content=\"2240\" \/><meta itemprop=\"height\" content=\"1260\" \/><meta itemprop=\"interactionType\" content=\"https:\/\/schema.org\/CommentAction\" \/><meta itemprop=\"userInteractionCount\" content=\"0\" \/>\n\t\t\t\t\t<a href=\"https:\/\/arriveprepared.ca\/fr\/2021\/12\/23\/les-points-forts-de-la-sopa-et-le-top-5-des-articles-les-plus-lus-du-blog-en-2021\/\" title=\"Les points forts de la SOPA et le top 5 des articles les plus lus du blog en 2021!\"><\/a>\n\t\t\t\t<img decoding=\"async\" src=\"https:\/\/eph3uviheph.exactdn.com\/wp-content\/uploads\/2021\/12\/sopa-highlights-2021-1024x576.png?strip=all\" alt=\"sopa highlights 2021\" itemprop=\"image\" data-no-lazy=\"1\" height=\"576\" width=\"1024\" title=\"sopa highlights 2021\" onerror=\"this.style.display='none'\"  \/>\n\t\t\t\t\t\t\t\t\t<h3 itemprop=\"headline\">\n\t\t\t\t\t\t\t\t\t\t\t\t\t\tLes points forts de la SOPA et le top 5 des articles les plus lus du blog en 2021!\t\t\t\t\t\t\t\t\t\t\t<\/h3>\n\t\t\t23, d\u00e9cembre  2021\t\t\t\t\t\t\n    La p\u00e9riode des f\u00eates est toujours un moment privil\u00e9gi\u00e9 pour r\u00e9fl\u00e9chir \u00e0 l&#8217;ann\u00e9e \u00e9coul\u00e9e, tant sur le plan personnel que&#8230;\n\t<meta itemscope itemprop=\"mainEntityOfPage\" itemtype=\"https:\/\/schema.org\/WebPage\" itemid=\"http:\/\/16598\" content=\"Les cours sur la SOPA font mouche\" \/><meta itemprop=\"datePublished\" content=\"2021-12-15\" \/><meta itemprop=\"dateModified\" content=\"2021-12-15\" \/><meta itemprop=\"name\" content=\"Settlement Online Pre-Arrival (SOPA)\"\/><meta itemprop=\"url\" content=\"https:\/\/arriveprepared.ca\/wp-content\/uploads\/2021\/07\/SOPA-final_full-colour-e1626697811955.png\"\/><meta itemprop=\"url\" content=\"https:\/\/arriveprepared.ca\/fr\/author\/aziatdinova\/\" \/><meta itemprop=\"name\" content=\"Albina Ziatdinova\" \/><meta itemprop=\"url\" content=\"https:\/\/arriveprepared.ca\/wp-content\/uploads\/2021\/12\/SOPA-Courses-Hit-the-nail-on-the-head-Blog-Banner-1.png\" \/><meta itemprop=\"width\" content=\"2240\" \/><meta itemprop=\"height\" content=\"1260\" \/><meta itemprop=\"interactionType\" content=\"https:\/\/schema.org\/CommentAction\" \/><meta itemprop=\"userInteractionCount\" content=\"0\" \/>\n\t\t\t\t\t<a href=\"https:\/\/arriveprepared.ca\/fr\/2021\/12\/15\/les-cours-sur-la-sopa-font-mouche\/\" title=\"Les cours sur la SOPA font mouche\"><\/a>\n\t\t\t\t<img decoding=\"async\" src=\"https:\/\/eph3uviheph.exactdn.com\/wp-content\/uploads\/2021\/12\/SOPA-Courses-Hit-the-nail-on-the-head-Blog-Banner-1-1024x576.png?strip=all\" alt=\"SOPA Courses Hit the nail on the head (Blog Banner)-1\" itemprop=\"image\" data-no-lazy=\"1\" height=\"576\" width=\"1024\" title=\"SOPA Courses Hit the nail on the head (Blog Banner)-1\" onerror=\"this.style.display='none'\"  \/>\n\t\t\t\t\t\t\t\t\t<h3 itemprop=\"headline\">\n\t\t\t\t\t\t\t\t\t\t\t\t\t\tLes cours sur la SOPA font mouche\t\t\t\t\t\t\t\t\t\t\t<\/h3>\n\t\t\t15, d\u00e9cembre  2021\t\t\t\t\t\t\n    Lydia Ogunoye a rejoint le programme SOPA alors qu&#8217;elle se trouvait encore dans son pays d&#8217;origine et qu&#8217;elle pr\u00e9parait son&#8230;\n\t<meta itemscope itemprop=\"mainEntityOfPage\" itemtype=\"https:\/\/schema.org\/WebPage\" itemid=\"http:\/\/16599\" content=\"Les 3 principales id\u00e9es fausses des nouveaux arrivants qui se pr\u00e9parent \u00e0 d\u00e9m\u00e9nager au Canada\" \/><meta itemprop=\"datePublished\" content=\"2021-11-23\" \/><meta itemprop=\"dateModified\" content=\"2021-11-23\" \/><meta itemprop=\"name\" content=\"Settlement Online Pre-Arrival (SOPA)\"\/><meta itemprop=\"url\" content=\"https:\/\/arriveprepared.ca\/wp-content\/uploads\/2021\/07\/SOPA-final_full-colour-e1626697811955.png\"\/><meta itemprop=\"url\" content=\"https:\/\/arriveprepared.ca\/fr\/author\/aziatdinova\/\" \/><meta itemprop=\"name\" content=\"Albina Ziatdinova\" \/><meta itemprop=\"url\" content=\"https:\/\/arriveprepared.ca\/wp-content\/uploads\/2021\/11\/arrivepreparedca35.png\" \/><meta itemprop=\"width\" content=\"2240\" \/><meta itemprop=\"height\" content=\"1260\" \/><meta itemprop=\"interactionType\" content=\"https:\/\/schema.org\/CommentAction\" \/><meta itemprop=\"userInteractionCount\" content=\"0\" \/>\n\t\t\t\t\t<a href=\"https:\/\/arriveprepared.ca\/fr\/2021\/11\/23\/les-3-principales-idees-fausses-des-nouveaux-arrivants-qui-se-preparent-a-demenager-au-canada\/\" title=\"Les 3 principales id\u00e9es fausses des nouveaux arrivants qui se pr\u00e9parent \u00e0 d\u00e9m\u00e9nager au Canada\"><\/a>\n\t\t\t\t<img decoding=\"async\" src=\"https:\/\/eph3uviheph.exactdn.com\/wp-content\/uploads\/2021\/11\/arrivepreparedca35-1024x576.png?strip=all\" alt=\"arrivepreparedca35\" itemprop=\"image\" data-no-lazy=\"1\" height=\"576\" width=\"1024\" title=\"arrivepreparedca35\" onerror=\"this.style.display='none'\"  \/>\n\t\t\t\t\t\t\t\t\t<h3 itemprop=\"headline\">\n\t\t\t\t\t\t\t\t\t\t\t\t\t\tLes 3 principales id\u00e9es fausses des nouveaux arrivants qui se pr\u00e9parent \u00e0 d\u00e9m\u00e9nager au Canada\t\t\t\t\t\t\t\t\t\t\t<\/h3>\n\t\t\t23, novembre  2021\t\t\t\t\t\t\n    #1 &#8211; &#8220;Pas de pr\u00e9cipitation ! Je peux attendre et pr\u00e9parer mon d\u00e9m\u00e9nagement \u00e0 l&#8217;approche de ma date d&#8217;atterrissage&#8221;. Qu&#8217;il&#8230;\n\t<meta itemscope itemprop=\"mainEntityOfPage\" itemtype=\"https:\/\/schema.org\/WebPage\" itemid=\"http:\/\/16601\" content=\"Les escroqueries \u00e0 l&#8217;emploi et comment les \u00e9viter\" \/><meta itemprop=\"datePublished\" content=\"2021-10-12\" \/><meta itemprop=\"dateModified\" content=\"2021-10-12\" \/><meta itemprop=\"name\" content=\"Settlement Online Pre-Arrival (SOPA)\"\/><meta itemprop=\"url\" content=\"https:\/\/arriveprepared.ca\/wp-content\/uploads\/2021\/07\/SOPA-final_full-colour-e1626697811955.png\"\/><meta itemprop=\"url\" content=\"https:\/\/arriveprepared.ca\/fr\/author\/aziatdinova\/\" \/><meta itemprop=\"name\" content=\"Albina Ziatdinova\" \/><meta itemprop=\"url\" content=\"https:\/\/arriveprepared.ca\/wp-content\/uploads\/2021\/10\/arrivepreparedca36.png\" \/><meta itemprop=\"width\" content=\"2240\" \/><meta itemprop=\"height\" content=\"1260\" \/><meta itemprop=\"interactionType\" content=\"https:\/\/schema.org\/CommentAction\" \/><meta itemprop=\"userInteractionCount\" content=\"0\" \/>\n\t\t\t\t\t<a href=\"https:\/\/arriveprepared.ca\/fr\/2021\/10\/12\/les-escroqueries-a-lemploi-et-comment-les-eviter\/\" title=\"Les escroqueries \u00e0 l&#8217;emploi et comment les \u00e9viter\"><\/a>\n\t\t\t\t<img decoding=\"async\" src=\"https:\/\/eph3uviheph.exactdn.com\/wp-content\/uploads\/2021\/10\/arrivepreparedca36-1024x576.png?strip=all\" alt=\"arrivepreparedca36\" itemprop=\"image\" data-no-lazy=\"1\" height=\"576\" width=\"1024\" title=\"arrivepreparedca36\" onerror=\"this.style.display='none'\"  \/>\n\t\t\t\t\t\t\t\t\t<h3 itemprop=\"headline\">\n\t\t\t\t\t\t\t\t\t\t\t\t\t\tLes escroqueries \u00e0 l&#8217;emploi et comment les \u00e9viter\t\t\t\t\t\t\t\t\t\t\t<\/h3>\n\t\t\t12, octobre  2021\t\t\t\t\t\t\n    La plupart des nouveaux arrivants au Canada sont d\u00e9sireux de trouver un emploi peu apr\u00e8s leur arriv\u00e9e. Lorsque vous cherchez&#8230;\n\t<meta itemscope itemprop=\"mainEntityOfPage\" itemtype=\"https:\/\/schema.org\/WebPage\" itemid=\"http:\/\/16593\" content=\"Le programme d&rsquo;ambassadeurs du r\u00e9seau des nouveaux arrivants de la SOPA recrute d\u00e8s maintenant !\" \/><meta itemprop=\"datePublished\" content=\"2021-09-29\" \/><meta itemprop=\"dateModified\" content=\"2021-09-29\" \/><meta itemprop=\"name\" content=\"Settlement Online Pre-Arrival (SOPA)\"\/><meta itemprop=\"url\" content=\"https:\/\/arriveprepared.ca\/wp-content\/uploads\/2021\/07\/SOPA-final_full-colour-e1626697811955.png\"\/><meta itemprop=\"url\" content=\"https:\/\/arriveprepared.ca\/fr\/author\/sopaadmin\/\" \/><meta itemprop=\"name\" content=\"sopaadmin\" \/><meta itemprop=\"url\" content=\"https:\/\/arriveprepared.ca\/wp-content\/uploads\/2021\/09\/arriveprepared.ca32.png\" \/><meta itemprop=\"width\" content=\"2240\" \/><meta itemprop=\"height\" content=\"1260\" \/><meta itemprop=\"interactionType\" content=\"https:\/\/schema.org\/CommentAction\" \/><meta itemprop=\"userInteractionCount\" content=\"0\" \/>\n\t\t\t\t\t<a href=\"https:\/\/arriveprepared.ca\/fr\/2021\/09\/29\/le-programme-dambassadeurs-du-reseau-des-nouveaux-arrivants-de-la-sopa-recrute-des-maintenant\/\" title=\"Le programme d&rsquo;ambassadeurs du r\u00e9seau des nouveaux arrivants de la SOPA recrute d\u00e8s maintenant !\"><\/a>\n\t\t\t\t<img decoding=\"async\" src=\"https:\/\/eph3uviheph.exactdn.com\/wp-content\/uploads\/2021\/09\/arriveprepared.ca32-1024x576.png?strip=all\" alt=\"arriveprepared.ca(32)\" itemprop=\"image\" data-no-lazy=\"1\" height=\"576\" width=\"1024\" title=\"arriveprepared.ca(32)\" onerror=\"this.style.display='none'\"  \/>\n\t\t\t\t\t\t\t\t\t<h3 itemprop=\"headline\">\n\t\t\t\t\t\t\t\t\t\t\t\t\t\tLe programme d&rsquo;ambassadeurs du r\u00e9seau des nouveaux arrivants de la SOPA recrute d\u00e8s maintenant !\t\t\t\t\t\t\t\t\t\t\t<\/h3>\n\t\t\t29, septembre  2021\t\t\t\t\t\t\n    SOPA recrute d&#8217;anciens clients pour faire du b\u00e9n\u00e9volat avec nous ! Nous recherchons des clients SOPA pour aider \u00e0 soutenir&#8230;\n\t<meta itemscope itemprop=\"mainEntityOfPage\" itemtype=\"https:\/\/schema.org\/WebPage\" itemid=\"http:\/\/16610\" content=\"Je m&rsquo;illumine quand je parle de SOPA.\" \/><meta itemprop=\"datePublished\" content=\"2021-08-11\" \/><meta itemprop=\"dateModified\" content=\"2021-08-11\" \/><meta itemprop=\"name\" content=\"Settlement Online Pre-Arrival (SOPA)\"\/><meta itemprop=\"url\" content=\"https:\/\/arriveprepared.ca\/wp-content\/uploads\/2021\/07\/SOPA-final_full-colour-e1626697811955.png\"\/><meta itemprop=\"url\" content=\"https:\/\/arriveprepared.ca\/fr\/author\/aziatdinova\/\" \/><meta itemprop=\"name\" content=\"Albina Ziatdinova\" \/><meta itemprop=\"interactionType\" content=\"https:\/\/schema.org\/CommentAction\" \/><meta itemprop=\"userInteractionCount\" content=\"0\" \/>\n\t\t\t\t\t<a href=\"https:\/\/arriveprepared.ca\/fr\/2021\/08\/11\/je-millumine-quand-je-parle-de-sopa\/\" title=\"Je m&rsquo;illumine quand je parle de SOPA.\"><\/a>\n\t\t\t\t<img decoding=\"async\" src=\"https:\/\/eph3uviheph.exactdn.com\/wp-content\/plugins\/bbpowerpack\/modules\/pp-content-grid\/images\/placeholder.jpg?strip=all&w=1920\" alt=\"\" itemprop=\"image\" data-no-lazy=\"1\" onerror=\"this.style.display='none'\"  \/>\n\t\t\t\t\t\t\t\t\t<h3 itemprop=\"headline\">\n\t\t\t\t\t\t\t\t\t\t\t\t\t\tJe m&rsquo;illumine quand je parle de SOPA.\t\t\t\t\t\t\t\t\t\t\t<\/h3>\n\t\t\t11, ao\u00fbt  2021\t\t\t\t\t\t\n    Astrid Ene est arriv\u00e9e au Canada avec son mari en janvier 2017.. Apr\u00e8s avoir pass\u00e9 quelque temps \u00e0 Montr\u00e9al, ils&#8230;\n\t<meta itemscope itemprop=\"mainEntityOfPage\" itemtype=\"https:\/\/schema.org\/WebPage\" itemid=\"http:\/\/16637\" content=\"Comment d\u00e9cider quand mettre \u00e0 jour votre \u00e9ducation au Canada?\" \/><meta itemprop=\"datePublished\" content=\"2021-07-21\" \/><meta itemprop=\"dateModified\" content=\"2022-08-16\" \/><meta itemprop=\"name\" content=\"Settlement Online Pre-Arrival (SOPA)\"\/><meta itemprop=\"url\" content=\"https:\/\/arriveprepared.ca\/wp-content\/uploads\/2021\/07\/SOPA-final_full-colour-e1626697811955.png\"\/><meta itemprop=\"url\" content=\"https:\/\/arriveprepared.ca\/fr\/author\/aziatdinova\/\" \/><meta itemprop=\"name\" content=\"Albina Ziatdinova\" \/><meta itemprop=\"url\" content=\"https:\/\/arriveprepared.ca\/wp-content\/uploads\/2021\/07\/How-to-decide-when-to-update-education-blog-header-2.png\" \/><meta itemprop=\"width\" content=\"1920\" \/><meta itemprop=\"height\" content=\"1080\" \/><meta itemprop=\"interactionType\" content=\"https:\/\/schema.org\/CommentAction\" \/><meta itemprop=\"userInteractionCount\" content=\"0\" \/>\n\t\t\t\t\t<a href=\"https:\/\/arriveprepared.ca\/fr\/2021\/07\/21\/comment-decider-quand-mettre-a-jour-votre-education-au-canada\/\" title=\"Comment d\u00e9cider quand mettre \u00e0 jour votre \u00e9ducation au Canada?\"><\/a>\n\t\t\t\t<img decoding=\"async\" src=\"https:\/\/eph3uviheph.exactdn.com\/wp-content\/uploads\/2021\/07\/How-to-decide-when-to-update-education-blog-header-2-1024x576.png?strip=all\" alt=\"How to decide when to update education blog header 2\" itemprop=\"image\" data-no-lazy=\"1\" height=\"576\" width=\"1024\" title=\"How to decide when to update education blog header 2\" onerror=\"this.style.display='none'\"  \/>\n\t\t\t\t\t\t\t\t\t<h3 itemprop=\"headline\">\n\t\t\t\t\t\t\t\t\t\t\t\t\t\tComment d\u00e9cider quand mettre \u00e0 jour votre \u00e9ducation au Canada?\t\t\t\t\t\t\t\t\t\t\t<\/h3>\n\t\t\t21, juillet  2021\t\t\t\t\t\t\n    Le grand jour se rapproche ! Vous vous appr\u00eatez \u00e0 d\u00e9m\u00e9nager au Canada. Et vous avez peut-\u00eatre d\u00e9j\u00e0 commenc\u00e9 votre&#8230;\n\t\t\t\t<ul class='page-numbers'>\n\t<li>1<\/li>\n\t<li><a href=\"https:\/\/arriveprepared.ca\/fr\/page\/2\/?page_id=16786&#038;fl_builder\">2<\/a><\/li>\n\t<li><a href=\"https:\/\/arriveprepared.ca\/fr\/page\/3\/?page_id=16786&#038;fl_builder\">3<\/a><\/li>\n\t<li>&#8230;<\/li>\n\t<li><a href=\"https:\/\/arriveprepared.ca\/fr\/page\/6\/?page_id=16786&#038;fl_builder\">6<\/a><\/li>\n\t<li><a href=\"https:\/\/arriveprepared.ca\/fr\/page\/2\/?page_id=16786&#038;fl_builder\">Suivant\u00a0\u00bb<\/a><\/li>\n<\/ul>\n\t\t<!-- .pp-content-posts -->\n\n","protected":false},"excerpt":{"rendered":"<p>Nouvelles de la SOPA, mises \u00e0 jour et histoires de clients Restez inform\u00e9 des derni\u00e8res mises \u00e0 jour avant votre arriv\u00e9e ! Explorez les nouvelles de la SOPA, les histoires&hellip;<\/p>\n","protected":false},"author":1,"featured_media":0,"parent":0,"menu_order":0,"comment_status":"closed","ping_status":"closed","template":"","meta":{"om_disable_all_campaigns":false,"_monsterinsights_skip_tracking":false,"_monsterinsights_sitenote_active":false,"_monsterinsights_sitenote_note":"","_monsterinsights_sitenote_category":0,"_uf_show_specific_survey":0,"_uf_disable_surveys":false,"footnotes":""},"class_list":["post-16786","page","type-page","status-publish","hentry"],"aioseo_notices":[],"jetpack_likes_enabled":false,"jetpack_sharing_enabled":true,"_links":{"self":[{"href":"https:\/\/arriveprepared.ca\/fr\/wp-json\/wp\/v2\/pages\/16786","targetHints":{"allow":["GET"]}}],"collection":[{"href":"https:\/\/arriveprepared.ca\/fr\/wp-json\/wp\/v2\/pages"}],"about":[{"href":"https:\/\/arriveprepared.ca\/fr\/wp-json\/wp\/v2\/types\/page"}],"author":[{"embeddable":true,"href":"https:\/\/arriveprepared.ca\/fr\/wp-json\/wp\/v2\/users\/1"}],"replies":[{"embeddable":true,"href":"https:\/\/arriveprepared.ca\/fr\/wp-json\/wp\/v2\/comments?post=16786"}],"version-history":[{"count":9,"href":"https:\/\/arriveprepared.ca\/fr\/wp-json\/wp\/v2\/pages\/16786\/revisions"}],"predecessor-version":[{"id":18588,"href":"https:\/\/arriveprepared.ca\/fr\/wp-json\/wp\/v2\/pages\/16786\/revisions\/18588"}],"wp:attachment":[{"href":"https:\/\/arriveprepared.ca\/fr\/wp-json\/wp\/v2\/media?parent=16786"}],"curies":[{"name":"wp","href":"https:\/\/api.w.org\/{rel}","templated":true}]}}