{"id":16784,"date":"2022-03-10T17:50:57","date_gmt":"2022-03-10T21:50:57","guid":{"rendered":"https:\/\/arriveprepared.ca\/register\/"},"modified":"2025-10-04T15:11:12","modified_gmt":"2025-10-04T18:11:12","slug":"sinscrire","status":"publish","type":"page","link":"https:\/\/arriveprepared.ca\/fr\/sinscrire\/","title":{"rendered":"Register"},"content":{"rendered":"\n<h1>\n\t\t\tVous avez \u00e9t\u00e9 approuv\u00e9 pour immigrer au Canada?\t<\/h1>\n\t<p>Une fois que vous vous serez inscrit au programme SOPA, nous vous fournirons gratuitement nos outils, nos ressources et nos cours. Nous vous aiderons \u00e0 \u00e9laborer un plan d&#8217;action et de carri\u00e8re qui vous permettra de trouver un emploi dans votre domaine au Canada. <\/p>\n<p>Inscrivez-vous d\u00e8s aujourd&#8217;hui !<\/p>\n\t\t\t<a href=\"https:\/\/arriveprepared.ca\/wp-content\/uploads\/2023\/06\/SOPA-INFOGRAPHIC-V2.pdf\" target=\"_blank\" rel=\"noopener\">\n\t\t\t\t\t\t\tVotre parcours SOPA\n\t\t\t\t\t<\/a>\n<h2  data-animation-delay=\"0\" data-animation-duration=\"1\">\n\t\t\tInscrivez-vous aujourd&#8217;hui\t<\/h2>\n\t<p>Arrivez avec une longueur d&#8217;avance. Les services avant l&#8217;arriv\u00e9e qui sont mis en place plus t\u00f4t dans votre parcours d&#8217;immigration vous aideront \u00e0 r\u00e9pondre efficacement \u00e0 vos besoins et \u00e0 \u00e9tablir des liens au sein de votre nouvelle communaut\u00e9 locale et entre les services avant et apr\u00e8s l&#8217;arriv\u00e9e.<\/p>\n<p>Le personnel du programme SOPA comprend l&#8217;importance d&#8217;une action et d&#8217;une pr\u00e9paration pr\u00e9coces, et nous sommes l\u00e0 pour vous soutenir \u00e0 chaque \u00e9tape du processus.<\/p>\nDans quelle province allez-vous ?\n<form name=\"dropdown\">\n\t<select name=\"selected\" id=\"target\" accesskey=\"E\">\n\t<option selected value=\"#\">Choisissez la province de destination&#8230;<\/option>\n\t<option value=\"https:\/\/cm2sopa.neworg.com\/Default.asp?PageNum=59\">L&#8217;Alberta<\/option>\n\t<option value=\"https:\/\/cm2sopa.neworg.com\/Default.asp?PageNum=59\">La Colombie-Britannique<\/option>\n\t<option value=\"https:\/\/cm2sopa.neworg.com\/Default.asp?PageNum=59\">Le Manitoba<\/option>\t\n\t<option value=\"https:\/\/cm2isans.neworg.com\/Default.asp?PageNum=49\">Le Nouveau Brunswick<\/option>\n\t<option value=\"https:\/\/cm2isans.neworg.com\/Default.asp?PageNum=49\">La Terre-Neuve et Labrador<\/option>\n\t<option value=\"https:\/\/cm2sopa.neworg.com\/Default.asp?PageNum=59\">Les Territoires du Nord-Ouest<\/option>\n\t<option value=\"https:\/\/cm2isans.neworg.com\/Default.asp?PageNum=49\">La Nouvelle-\u00c9cosse<\/option>\n\t<option value=\"https:\/\/cm2sopa.neworg.com\/Default.asp?PageNum=59\">Le Nunavut<\/option>\n\t<option value=\"https:\/\/cm2sopa.neworg.com\/Default.asp?PageNum=59\">L&#8217;Ontario<\/option>\n\t<option value=\"https:\/\/cm2isans.neworg.com\/Default.asp?PageNum=49\">\u00cele-du-Prince-\u00c9douard<\/option>\n\t<option value=\"https:\/\/cm2sopa.neworg.com\/Default.asp?PageNum=59\">La Saskatchewan<\/option>\n\t<option value=\"https:\/\/cm2sopa.neworg.com\/Default.asp?PageNum=59\">Le Yukon<\/option>\n\t\t<option value=\"https:\/\/cm2sopa.neworg.com\/Default.asp?PageNum=59\">Ne sait pas<\/option>\n\t<\/select> \n\t<br \/> \n\t<br \/> \n\t<input type=\"button\" value=\"Register\" onclick=\"goToNewPage(document.dropdown.selected)\"\/>\n<\/form>\n\t\t<iframe loading=\"lazy\" width=\"560\" height=\"315\" src=\"https:\/\/www.youtube.com\/embed\/YOXcliqYrxA?si=hGCM_lZnRKIySNdA\" title=\"YouTube video player\" frameborder=\"0\" allow=\"accelerometer; autoplay; clipboard-write; encrypted-media; gyroscope; picture-in-picture; web-share\" referrerpolicy=\"strict-origin-when-cross-origin\" allowfullscreen><\/iframe>\t\n\n","protected":false},"excerpt":{"rendered":"<p>Vous avez \u00e9t\u00e9 approuv\u00e9 pour immigrer au Canada? Une fois que vous vous serez inscrit au programme SOPA, nous vous fournirons gratuitement nos outils, nos ressources et nos cours. Nous&hellip;<\/p>\n","protected":false},"author":1,"featured_media":0,"parent":0,"menu_order":0,"comment_status":"closed","ping_status":"closed","template":"","meta":{"om_disable_all_campaigns":false,"_monsterinsights_skip_tracking":false,"_monsterinsights_sitenote_active":false,"_monsterinsights_sitenote_note":"","_monsterinsights_sitenote_category":0,"_uf_show_specific_survey":0,"_uf_disable_surveys":false,"footnotes":""},"class_list":["post-16784","page","type-page","status-publish","hentry"],"aioseo_notices":[],"jetpack_likes_enabled":false,"jetpack_sharing_enabled":true,"_links":{"self":[{"href":"https:\/\/arriveprepared.ca\/fr\/wp-json\/wp\/v2\/pages\/16784","targetHints":{"allow":["GET"]}}],"collection":[{"href":"https:\/\/arriveprepared.ca\/fr\/wp-json\/wp\/v2\/pages"}],"about":[{"href":"https:\/\/arriveprepared.ca\/fr\/wp-json\/wp\/v2\/types\/page"}],"author":[{"embeddable":true,"href":"https:\/\/arriveprepared.ca\/fr\/wp-json\/wp\/v2\/users\/1"}],"replies":[{"embeddable":true,"href":"https:\/\/arriveprepared.ca\/fr\/wp-json\/wp\/v2\/comments?post=16784"}],"version-history":[{"count":9,"href":"https:\/\/arriveprepared.ca\/fr\/wp-json\/wp\/v2\/pages\/16784\/revisions"}],"predecessor-version":[{"id":19339,"href":"https:\/\/arriveprepared.ca\/fr\/wp-json\/wp\/v2\/pages\/16784\/revisions\/19339"}],"wp:attachment":[{"href":"https:\/\/arriveprepared.ca\/fr\/wp-json\/wp\/v2\/media?parent=16784"}],"curies":[{"name":"wp","href":"https:\/\/api.w.org\/{rel}","templated":true}]}}