{"id":16781,"date":"2021-07-20T14:59:03","date_gmt":"2021-07-20T14:59:03","guid":{"rendered":"https:\/\/arriveprepared.ca\/histoires-de-reussite\/"},"modified":"2022-08-17T11:58:52","modified_gmt":"2022-08-17T11:58:52","slug":"histoires-de-reussite","status":"publish","type":"page","link":"https:\/\/arriveprepared.ca\/fr\/histoires-de-reussite\/","title":{"rendered":"Histoires de r\u00e9ussite"},"content":{"rendered":"\n<h2>\n\t\tHistoires de r\u00e9ussite\n\t<\/h2>\n\t<p>Le programme SOPA a \u00e9t\u00e9 cr\u00e9\u00e9 pour aider les immigrants \u00e0 arriver pr\u00e9par\u00e9s gr\u00e2ce \u00e0 des cours et des services exceptionnels.<\/p>\n<p>Chaque histoire est diff\u00e9rente et unique. Nous esp\u00e9rons que la lecture de ces histoires vous inspirera.<\/p>\n\t\t\t<a href=\"https:\/\/arriveprepared.ca\/fr\/cours-et-services\/\" target=\"_blank\" role=\"button\" rel=\"noopener\">\n\t\t\t\t\t\t\tCours et services\n\t\t\t\t\t<\/a>\n\t\t\t<a href=\"https:\/\/arriveprepared.ca\/fr\/suis-je-eligible\/\" target=\"_self\" role=\"button\" rel=\"noopener\">\n\t\t\t\t\t\t\tSuis-je \u00e9ligible?\n\t\t\t\t\t<\/a>\n\t\tTous\n\t<ul>\n\t\t<li data-filter=\"*\" tabindex=\"0\" aria-label=\"Tous\">Tous<\/li><li data-filter=\".category-temoignage-dun-client-de-sopa\" data-term=\"temoignage-dun-client-de-sopa\" data-item-count=\"37\" tabindex=\"0\" aria-label=\"T\u00e9moignage d'un client de SOPA\">T\u00e9moignage d&#8217;un client de SOPA<\/li>\t<\/ul>\n\t<meta itemscope itemprop=\"mainEntityOfPage\" itemtype=\"https:\/\/schema.org\/WebPage\" itemid=\"https:\/\/arriveprepared.ca\/fr\/2022\/03\/02\/comment-jai-reussi-mon-premier-entretien-au-canada\/\" content=\"Comment j&rsquo;ai r\u00e9ussi mon premier entretien au Canada\" \/><meta itemprop=\"datePublished\" content=\"2022-03-02\" \/><meta itemprop=\"dateModified\" content=\"2022-03-02\" \/><meta itemprop=\"name\" content=\"Settlement Online Pre-Arrival (SOPA)\"\/><meta itemprop=\"url\" content=\"https:\/\/arriveprepared.ca\/wp-content\/uploads\/2021\/07\/SOPA-final_full-colour-e1626697811955.png\"\/><meta itemprop=\"url\" content=\"https:\/\/arriveprepared.ca\/fr\/author\/aziatdinova\/\" \/><meta itemprop=\"name\" content=\"Albina Ziatdinova\" \/><meta itemprop=\"url\" content=\"https:\/\/arriveprepared.ca\/wp-content\/uploads\/2022\/03\/Adeshola-Afolabi-Blog-Banner.png\" \/><meta itemprop=\"width\" content=\"2240\" \/><meta itemprop=\"height\" content=\"1260\" \/><meta itemprop=\"interactionType\" content=\"https:\/\/schema.org\/CommentAction\" \/><meta itemprop=\"userInteractionCount\" content=\"0\" \/>\n\t\t\t\t\t<a href=\"https:\/\/arriveprepared.ca\/fr\/2022\/03\/02\/comment-jai-reussi-mon-premier-entretien-au-canada\/\" title=\"Comment j&rsquo;ai r\u00e9ussi mon premier entretien au Canada\"><\/a>\n\t\t\t\t<img decoding=\"async\" src=\"https:\/\/eph3uviheph.exactdn.com\/wp-content\/uploads\/bb-plugin\/cache\/Adeshola-Afolabi-Blog-Banner-1024x576-landscape.png?strip=all&resize=1024%2C576\" alt=\"Adeshola Afolabi Blog Banner\" itemprop=\"image\" data-no-lazy=\"1\" height=\"576\" width=\"1024\" title=\"Adeshola Afolabi Blog Banner\" onerror=\"this.style.display='none'\"  \/>\n\t\t\t\t\t\t\t\t\t<h3 itemprop=\"headline\">\n\t\t\t\t\t\t\t\t\t\t\t\t\t\tComment j&rsquo;ai r\u00e9ussi mon premier entretien au Canada\t\t\t\t\t\t\t\t\t\t\t<\/h3>\n\t\t\t2, mars  2022\t\t\t\t\t\t\n    Je suis Adeshola Afolabi, un r\u00e9sident permanent qui a r\u00e9cemment d\u00e9m\u00e9nag\u00e9 de Lagos, au Nigeria, \u00e0 Toronto, en Ontario. J&#8217;ai appris l&#8217;existence de la SOPA lorsque j&#8217;ai re\u00e7u mon courrier&#8230;\n\t<meta itemscope itemprop=\"mainEntityOfPage\" itemtype=\"https:\/\/schema.org\/WebPage\" itemid=\"https:\/\/arriveprepared.ca\/fr\/2022\/02\/02\/vaincre-les-obstacles-sinstaller-a-calgary-pendant-la-pandemie-partie-2\/\" content=\"Vaincre les obstacles : S&rsquo;installer \u00e0 Calgary pendant la pand\u00e9mie (partie 2)\" \/><meta itemprop=\"datePublished\" content=\"2022-02-02\" \/><meta itemprop=\"dateModified\" content=\"2022-02-02\" \/><meta itemprop=\"name\" content=\"Settlement Online Pre-Arrival (SOPA)\"\/><meta itemprop=\"url\" content=\"https:\/\/arriveprepared.ca\/wp-content\/uploads\/2021\/07\/SOPA-final_full-colour-e1626697811955.png\"\/><meta itemprop=\"url\" content=\"https:\/\/arriveprepared.ca\/fr\/author\/aziatdinova\/\" \/><meta itemprop=\"name\" content=\"Albina Ziatdinova\" \/><meta itemprop=\"url\" content=\"https:\/\/arriveprepared.ca\/wp-content\/uploads\/2022\/02\/Beat-the-odds-Blog-Banner-1.png\" \/><meta itemprop=\"width\" content=\"2240\" \/><meta itemprop=\"height\" content=\"1260\" \/><meta itemprop=\"interactionType\" content=\"https:\/\/schema.org\/CommentAction\" \/><meta itemprop=\"userInteractionCount\" content=\"0\" \/>\n\t\t\t\t\t<a href=\"https:\/\/arriveprepared.ca\/fr\/2022\/02\/02\/vaincre-les-obstacles-sinstaller-a-calgary-pendant-la-pandemie-partie-2\/\" title=\"Vaincre les obstacles : S&rsquo;installer \u00e0 Calgary pendant la pand\u00e9mie (partie 2)\"><\/a>\n\t\t\t\t<img decoding=\"async\" src=\"https:\/\/eph3uviheph.exactdn.com\/wp-content\/uploads\/bb-plugin\/cache\/Beat-the-odds-Blog-Banner-1-1024x576-landscape.png?strip=all&resize=1024%2C576\" alt=\"Beat the odds Blog Banner-1\" itemprop=\"image\" data-no-lazy=\"1\" height=\"576\" width=\"1024\" title=\"Beat the odds Blog Banner-1\" onerror=\"this.style.display='none'\"  \/>\n\t\t\t\t\t\t\t\t\t<h3 itemprop=\"headline\">\n\t\t\t\t\t\t\t\t\t\t\t\t\t\tVaincre les obstacles : S&rsquo;installer \u00e0 Calgary pendant la pand\u00e9mie (partie 2)\t\t\t\t\t\t\t\t\t\t\t<\/h3>\n\t\t\t2, f\u00e9vrier  2022\t\t\t\t\t\t\n    Je m&#8217;excuse que la deuxi\u00e8me partie de mon blog arrive beaucoup plus tard que pr\u00e9vu. Cela fait un an que la premi\u00e8re partie de mon billet d&#8217;invit\u00e9 a \u00e9t\u00e9 publi\u00e9e&#8230;\n\t<meta itemscope itemprop=\"mainEntityOfPage\" itemtype=\"https:\/\/schema.org\/WebPage\" itemid=\"https:\/\/arriveprepared.ca\/fr\/2022\/01\/13\/sidra-mobin-opportunite-dapprentissage\/\" content=\"Sidra Mobin : opportunit\u00e9 d&rsquo;apprentissage\" \/><meta itemprop=\"datePublished\" content=\"2022-01-13\" \/><meta itemprop=\"dateModified\" content=\"2022-01-13\" \/><meta itemprop=\"name\" content=\"Settlement Online Pre-Arrival (SOPA)\"\/><meta itemprop=\"url\" content=\"https:\/\/arriveprepared.ca\/wp-content\/uploads\/2021\/07\/SOPA-final_full-colour-e1626697811955.png\"\/><meta itemprop=\"url\" content=\"https:\/\/arriveprepared.ca\/fr\/author\/aziatdinova\/\" \/><meta itemprop=\"name\" content=\"Albina Ziatdinova\" \/><meta itemprop=\"url\" content=\"https:\/\/arriveprepared.ca\/wp-content\/uploads\/2022\/01\/Sidra-Mobin-Blog-Banner-1.png\" \/><meta itemprop=\"width\" content=\"2240\" \/><meta itemprop=\"height\" content=\"1260\" \/><meta itemprop=\"interactionType\" content=\"https:\/\/schema.org\/CommentAction\" \/><meta itemprop=\"userInteractionCount\" content=\"0\" \/>\n\t\t\t\t\t<a href=\"https:\/\/arriveprepared.ca\/fr\/2022\/01\/13\/sidra-mobin-opportunite-dapprentissage\/\" title=\"Sidra Mobin : opportunit\u00e9 d&rsquo;apprentissage\"><\/a>\n\t\t\t\t<img decoding=\"async\" src=\"https:\/\/eph3uviheph.exactdn.com\/wp-content\/uploads\/bb-plugin\/cache\/Sidra-Mobin-Blog-Banner-1-1024x576-landscape.png?strip=all&resize=1024%2C576\" alt=\"Sidra Mobin Blog Banner-1\" itemprop=\"image\" data-no-lazy=\"1\" height=\"576\" width=\"1024\" title=\"Sidra Mobin Blog Banner-1\" onerror=\"this.style.display='none'\"  \/>\n\t\t\t\t\t\t\t\t\t<h3 itemprop=\"headline\">\n\t\t\t\t\t\t\t\t\t\t\t\t\t\tSidra Mobin : opportunit\u00e9 d&rsquo;apprentissage\t\t\t\t\t\t\t\t\t\t\t<\/h3>\n\t\t\t13, janvier  2022\t\t\t\t\t\t\n    Sidra Mobin est originaire de Karachi, au Pakistan. Elle a atterri en Colombie-Britannique le 28 juin 2020 &#8211; pendant la pand\u00e9mie. Sidra \u00e9tait toute seule et ne connaissait personne en&#8230;\n\t<meta itemscope itemprop=\"mainEntityOfPage\" itemtype=\"https:\/\/schema.org\/WebPage\" itemid=\"https:\/\/arriveprepared.ca\/fr\/2021\/12\/15\/les-cours-sur-la-sopa-font-mouche\/\" content=\"Les cours sur la SOPA font mouche\" \/><meta itemprop=\"datePublished\" content=\"2021-12-15\" \/><meta itemprop=\"dateModified\" content=\"2021-12-15\" \/><meta itemprop=\"name\" content=\"Settlement Online Pre-Arrival (SOPA)\"\/><meta itemprop=\"url\" content=\"https:\/\/arriveprepared.ca\/wp-content\/uploads\/2021\/07\/SOPA-final_full-colour-e1626697811955.png\"\/><meta itemprop=\"url\" content=\"https:\/\/arriveprepared.ca\/fr\/author\/aziatdinova\/\" \/><meta itemprop=\"name\" content=\"Albina Ziatdinova\" \/><meta itemprop=\"url\" content=\"https:\/\/arriveprepared.ca\/wp-content\/uploads\/2021\/12\/SOPA-Courses-Hit-the-nail-on-the-head-Blog-Banner-1.png\" \/><meta itemprop=\"width\" content=\"2240\" \/><meta itemprop=\"height\" content=\"1260\" \/><meta itemprop=\"interactionType\" content=\"https:\/\/schema.org\/CommentAction\" \/><meta itemprop=\"userInteractionCount\" content=\"0\" \/>\n\t\t\t\t\t<a href=\"https:\/\/arriveprepared.ca\/fr\/2021\/12\/15\/les-cours-sur-la-sopa-font-mouche\/\" title=\"Les cours sur la SOPA font mouche\"><\/a>\n\t\t\t\t<img decoding=\"async\" src=\"https:\/\/eph3uviheph.exactdn.com\/wp-content\/uploads\/bb-plugin\/cache\/SOPA-Courses-Hit-the-nail-on-the-head-Blog-Banner-1-1024x576-landscape.png?strip=all&resize=1024%2C576\" alt=\"SOPA Courses Hit the nail on the head (Blog Banner)-1\" itemprop=\"image\" data-no-lazy=\"1\" height=\"576\" width=\"1024\" title=\"SOPA Courses Hit the nail on the head (Blog Banner)-1\" onerror=\"this.style.display='none'\"  \/>\n\t\t\t\t\t\t\t\t\t<h3 itemprop=\"headline\">\n\t\t\t\t\t\t\t\t\t\t\t\t\t\tLes cours sur la SOPA font mouche\t\t\t\t\t\t\t\t\t\t\t<\/h3>\n\t\t\t15, d\u00e9cembre  2021\t\t\t\t\t\t\n    Lydia Ogunoye a rejoint le programme SOPA alors qu&#8217;elle se trouvait encore dans son pays d&#8217;origine et qu&#8217;elle pr\u00e9parait son immigration au Canada. Lorsque vous d\u00e9m\u00e9nagez dans un nouveau pays,&#8230;\n\t<meta itemscope itemprop=\"mainEntityOfPage\" itemtype=\"https:\/\/schema.org\/WebPage\" itemid=\"https:\/\/arriveprepared.ca\/fr\/2021\/08\/11\/je-millumine-quand-je-parle-de-sopa\/\" content=\"Je m&rsquo;illumine quand je parle de SOPA.\" \/><meta itemprop=\"datePublished\" content=\"2021-08-11\" \/><meta itemprop=\"dateModified\" content=\"2021-08-11\" \/><meta itemprop=\"name\" content=\"Settlement Online Pre-Arrival (SOPA)\"\/><meta itemprop=\"url\" content=\"https:\/\/arriveprepared.ca\/wp-content\/uploads\/2021\/07\/SOPA-final_full-colour-e1626697811955.png\"\/><meta itemprop=\"url\" content=\"https:\/\/arriveprepared.ca\/fr\/author\/aziatdinova\/\" \/><meta itemprop=\"name\" content=\"Albina Ziatdinova\" \/><meta itemprop=\"interactionType\" content=\"https:\/\/schema.org\/CommentAction\" \/><meta itemprop=\"userInteractionCount\" content=\"0\" \/>\n\t\t\t\t\t<a href=\"https:\/\/arriveprepared.ca\/fr\/2021\/08\/11\/je-millumine-quand-je-parle-de-sopa\/\" title=\"Je m&rsquo;illumine quand je parle de SOPA.\"><\/a>\n\t\t\t\t<img decoding=\"async\" src=\"https:\/\/eph3uviheph.exactdn.com\/wp-content\/uploads\/bb-plugin\/cache\/placeholder-landscape.jpg?strip=all&w=1920\" alt=\"\" itemprop=\"image\" data-no-lazy=\"1\" onerror=\"this.style.display='none'\"  \/>\n\t\t\t\t\t\t\t\t\t<h3 itemprop=\"headline\">\n\t\t\t\t\t\t\t\t\t\t\t\t\t\tJe m&rsquo;illumine quand je parle de SOPA.\t\t\t\t\t\t\t\t\t\t\t<\/h3>\n\t\t\t11, ao\u00fbt  2021\t\t\t\t\t\t\n    Astrid Ene est arriv\u00e9e au Canada avec son mari en janvier 2017.. Apr\u00e8s avoir pass\u00e9 quelque temps \u00e0 Montr\u00e9al, ils sont maintenant install\u00e9s dans leur province de destination d&#8217;origine, l&#8217;Ontario&#8230;.\n\t<meta itemscope itemprop=\"mainEntityOfPage\" itemtype=\"https:\/\/schema.org\/WebPage\" itemid=\"https:\/\/arriveprepared.ca\/fr\/2021\/06\/30\/quand-vos-objectifs-professionnels-prennent-un-nouveau-tournant-au-canada\/\" content=\"Quand vos objectifs professionnels prennent un nouveau tournant au Canada\" \/><meta itemprop=\"datePublished\" content=\"2021-06-30\" \/><meta itemprop=\"dateModified\" content=\"2021-06-30\" \/><meta itemprop=\"name\" content=\"Settlement Online Pre-Arrival (SOPA)\"\/><meta itemprop=\"url\" content=\"https:\/\/arriveprepared.ca\/wp-content\/uploads\/2021\/07\/SOPA-final_full-colour-e1626697811955.png\"\/><meta itemprop=\"url\" content=\"https:\/\/arriveprepared.ca\/fr\/author\/aziatdinova\/\" \/><meta itemprop=\"name\" content=\"Albina Ziatdinova\" \/><meta itemprop=\"url\" content=\"https:\/\/arriveprepared.ca\/wp-content\/uploads\/2021\/06\/When-your-Canadian-dreams-take-a-new-turn-visual-for-blog-Amani-Kattan-3.png\" \/><meta itemprop=\"width\" content=\"1920\" \/><meta itemprop=\"height\" content=\"1080\" \/><meta itemprop=\"interactionType\" content=\"https:\/\/schema.org\/CommentAction\" \/><meta itemprop=\"userInteractionCount\" content=\"0\" \/>\n\t\t\t\t\t<a href=\"https:\/\/arriveprepared.ca\/fr\/2021\/06\/30\/quand-vos-objectifs-professionnels-prennent-un-nouveau-tournant-au-canada\/\" title=\"Quand vos objectifs professionnels prennent un nouveau tournant au Canada\"><\/a>\n\t\t\t\t<img decoding=\"async\" src=\"https:\/\/eph3uviheph.exactdn.com\/wp-content\/uploads\/bb-plugin\/cache\/When-your-Canadian-dreams-take-a-new-turn-visual-for-blog-Amani-Kattan-3-1024x576-landscape.png?strip=all&resize=1024%2C576\" alt=\"A woman in a scarf with a background laptop and scales.\" itemprop=\"image\" data-no-lazy=\"1\" height=\"576\" width=\"1024\" title=\"When your Canadian dreams take a new turn visual for blog Amani Kattan 3\" onerror=\"this.style.display='none'\"  \/>\n\t\t\t\t\t\t\t\t\t<h3 itemprop=\"headline\">\n\t\t\t\t\t\t\t\t\t\t\t\t\t\tQuand vos objectifs professionnels prennent un nouveau tournant au Canada\t\t\t\t\t\t\t\t\t\t\t<\/h3>\n\t\t\t30, juin  2021\t\t\t\t\t\t\n    La recherche d&#8217;un emploi au Canada n&#8217;est pas toujours parfaite pour les nouveaux arrivants. Les d\u00e9buts peuvent \u00eatre difficiles, et c&#8217;est l\u00e0 que l&#8217;\u00e9laboration de votre strat\u00e9gie de recherche d&#8217;emploi&#8230;\n\t<meta itemscope itemprop=\"mainEntityOfPage\" itemtype=\"https:\/\/schema.org\/WebPage\" itemid=\"https:\/\/arriveprepared.ca\/fr\/2021\/06\/08\/les-reves-canadiens-senvolent\/\" content=\"Les r\u00eaves canadiens s&rsquo;envolent\" \/><meta itemprop=\"datePublished\" content=\"2021-06-08\" \/><meta itemprop=\"dateModified\" content=\"2021-06-08\" \/><meta itemprop=\"name\" content=\"Settlement Online Pre-Arrival (SOPA)\"\/><meta itemprop=\"url\" content=\"https:\/\/arriveprepared.ca\/wp-content\/uploads\/2021\/07\/SOPA-final_full-colour-e1626697811955.png\"\/><meta itemprop=\"url\" content=\"https:\/\/arriveprepared.ca\/fr\/author\/aziatdinova\/\" \/><meta itemprop=\"name\" content=\"Albina Ziatdinova\" \/><meta itemprop=\"url\" content=\"https:\/\/arriveprepared.ca\/wp-content\/uploads\/2021\/06\/Canadian-Dreams-Take-Flight-Blog-visual.png\" \/><meta itemprop=\"width\" content=\"1920\" \/><meta itemprop=\"height\" content=\"1080\" \/><meta itemprop=\"interactionType\" content=\"https:\/\/schema.org\/CommentAction\" \/><meta itemprop=\"userInteractionCount\" content=\"0\" \/>\n\t\t\t\t\t<a href=\"https:\/\/arriveprepared.ca\/fr\/2021\/06\/08\/les-reves-canadiens-senvolent\/\" title=\"Les r\u00eaves canadiens s&rsquo;envolent\"><\/a>\n\t\t\t\t<img decoding=\"async\" src=\"https:\/\/eph3uviheph.exactdn.com\/wp-content\/uploads\/bb-plugin\/cache\/Canadian-Dreams-Take-Flight-Blog-visual-1024x576-landscape.png?strip=all&resize=1024%2C576\" alt=\"Canadian Dreams Take Flight Blog visual\" itemprop=\"image\" data-no-lazy=\"1\" height=\"576\" width=\"1024\" title=\"Canadian Dreams Take Flight Blog visual\" onerror=\"this.style.display='none'\"  \/>\n\t\t\t\t\t\t\t\t\t<h3 itemprop=\"headline\">\n\t\t\t\t\t\t\t\t\t\t\t\t\t\tLes r\u00eaves canadiens s&rsquo;envolent\t\t\t\t\t\t\t\t\t\t\t<\/h3>\n\t\t\t8, juin  2021\t\t\t\t\t\t\n    Il faut plus qu&#8217;un r\u00eave pour construire un avenir dans un nouveau pays. Daniel Momodu le sait de premi\u00e8re main. Il a compris que la planification minutieuse, le travail acharn\u00e9&#8230;\n\t<meta itemscope itemprop=\"mainEntityOfPage\" itemtype=\"https:\/\/schema.org\/WebPage\" itemid=\"https:\/\/arriveprepared.ca\/fr\/2021\/04\/06\/concentration-et-devouement-des-cles-importantes-pour-reussir\/\" content=\"Concentration et d\u00e9vouement : Des cl\u00e9s importantes pour r\u00e9ussir\" \/><meta itemprop=\"datePublished\" content=\"2021-04-06\" \/><meta itemprop=\"dateModified\" content=\"2021-04-06\" \/><meta itemprop=\"name\" content=\"Settlement Online Pre-Arrival (SOPA)\"\/><meta itemprop=\"url\" content=\"https:\/\/arriveprepared.ca\/wp-content\/uploads\/2021\/07\/SOPA-final_full-colour-e1626697811955.png\"\/><meta itemprop=\"url\" content=\"https:\/\/arriveprepared.ca\/fr\/author\/aziatdinova\/\" \/><meta itemprop=\"name\" content=\"Albina Ziatdinova\" \/><meta itemprop=\"url\" content=\"https:\/\/arriveprepared.ca\/wp-content\/uploads\/2021\/04\/Focus-and-Dedication-Important-Keys-to-Success-1.png\" \/><meta itemprop=\"width\" content=\"1920\" \/><meta itemprop=\"height\" content=\"1080\" \/><meta itemprop=\"interactionType\" content=\"https:\/\/schema.org\/CommentAction\" \/><meta itemprop=\"userInteractionCount\" content=\"0\" \/>\n\t\t\t\t\t<a href=\"https:\/\/arriveprepared.ca\/fr\/2021\/04\/06\/concentration-et-devouement-des-cles-importantes-pour-reussir\/\" title=\"Concentration et d\u00e9vouement : Des cl\u00e9s importantes pour r\u00e9ussir\"><\/a>\n\t\t\t\t<img decoding=\"async\" src=\"https:\/\/eph3uviheph.exactdn.com\/wp-content\/uploads\/bb-plugin\/cache\/Focus-and-Dedication-Important-Keys-to-Success-1-1024x576-landscape.png?strip=all&resize=1024%2C576\" alt=\"Focus and Dedication Important Keys to Success-1\" itemprop=\"image\" data-no-lazy=\"1\" height=\"576\" width=\"1024\" title=\"Focus and Dedication Important Keys to Success-1\" onerror=\"this.style.display='none'\"  \/>\n\t\t\t\t\t\t\t\t\t<h3 itemprop=\"headline\">\n\t\t\t\t\t\t\t\t\t\t\t\t\t\tConcentration et d\u00e9vouement : Des cl\u00e9s importantes pour r\u00e9ussir\t\t\t\t\t\t\t\t\t\t\t<\/h3>\n\t\t\t6, avril  2021\t\t\t\t\t\t\n    Lorsque Dinny Mathew s&#8217;est inscrite pour la premi\u00e8re fois aux cours de SOPA \u00e0 la recherche d&#8217;un emploi au Canada, elle s&#8217;est distingu\u00e9e. Avec plus de dix ans d&#8217;exp\u00e9rience dans&#8230;\n\t<meta itemscope itemprop=\"mainEntityOfPage\" itemtype=\"https:\/\/schema.org\/WebPage\" itemid=\"https:\/\/arriveprepared.ca\/fr\/2021\/03\/16\/alaa-alsafadi-les-petits-pas-vers-le-succes-au-canada\/\" content=\"Alaa Alsafadi : Les petits pas vers le succ\u00e8s au Canada\" \/><meta itemprop=\"datePublished\" content=\"2021-03-16\" \/><meta itemprop=\"dateModified\" content=\"2021-03-16\" \/><meta itemprop=\"name\" content=\"Settlement Online Pre-Arrival (SOPA)\"\/><meta itemprop=\"url\" content=\"https:\/\/arriveprepared.ca\/wp-content\/uploads\/2021\/07\/SOPA-final_full-colour-e1626697811955.png\"\/><meta itemprop=\"url\" content=\"https:\/\/arriveprepared.ca\/fr\/author\/aziatdinova\/\" \/><meta itemprop=\"name\" content=\"Albina Ziatdinova\" \/><meta itemprop=\"url\" content=\"https:\/\/arriveprepared.ca\/wp-content\/uploads\/2021\/03\/Alaa-Alsafadi-Small-Steps-To-Success-In-Canada.png\" \/><meta itemprop=\"width\" content=\"1920\" \/><meta itemprop=\"height\" content=\"1080\" \/><meta itemprop=\"interactionType\" content=\"https:\/\/schema.org\/CommentAction\" \/><meta itemprop=\"userInteractionCount\" content=\"0\" \/>\n\t\t\t\t\t<a href=\"https:\/\/arriveprepared.ca\/fr\/2021\/03\/16\/alaa-alsafadi-les-petits-pas-vers-le-succes-au-canada\/\" title=\"Alaa Alsafadi : Les petits pas vers le succ\u00e8s au Canada\"><\/a>\n\t\t\t\t<img decoding=\"async\" src=\"https:\/\/eph3uviheph.exactdn.com\/wp-content\/uploads\/bb-plugin\/cache\/Alaa-Alsafadi-Small-Steps-To-Success-In-Canada-1024x576-landscape.png?strip=all&resize=1024%2C576\" alt=\"Alaa Alsafadi Small Steps To Success In Canada\" itemprop=\"image\" data-no-lazy=\"1\" height=\"576\" width=\"1024\" title=\"Alaa Alsafadi Small Steps To Success In Canada\" onerror=\"this.style.display='none'\"  \/>\n\t\t\t\t\t\t\t\t\t<h3 itemprop=\"headline\">\n\t\t\t\t\t\t\t\t\t\t\t\t\t\tAlaa Alsafadi : Les petits pas vers le succ\u00e8s au Canada\t\t\t\t\t\t\t\t\t\t\t<\/h3>\n\t\t\t16, mars  2021\t\t\t\t\t\t\n    Mon parcours avec SOPA* a commenc\u00e9 en ao\u00fbt 2019, j&#8217;ai alors re\u00e7u une lettre d&#8217;IRCC m&#8217;indiquant que je suis autoris\u00e9 \u00e0 utiliser les services de pr\u00e9-arriv\u00e9e. J&#8217;ai communiqu\u00e9 avec le&#8230;\n\t<meta itemscope itemprop=\"mainEntityOfPage\" itemtype=\"https:\/\/schema.org\/WebPage\" itemid=\"https:\/\/arriveprepared.ca\/fr\/2019\/01\/08\/soyez-proactif-posez-des-questions-restez-positif-et-nabandonnez-jamais\/\" content=\"Soyez proactif, posez des questions, restez positif et n&rsquo;abandonnez jamais.\" \/><meta itemprop=\"datePublished\" content=\"2019-01-08\" \/><meta itemprop=\"dateModified\" content=\"2022-05-20\" \/><meta itemprop=\"name\" content=\"Settlement Online Pre-Arrival (SOPA)\"\/><meta itemprop=\"url\" content=\"https:\/\/arriveprepared.ca\/wp-content\/uploads\/2021\/07\/SOPA-final_full-colour-e1626697811955.png\"\/><meta itemprop=\"url\" content=\"https:\/\/arriveprepared.ca\/fr\/author\/sopaadmin\/\" \/><meta itemprop=\"name\" content=\"sopaadmin\" \/><meta itemprop=\"url\" content=\"https:\/\/arriveprepared.ca\/wp-content\/uploads\/2019\/01\/Linda-Okafor-Blog-for-SOPA-upd.png\" \/><meta itemprop=\"width\" content=\"1920\" \/><meta itemprop=\"height\" content=\"1080\" \/><meta itemprop=\"interactionType\" content=\"https:\/\/schema.org\/CommentAction\" \/><meta itemprop=\"userInteractionCount\" content=\"0\" \/>\n\t\t\t\t\t<a href=\"https:\/\/arriveprepared.ca\/fr\/2019\/01\/08\/soyez-proactif-posez-des-questions-restez-positif-et-nabandonnez-jamais\/\" title=\"Soyez proactif, posez des questions, restez positif et n&rsquo;abandonnez jamais.\"><\/a>\n\t\t\t\t<img decoding=\"async\" src=\"https:\/\/eph3uviheph.exactdn.com\/wp-content\/uploads\/bb-plugin\/cache\/Linda-Okafor-Blog-for-SOPA-upd-1024x576-landscape.png?strip=all&resize=1024%2C576\" alt=\"Linda Okafor Blog for SOPA upd\" itemprop=\"image\" data-no-lazy=\"1\" height=\"576\" width=\"1024\" title=\"Linda Okafor Blog for SOPA upd\" onerror=\"this.style.display='none'\"  \/>\n\t\t\t\t\t\t\t\t\t<h3 itemprop=\"headline\">\n\t\t\t\t\t\t\t\t\t\t\t\t\t\tSoyez proactif, posez des questions, restez positif et n&rsquo;abandonnez jamais.\t\t\t\t\t\t\t\t\t\t\t<\/h3>\n\t\t\t8, janvier  2019\t\t\t\t\t\t\n    &#13; &#8220;Je pense que parce que je voulais m&#8217;int\u00e9grer dans la soci\u00e9t\u00e9 canadienne et trouver un emploi dans mon domaine, je me suis arm\u00e9e de beaucoup de ressources pendant mon&#8230;\n\t\t\t\t<ul class='page-numbers'>\n\t<li>1<\/li>\n\t<li><a href=\"https:\/\/arriveprepared.ca\/fr\/page\/2\/?page_id=16781&#038;fl_builder\">2<\/a><\/li>\n\t<li><a href=\"https:\/\/arriveprepared.ca\/fr\/page\/3\/?page_id=16781&#038;fl_builder\">3<\/a><\/li>\n\t<li><a href=\"https:\/\/arriveprepared.ca\/fr\/page\/4\/?page_id=16781&#038;fl_builder\">4<\/a><\/li>\n\t<li><a href=\"https:\/\/arriveprepared.ca\/fr\/page\/2\/?page_id=16781&#038;fl_builder\">Suivant\u00a0\u00bb<\/a><\/li>\n<\/ul>\n\t\t<!-- .pp-content-posts -->\n\n","protected":false},"excerpt":{"rendered":"<p>Histoires de r\u00e9ussite Le programme SOPA a \u00e9t\u00e9 cr\u00e9\u00e9 pour aider les immigrants \u00e0 arriver pr\u00e9par\u00e9s gr\u00e2ce \u00e0 des cours et des services exceptionnels. Chaque histoire est diff\u00e9rente et unique.&hellip;<\/p>\n","protected":false},"author":1,"featured_media":0,"parent":0,"menu_order":0,"comment_status":"closed","ping_status":"closed","template":"","meta":{"om_disable_all_campaigns":false,"_monsterinsights_skip_tracking":false,"_monsterinsights_sitenote_active":false,"_monsterinsights_sitenote_note":"","_monsterinsights_sitenote_category":0,"_uf_show_specific_survey":0,"_uf_disable_surveys":false,"footnotes":""},"class_list":["post-16781","page","type-page","status-publish","hentry"],"aioseo_notices":[],"jetpack_likes_enabled":false,"jetpack_sharing_enabled":true,"_links":{"self":[{"href":"https:\/\/arriveprepared.ca\/fr\/wp-json\/wp\/v2\/pages\/16781","targetHints":{"allow":["GET"]}}],"collection":[{"href":"https:\/\/arriveprepared.ca\/fr\/wp-json\/wp\/v2\/pages"}],"about":[{"href":"https:\/\/arriveprepared.ca\/fr\/wp-json\/wp\/v2\/types\/page"}],"author":[{"embeddable":true,"href":"https:\/\/arriveprepared.ca\/fr\/wp-json\/wp\/v2\/users\/1"}],"replies":[{"embeddable":true,"href":"https:\/\/arriveprepared.ca\/fr\/wp-json\/wp\/v2\/comments?post=16781"}],"version-history":[{"count":5,"href":"https:\/\/arriveprepared.ca\/fr\/wp-json\/wp\/v2\/pages\/16781\/revisions"}],"predecessor-version":[{"id":17012,"href":"https:\/\/arriveprepared.ca\/fr\/wp-json\/wp\/v2\/pages\/16781\/revisions\/17012"}],"wp:attachment":[{"href":"https:\/\/arriveprepared.ca\/fr\/wp-json\/wp\/v2\/media?parent=16781"}],"curies":[{"name":"wp","href":"https:\/\/api.w.org\/{rel}","templated":true}]}}