{"id":16779,"date":"2021-08-04T17:14:39","date_gmt":"2021-08-04T20:14:39","guid":{"rendered":"https:\/\/arriveprepared.ca\/partenaires\/"},"modified":"2025-10-04T14:42:18","modified_gmt":"2025-10-04T17:42:18","slug":"partenaires","status":"publish","type":"page","link":"https:\/\/arriveprepared.ca\/fr\/partenaires\/","title":{"rendered":"Partenaires SOPA"},"content":{"rendered":"\n<h2>\n\t\tPartenaires de SOPA ailleurs au Canada\n\t<\/h2>\n\n\t<p>SOPA (c.\u00e0.d. les services en ligne d&#8217;\u00e9tablissement avant l&#8217;arriv\u00e9e, de l&#8217;angl. Settlement Online Pre-arrival) est un partenariat national entre 6 agences d&#8217;\u00e9tablissement canadiennes qui proposent un programme de pr\u00e9-arriv\u00e9e gratuit, en ligne, flexible, complet et reconnu, d\u00e9di\u00e9 \u00e0 l&#8217;int\u00e9gration \u00e9conomique des immigrants qui sont pr\u00eats \u00e0 faire partie de la main d&#8217;\u0153uvre canadienne.<\/p>\n\t<p>Chaque partenaire de SOPA offre une formation dans un contexte local afin de cr\u00e9er un pont entre les immigrants avant leur arriv\u00e9e et leurs communaut\u00e9s d&#8217;accueil. En participant au programme SOPA, vous arriverez au Canada mieux pr\u00e9par\u00e9, vous b\u00e9n\u00e9ficierez d&#8217;un soutien individuel \u00e0 l&#8217;emploi, vous serez plus confiant quant aux attentes culturelles canadiennes et vous entrerez sur le march\u00e9 du travail plus rapidement.<\/p>\n<p>Pour profiter au maximum de notre gamme compl\u00e8te de ressources en mati\u00e8re d&#8217;emploi, ne perdez pas de temps et inscrivez-vous d\u00e8s que votre demande d&#8217;immigration est approuv\u00e9e! Arrivez pr\u00e9par\u00e9s.<\/p>\n<p>Si vous \u00eates d\u00e9j\u00e0 arriv\u00e9 au Canada, vous pouvez entrer en contact avec nos organisations partenaires situ\u00e9es dans votre province d&#8217;accueil pour obtenir du soutien et des conseils.<\/p>\n<h2>\n\t\tLa Colombie-Britannique\n\t<\/h2>\n\t\t\t\t<img decoding=\"async\" src=\"https:\/\/eph3uviheph.exactdn.com\/wp-content\/uploads\/2021\/08\/Mosaic-Logo-e1643898609245.png?strip=all&resize=150%2C88\" alt=\"Mosaic Logo\" itemprop=\"image\" height=\"88\" width=\"150\" title=\"Mosaic Logo\" onerror=\"this.style.display='none'\"  \/>\n<h2>\n\t\tL&#8217;Alberta\n\t<\/h2>\n\t\t\t\t<img decoding=\"async\" src=\"https:\/\/eph3uviheph.exactdn.com\/wp-content\/uploads\/2021\/08\/CCIS_logo.jpg?strip=all&resize=300%2C232\" alt=\"CCIS_logo\" itemprop=\"image\" height=\"232\" width=\"300\" title=\"CCIS_logo\" onerror=\"this.style.display='none'\"  \/>\n<h2>\n\t\tLa Saskatchewan\n\t<\/h2>\n\t\t\t\t<img decoding=\"async\" src=\"https:\/\/eph3uviheph.exactdn.com\/wp-content\/uploads\/2021\/08\/RODS_Logo.png?strip=all&resize=300%2C139\" alt=\"RODS_Logo\" itemprop=\"image\" height=\"139\" width=\"300\" title=\"RODS_Logo\" onerror=\"this.style.display='none'\"  \/>\n\t\t\t<a href=\"http:\/\/www.mosaicbc.org\/\" target=\"_self\" role=\"button\" rel=\"noopener\">\n\t\t\t\t\t\t\tEn savoir plus\n\t\t\t\t\t<\/a>\n\t\t\t<a href=\"https:\/\/www.ccisab.ca\/\" target=\"_self\" role=\"button\" rel=\"noopener\">\n\t\t\t\t\t\t\tEn savoir plus\n\t\t\t\t\t<\/a>\n\t\t\t<a href=\"http:\/\/www.rods.sk.ca\/\" target=\"_self\" role=\"button\" rel=\"noopener\">\n\t\t\t\t\t\t\tEn savoir plus\n\t\t\t\t\t<\/a>\n<h2>\n\t\tLe Manitoba\n\t<\/h2>\n\t\t\t\t<img decoding=\"async\" src=\"https:\/\/eph3uviheph.exactdn.com\/wp-content\/uploads\/2021\/08\/AMI-Logo.png?strip=all&resize=300%2C159\" alt=\"AMI Logo\" itemprop=\"image\" height=\"159\" width=\"300\" title=\"AMI Logo\" onerror=\"this.style.display='none'\"  \/>\n<h2>\n\t\tL&#8217;Ontario\n\t<\/h2>\n\t\t\t\t<a href=\"http:\/\/www.ottawa-worldskills.org\/\" target=\"_self\" itemprop=\"url\" rel=\"noopener\">\n\t\t\t\t<img decoding=\"async\" src=\"https:\/\/eph3uviheph.exactdn.com\/wp-content\/uploads\/2021\/08\/wsec-logo.jpg?strip=all&resize=300%2C80\" alt=\"wsec-logo\" itemprop=\"image\" height=\"80\" width=\"300\" title=\"wsec-logo\" onerror=\"this.style.display='none'\"  \/>\n\t\t\t\t<\/a>\n\t\t\t\t<a href=\"https:\/\/cciottawa.ca\/\" target=\"_blank\" rel=\"noopener\" itemprop=\"url\">\n\t\t\t\t<img decoding=\"async\" src=\"https:\/\/eph3uviheph.exactdn.com\/wp-content\/uploads\/2021\/08\/CCI-logo.png?strip=all&resize=300%2C134\" alt=\"CCI-logo\" itemprop=\"image\" height=\"134\" width=\"300\" title=\"CCI-logo\" onerror=\"this.style.display='none'\"  \/>\n\t\t\t\t<\/a>\n<h2>\n\t\tProvinces de l&#8217;Atlantique\n\t<\/h2>\n\t\t\t\t<img decoding=\"async\" src=\"https:\/\/eph3uviheph.exactdn.com\/wp-content\/uploads\/2021\/08\/isans_300px_sm.jpg?strip=all&resize=300%2C43\" alt=\"isans_300px_sm\" itemprop=\"image\" height=\"43\" width=\"300\" title=\"isans_300px_sm\" onerror=\"this.style.display='none'\"  \/>\n\t\t\t<a href=\"http:\/\/www.entryprogram.ca\/\" target=\"_self\" role=\"button\" rel=\"noopener\">\n\t\t\t\t\t\t\tEn savoir plus\n\t\t\t\t\t<\/a>\n\t\t\t<a href=\"http:\/\/www.ottawa-worldskills.org\/\" target=\"_self\" role=\"button\" rel=\"noopener\">\n\t\t\t\t\t\t\tEn savoir plus\n\t\t\t\t\t<\/a>\n\t\t\t<a href=\"https:\/\/www.isans.ca\/\" target=\"_self\" role=\"button\" rel=\"noopener\">\n\t\t\t\t\t\t\tEn savoir plus\n\t\t\t\t\t<\/a>\n\n","protected":false},"excerpt":{"rendered":"<p>Partenaires de SOPA ailleurs au Canada SOPA (c.\u00e0.d. les services en ligne d&#8217;\u00e9tablissement avant l&#8217;arriv\u00e9e, de l&#8217;angl. Settlement Online Pre-arrival) est un partenariat national entre 6 agences d&#8217;\u00e9tablissement canadiennes qui&hellip;<\/p>\n","protected":false},"author":1,"featured_media":0,"parent":0,"menu_order":0,"comment_status":"closed","ping_status":"closed","template":"","meta":{"om_disable_all_campaigns":false,"_monsterinsights_skip_tracking":false,"_monsterinsights_sitenote_active":false,"_monsterinsights_sitenote_note":"","_monsterinsights_sitenote_category":0,"_uf_show_specific_survey":0,"_uf_disable_surveys":false,"footnotes":""},"class_list":["post-16779","page","type-page","status-publish","hentry"],"aioseo_notices":[],"jetpack_likes_enabled":false,"jetpack_sharing_enabled":true,"_links":{"self":[{"href":"https:\/\/arriveprepared.ca\/fr\/wp-json\/wp\/v2\/pages\/16779","targetHints":{"allow":["GET"]}}],"collection":[{"href":"https:\/\/arriveprepared.ca\/fr\/wp-json\/wp\/v2\/pages"}],"about":[{"href":"https:\/\/arriveprepared.ca\/fr\/wp-json\/wp\/v2\/types\/page"}],"author":[{"embeddable":true,"href":"https:\/\/arriveprepared.ca\/fr\/wp-json\/wp\/v2\/users\/1"}],"replies":[{"embeddable":true,"href":"https:\/\/arriveprepared.ca\/fr\/wp-json\/wp\/v2\/comments?post=16779"}],"version-history":[{"count":5,"href":"https:\/\/arriveprepared.ca\/fr\/wp-json\/wp\/v2\/pages\/16779\/revisions"}],"predecessor-version":[{"id":19327,"href":"https:\/\/arriveprepared.ca\/fr\/wp-json\/wp\/v2\/pages\/16779\/revisions\/19327"}],"wp:attachment":[{"href":"https:\/\/arriveprepared.ca\/fr\/wp-json\/wp\/v2\/media?parent=16779"}],"curies":[{"name":"wp","href":"https:\/\/api.w.org\/{rel}","templated":true}]}}