{"id":16776,"date":"2021-08-04T17:38:50","date_gmt":"2021-08-04T20:38:50","guid":{"rendered":"https:\/\/arriveprepared.ca\/suis-je-eligible\/"},"modified":"2025-10-04T15:29:17","modified_gmt":"2025-10-04T18:29:17","slug":"suis-je-eligible","status":"publish","type":"page","link":"https:\/\/arriveprepared.ca\/fr\/suis-je-eligible\/","title":{"rendered":"Suis-je \u00e9ligible ?"},"content":{"rendered":"\n<h1>\n\t\t\t\u00cates-vous autoris\u00e9 \u00e0 immigrer au Canada ?\t<\/h1>\n\t<p>Il n&#8217;est jamais trop t\u00f4t pour faire du r\u00e9seautage, se pr\u00e9parer et s&#8217;informer.<\/p>\n<p>Pour profiter pleinement de notre gamme compl\u00e8te de ressources en mati\u00e8re d&#8217;emploi et d&#8217;\u00e9tablissement, ne perdez pas de temps et inscrivez-vous d\u00e8s que votre demande d&#8217;immigration est approuv\u00e9e. Arrivez pr\u00e9par\u00e9!<\/p>\n\t\t\t<a href=\"https:\/\/arriveprepared.ca\/fr\/cours-et-services\/\" target=\"_self\">\n\t\t\t\t\t\t\tNos cours  \n\t\t\t\t\t<\/a>\n\t\t\t<a href=\"https:\/\/arriveprepared.ca\/fr\/faq\/\" target=\"_blank\" rel=\"noopener\">\n\t\t\t\t\t\t\tFAQ\n\t\t\t\t\t<\/a>\n\t\n\t\t<div id=\"interact-62d944ec884dbb001830ef97c2d501b98d88e285e6d9cab069bbb95c\" style=\"\"><\/div>\n\t\t<script type=\"text\/javascript\">\n\t\t\t(function(){\t\t\t\t\n\t\t\t\twindow.addEventListener(\"load\", function(){\n\t\t\t\t\tvar app_id = \"62d944ec884dbb001830ef97\";\n\t\t\t\t\tvar ref = \"62d944ec884dbb001830ef97c2d501b98d88e285e6d9cab069bbb95c\";\n\t\t\t\t\tvar w = \"800\";\n\t\t\t\t\tvar h = \"800\";\n\t\t\t\t\tvar host = \"quiz.tryinteract.com\";\n\t\t\t\t\tvar no_cover = false;\n\t\t\t\t\tvar mobile = false;\n\t\t\t\t\tvar redirect = \"false\";\n\t\t\t\t\tvar params = { \"ref\": ref, \"appId\": app_id, \"width\": w, \"height\": h, \"async\": true, \"host\": host, \"auto_resize\": true, \"mobile\":  mobile, \"no_cover\": no_cover };\n\t\t\t\t\tif(redirect === \"host\") { \n\t\t\t\t\t\tparams.redirect_host = true;\n\t\t\t\t\t}\n\t\t\t\t\twindow[ref] = new InteractApp(); \n\t\t\t\t\twindow[ref].initialize(params); \n\t\t\t\t\twindow[ref].display(); \n\t\t\t\t});\n\t\t\t})(window);\n\t\t<\/script>\n\t\n<h2  data-animation-delay=\"0\" data-animation-duration=\"1\">\n\t\t\tRegister Today\t<\/h2>\n\t<p>Arrive one step ahead. Pre-arrival services that are initiated earlier in your immigration journey will help you effectively address your needs and build connections within your new local community and between pre-arrival and post arrival services. <\/p>\n<p>SOPA Staff understand the importance of early action and preparation, and we are here to support  you every step of the way.<\/p>\n<p> Which province are you going to? <\/p>\n<form name=\"dropdown\">\n\t<select name=\"selected\" id=\"target\" accesskey=\"E\">\n\t<option selected=\"\" value=\"#\">Choose destination province&#8230;<\/option>\n\t<option value=\"https:\/\/cm2sopa.neworg.com\/Default.asp?PageNum=59\">Alberta<\/option>\n\t<option value=\"https:\/\/cm2sopa.neworg.com\/Default.asp?PageNum=59\">British Columbia<\/option>\n\t<option value=\"https:\/\/cm2sopa.neworg.com\/Default.asp?PageNum=59\">Manitoba<\/option>\t\n\t<option value=\"https:\/\/cm2isans.neworg.com\/Default.asp?PageNum=49\">New Brunswick<\/option>\n\t<option value=\"https:\/\/cm2isans.neworg.com\/Default.asp?PageNum=49\">Newfoundland and Labrador<\/option>\n\t<option value=\"https:\/\/cm2sopa.neworg.com\/Default.asp?PageNum=59\">Northwest Territories<\/option>\n\t<option value=\"https:\/\/cm2isans.neworg.com\/Default.asp?PageNum=49\">Nova Scotia<\/option>\n\t<option value=\"https:\/\/cm2sopa.neworg.com\/Default.asp?PageNum=59\">Nunavut<\/option>\n\t<option value=\"https:\/\/cm2sopa.neworg.com\/Default.asp?PageNum=59\">Ontario<\/option>\n\t<option value=\"https:\/\/cm2isans.neworg.com\/Default.asp?PageNum=49\">Prince Edward Island<\/option>\n\t<option value=\"https:\/\/cm2sopa.neworg.com\/Default.asp?PageNum=59\">Saskatchewan<\/option>\n\t<option value=\"https:\/\/cm2sopa.neworg.com\/Default.asp?PageNum=59\">Yukon<\/option>\n\t<option value=\"https:\/\/cm2sopa.neworg.com\/Default.asp?PageNum=59\">Do not know<\/option>\n\t<\/select>\n\t<input type=\"button\" value=\"Register\" onclick=\"goToNewPage(document.dropdown.selected)\"\/>\n<\/form>\n<h2>\n\t\t\tVoici les crit\u00e8res d&#8217;admissibilit\u00e9 pour participer au programme SOPA\t<\/h2>\n\t<ul>\n<li>Vivre \u00e0 l&#8217;ext\u00e9rieur du Canada.<\/li>\n<li>Avoir re\u00e7u l&#8217;approbation d&#8217;Immigration, R\u00e9fugi\u00e9s et Citoyennet\u00e9 Canada (IRCC) pour immigrer au Canada. *Vous<strong>devez avoir l&#8217;un des documents suivants :<\/strong>\n<ul>\n<li>Une confirmation du document de r\u00e9sidence permanente;<\/li>\n<li>Une lettre vous avisant d&#8217;aller chercher votre visa canadien (pour les demandeurs de r\u00e9sidence permanente uniquement);<\/li>\n<li>Une lettre de demande d&#8217;examen m\u00e9dical;<\/li>\n<li>Une lettre de demande de passeport;<\/li>\n<li>Un visa canadien (vous n&#8217;\u00eates pas encore arriv\u00e9 au Canada);<\/li>\n<li>Une lettre d&#8217;invitation de l&#8217;IRCC pour obtenir des services avant l&#8217;arriv\u00e9e<\/li>\n<\/ul>\n<\/li>\n<\/ul>\n<p>*Si<em>une personne de votre famille a re\u00e7u l&#8217;un des documents, et\/ou si son nom et son num\u00e9ro UCI figurent sur ce document, elle peut \u00e9galement s&#8217;inscrire seule.<\/em><\/p>\n\n","protected":false},"excerpt":{"rendered":"<p>\u00cates-vous autoris\u00e9 \u00e0 immigrer au Canada ? Il n&#8217;est jamais trop t\u00f4t pour faire du r\u00e9seautage, se pr\u00e9parer et s&#8217;informer. Pour profiter pleinement de notre gamme compl\u00e8te de ressources en&hellip;<\/p>\n","protected":false},"author":1,"featured_media":0,"parent":0,"menu_order":0,"comment_status":"closed","ping_status":"closed","template":"","meta":{"om_disable_all_campaigns":false,"_monsterinsights_skip_tracking":false,"_monsterinsights_sitenote_active":false,"_monsterinsights_sitenote_note":"","_monsterinsights_sitenote_category":0,"_uf_show_specific_survey":0,"_uf_disable_surveys":false,"footnotes":""},"class_list":["post-16776","page","type-page","status-publish","hentry"],"aioseo_notices":[],"jetpack_likes_enabled":false,"jetpack_sharing_enabled":true,"_links":{"self":[{"href":"https:\/\/arriveprepared.ca\/fr\/wp-json\/wp\/v2\/pages\/16776","targetHints":{"allow":["GET"]}}],"collection":[{"href":"https:\/\/arriveprepared.ca\/fr\/wp-json\/wp\/v2\/pages"}],"about":[{"href":"https:\/\/arriveprepared.ca\/fr\/wp-json\/wp\/v2\/types\/page"}],"author":[{"embeddable":true,"href":"https:\/\/arriveprepared.ca\/fr\/wp-json\/wp\/v2\/users\/1"}],"replies":[{"embeddable":true,"href":"https:\/\/arriveprepared.ca\/fr\/wp-json\/wp\/v2\/comments?post=16776"}],"version-history":[{"count":10,"href":"https:\/\/arriveprepared.ca\/fr\/wp-json\/wp\/v2\/pages\/16776\/revisions"}],"predecessor-version":[{"id":19344,"href":"https:\/\/arriveprepared.ca\/fr\/wp-json\/wp\/v2\/pages\/16776\/revisions\/19344"}],"wp:attachment":[{"href":"https:\/\/arriveprepared.ca\/fr\/wp-json\/wp\/v2\/media?parent=16776"}],"curies":[{"name":"wp","href":"https:\/\/api.w.org\/{rel}","templated":true}]}}