{"id":16767,"date":"2021-08-04T14:55:13","date_gmt":"2021-08-04T17:55:13","guid":{"rendered":"https:\/\/arriveprepared.ca\/nous-contacter\/"},"modified":"2025-10-04T15:10:27","modified_gmt":"2025-10-04T18:10:27","slug":"nous-contacter","status":"publish","type":"page","link":"https:\/\/arriveprepared.ca\/fr\/nous-contacter\/","title":{"rendered":"Contact"},"content":{"rendered":"\n<h1>\n\t\t\tNous contacter\t<\/h1>\n\t<p>Nous aimerions avoir de vos nouvelles!<\/p>\n<p>Veuillez consulter notre page FAQ. Vous avez encore des questions auxquelles vous n&#8217;avez pas trouv\u00e9 de r\u00e9ponse sur notre site Internet?<\/p>\n<p>Contactez-nous via notre plateforme \u00ab Clavardage en direct \u00bb ou utilisez le formulaire de contact ci-dessous. Nous vous r\u00e9pondrons dans un d\u00e9lai de 3 jours ouvrables.<\/p>\n\t\t\t<a href=\"#sopa-contact-us\" target=\"_self\">\n\t\t\t\t\t\t\tContactez nous\n\t\t\t\t\t<\/a>\n\t\t\t<a href=\"https:\/\/arriveprepared.ca\/courses\/\" target=\"_blank\" rel=\"noopener\">\n\t\t\t\t\t\t\tNos cours\n\t\t\t\t\t<\/a>\n\t\t\t<a href=\"https:\/\/arriveprepared.ca\/fr\/faq\/\" target=\"_blank\" rel=\"noopener\">\n\t\t\t\t\t\t\tFAQ\n\t\t\t\t\t<\/a>\n<h2  data-animation-delay=\"0\" data-animation-duration=\"1\">\n\t\t\tRegister Today\t<\/h2>\n\t<p>Arrive one step ahead. Pre-arrival services that are initiated earlier in your immigration journey will help you effectively address your needs and build connections within your new local community and between pre-arrival and post arrival services. <\/p>\n<p>SOPA Staff understand the importance of early action and preparation, and we are here to support  you every step of the way.<\/p>\n<p> Which province are you going to? <\/p>\n<form name=\"dropdown\">\n\t<select name=\"selected\" id=\"target\" accesskey=\"E\">\n\t<option selected=\"\" value=\"#\">Choose destination province&#8230;<\/option>\n\t<option value=\"https:\/\/cm2sopa.neworg.com\/Default.asp?PageNum=59\">Alberta<\/option>\n\t<option value=\"https:\/\/cm2sopa.neworg.com\/Default.asp?PageNum=59\">British Columbia<\/option>\n\t<option value=\"https:\/\/cm2sopa.neworg.com\/Default.asp?PageNum=59\">Manitoba<\/option>\t\n\t<option value=\"https:\/\/cm2isans.neworg.com\/Default.asp?PageNum=49\">New Brunswick<\/option>\n\t<option value=\"https:\/\/cm2isans.neworg.com\/Default.asp?PageNum=49\">Newfoundland and Labrador<\/option>\n\t<option value=\"https:\/\/cm2sopa.neworg.com\/Default.asp?PageNum=59\">Northwest Territories<\/option>\n\t<option value=\"https:\/\/cm2isans.neworg.com\/Default.asp?PageNum=49\">Nova Scotia<\/option>\n\t<option value=\"https:\/\/cm2sopa.neworg.com\/Default.asp?PageNum=59\">Nunavut<\/option>\n\t<option value=\"https:\/\/cm2sopa.neworg.com\/Default.asp?PageNum=59\">Ontario<\/option>\n\t<option value=\"https:\/\/cm2isans.neworg.com\/Default.asp?PageNum=49\">Prince Edward Island<\/option>\n\t<option value=\"https:\/\/cm2sopa.neworg.com\/Default.asp?PageNum=59\">Saskatchewan<\/option>\n\t<option value=\"https:\/\/cm2sopa.neworg.com\/Default.asp?PageNum=59\">Yukon<\/option>\n\t<option value=\"https:\/\/cm2sopa.neworg.com\/Default.asp?PageNum=59\">Do not know<\/option>\n\t<\/select>\n\t<input type=\"button\" value=\"Register\" onclick=\"goToNewPage(document.dropdown.selected)\"\/>\n<\/form>\n\t\n\n\n<div id=\"js-wpv-addon-maps-render-map-5\" style=\"width:100%; height:250px;\" class=\"wpv-addon-maps-render js-wpv-addon-maps-render js-wpv-addon-maps-render-map-5 \" data-map=\"map-5\" data-generalzoom=\"5\" data-generalcenterlat=\"0\" data-generalcenterlon=\"0\" data-fitbounds=\"on\" data-singlezoom=\"14\" data-singlecenter=\"on\" data-osmlayer=\"standard\" data-maptype=\"roadmap\" data-showlayerinterests=\"false\" data-markericon=\"\/\/arriveprepared.ca\/wp-content\/plugins\/toolset-maps\/resources\/images\/markers\/Buildings.png\" data-markericonhover=\"\" data-draggable=\"on\" data-scrollwheel=\"on\" data-doubleclickzoom=\"on\" data-maptypecontrol=\"on\" data-fullscreencontrol=\"on\" data-zoomcontrol=\"on\" data-streetviewcontrol=\"on\" data-backgroundcolor=\"\" data-cluster=\"on\" data-clustergridsize=\"60\" data-clustermaxzoom=\"\" data-clusterclickzoom=\"on\" data-clusterminsize=\"2\" data-stylejson=\"https:\/\/arriveprepared.ca\/wp-content\/uploads\/2021\/12\/custommapstylepurple.json\" data-spiderfy=\"off\" data-streetview=\"off\" data-markerid=\"\" data-location=\"\" data-lat=\"0\" data-long=\"0\" data-heading=\"\" data-pitch=\"\"><\/div>\n<div id=\"wpv-view-layout-13799\" class=\"js-wpv-view-layout js-wpv-layout-responsive js-wpv-view-layout-13799\" data-viewnumber=\"13799\" data-pagination=\"{&quot;id&quot;:13799,&quot;query&quot;:&quot;normal&quot;,&quot;type&quot;:&quot;disabled&quot;,&quot;effect&quot;:&quot;fade&quot;,&quot;duration&quot;:500,&quot;speed&quot;:5,&quot;pause_on_hover&quot;:&quot;enabled&quot;,&quot;stop_rollover&quot;:&quot;false&quot;,&quot;cache_pages&quot;:&quot;enabled&quot;,&quot;preload_images&quot;:&quot;enabled&quot;,&quot;preload_pages&quot;:&quot;enabled&quot;,&quot;preload_reach&quot;:1,&quot;spinner&quot;:&quot;builtin&quot;,&quot;spinner_image&quot;:&quot;https:\/\/arriveprepared.ca\/wp-content\/plugins\/toolset-blocks\/embedded\/res\/img\/ajax-loader.gif&quot;,&quot;callback_next&quot;:&quot;&quot;,&quot;manage_history&quot;:&quot;enabled&quot;,&quot;has_controls_in_form&quot;:&quot;disabled&quot;,&quot;infinite_tolerance&quot;:&quot;0&quot;,&quot;max_pages&quot;:0,&quot;page&quot;:1,&quot;base_permalink&quot;:&quot;\/fr\/wp-json\/wp\/v2\/pages\/16767?wpv_view_count=13799&amp;wpv_paged=WPV_PAGE_NUM&quot;,&quot;loop&quot;:{&quot;type&quot;:&quot;&quot;,&quot;name&quot;:&quot;&quot;,&quot;data&quot;:[],&quot;id&quot;:0}}\" data-permalink=\"\/fr\/wp-json\/wp\/v2\/pages\/16767?wpv_view_count=13799\">\n\n\t\n\t\n\t\t<strong>No items found<\/strong>\n\t\n<\/div>\n\n<h2  data-animation-delay=\"0\" data-animation-duration=\"1\">\n\t\t\tArrivez pr\u00e9par\u00e9 avec SOPA\t<\/h2>\n\tOutils, ressources et cours GRATUITS<br \/>\ncon\u00e7us pour vous aider \u00e0 trouver un emploi dans votre domaine au Canada.\n\t<h3>Envoyez-nous un message<\/h3>\n    <form id=\"wpforms-form-15776\" data-formid=\"15776\" method=\"post\" enctype=\"multipart\/form-data\" action=\"\/fr\/?page_id=16767&#038;fl_builder\" data-token=\"991c8af6b66606c55e853420a6a347a7\" data-token-time=\"1759601427\">Veuillez activer JavaScript dans votre navigateur pour remplir ce formulaire.\t\t\n\t\t\t<label for=\"wpforms-15776-field_3\">Commentaire ou message<\/label>\n\t\t\t<input type=\"text\" id=\"wpforms-15776-field_3\" name=\"wpforms[fields][3]\"\/>\n\t\t<label>Nom *<\/label><input type=\"text\" id=\"wpforms-15776-field_5\" name=\"wpforms[fields][5][first]\" required\/><label for=\"wpforms-15776-field_5\">Premi\u00e8re<\/label><input type=\"text\" id=\"wpforms-15776-field_5-last\" name=\"wpforms[fields][5][last]\" required\/><label for=\"wpforms-15776-field_5-last\">Dernier<\/label><label for=\"wpforms-15776-field_1\">Courriel : *<\/label><input type=\"email\" id=\"wpforms-15776-field_1\" name=\"wpforms[fields][1]\" spellcheck=\"false\" required\/><label for=\"wpforms-15776-field_2\">Commentaire ou message *<\/label><textarea id=\"wpforms-15776-field_2\" name=\"wpforms[fields][2]\" required><\/textarea><p>Veuillez cocher la case ci-dessous pour v\u00e9rifier que vous \u00eates un \u00eatre humain*.<\/p>\n<!-- .wpforms-field-container --><input type=\"text\" name=\"g-recaptcha-hidden\" data-rule-recaptcha=\"1\"\/><input type=\"hidden\" name=\"wpforms[id]\" value=\"15776\"\/>\t\t\t<input type=\"hidden\"\n\t\t\t\tname=\"wpforms[nonce]\"\n\t\t\t\tvalue=\"e8445fb824\"\n\t\t\t\/>\n\t\t\t<input type=\"hidden\" name=\"page_title\" value=\"Contact\"\/><input type=\"hidden\" name=\"page_url\" value=\"https:\/\/arriveprepared.ca\/fr\/?page_id=16767&#038;fl_builder\"\/><input type=\"hidden\" name=\"url_referer\" value=\"\"\/><input type=\"hidden\" name=\"page_id\" value=\"16767\"\/><input type=\"hidden\" name=\"wpforms[post_id]\" value=\"16767\"\/><button type=\"submit\" name=\"wpforms[submit]\" id=\"wpforms-submit-15776\" data-alt-text=\"Envoi...\" data-submit-text=\"Soumettre\" aria-live=\"assertive\" value=\"wpforms-submit\">Soumettre<\/button><img decoding=\"async\" src=\"https:\/\/eph3uviheph.exactdn.com\/wp-content\/plugins\/wpforms\/assets\/images\/submit-spin.svg\" width=\"26\" height=\"26\" alt=\"Chargement en cours\"\/><\/form>  <!-- .wpforms-container -->\n\n","protected":false},"excerpt":{"rendered":"<p>Nous contacter Nous aimerions avoir de vos nouvelles! Veuillez consulter notre page FAQ. Vous avez encore des questions auxquelles vous n&#8217;avez pas trouv\u00e9 de r\u00e9ponse sur notre site Internet? Contactez-nous&hellip;<\/p>\n","protected":false},"author":1,"featured_media":0,"parent":0,"menu_order":0,"comment_status":"closed","ping_status":"closed","template":"","meta":{"om_disable_all_campaigns":false,"_monsterinsights_skip_tracking":false,"_monsterinsights_sitenote_active":false,"_monsterinsights_sitenote_note":"","_monsterinsights_sitenote_category":0,"_uf_show_specific_survey":0,"_uf_disable_surveys":false,"footnotes":""},"class_list":["post-16767","page","type-page","status-publish","hentry"],"aioseo_notices":[],"jetpack_likes_enabled":false,"jetpack_sharing_enabled":true,"_links":{"self":[{"href":"https:\/\/arriveprepared.ca\/fr\/wp-json\/wp\/v2\/pages\/16767","targetHints":{"allow":["GET"]}}],"collection":[{"href":"https:\/\/arriveprepared.ca\/fr\/wp-json\/wp\/v2\/pages"}],"about":[{"href":"https:\/\/arriveprepared.ca\/fr\/wp-json\/wp\/v2\/types\/page"}],"author":[{"embeddable":true,"href":"https:\/\/arriveprepared.ca\/fr\/wp-json\/wp\/v2\/users\/1"}],"replies":[{"embeddable":true,"href":"https:\/\/arriveprepared.ca\/fr\/wp-json\/wp\/v2\/comments?post=16767"}],"version-history":[{"count":8,"href":"https:\/\/arriveprepared.ca\/fr\/wp-json\/wp\/v2\/pages\/16767\/revisions"}],"predecessor-version":[{"id":19338,"href":"https:\/\/arriveprepared.ca\/fr\/wp-json\/wp\/v2\/pages\/16767\/revisions\/19338"}],"wp:attachment":[{"href":"https:\/\/arriveprepared.ca\/fr\/wp-json\/wp\/v2\/media?parent=16767"}],"curies":[{"name":"wp","href":"https:\/\/api.w.org\/{rel}","templated":true}]}}