{"id":16765,"date":"2021-12-22T19:04:21","date_gmt":"2021-12-22T23:04:21","guid":{"rendered":"https:\/\/arriveprepared.ca\/sopa-pour-les-refugies\/"},"modified":"2022-08-29T12:42:20","modified_gmt":"2022-08-29T12:42:20","slug":"sopa-pour-les-refugies","status":"publish","type":"page","link":"https:\/\/arriveprepared.ca\/fr\/sopa-pour-les-refugies\/","title":{"rendered":"SOPA pour les r\u00e9fugi\u00e9s"},"content":{"rendered":"\n<h2>\n\t\tSOPA pour les r\u00e9fugi\u00e9s\n\t<\/h2>\n\t<p>SOPA pour les r\u00e9fugi\u00e9s vous pr\u00e9sente des informations importantes sur le march\u00e9 du travail canadien, sur le processus de recherche d&#8217;emploi et sur la culture canadienne, par le biais d&#8217;un cours interactif en ligne appel\u00e9 <strong><em>Pr\u00eat \u00e0 travailler.<\/em><\/strong><\/p>\n\t\t\t<a href=\"#learn-more-about\" target=\"_self\" role=\"button\" rel=\"noopener\">\n\t\t\t\t\t\t\tEn savoir plus ci-dessous\n\t\t\t\t\t<\/a>\n\t\t\t<a href=\"#ready-to-work-eligibility\" target=\"_self\" role=\"button\" rel=\"noopener\">\n\t\t\t\t\t\t\tSuis-je \u00e9ligible ?\n\t\t\t\t\t<\/a>\n<h1>\n\t\tInscrivez-vous aujourd&#8217;hui\n\t<\/h1>\n\t<p>Arrivez avec une longueur d&#8217;avance. Arrivez avec une longueur d&#8217;avance. Les services pr\u00e9-arriv\u00e9e initi\u00e9s t\u00f4t au cours de votre parcours d&#8217;immigration vous aideront \u00e0 r\u00e9pondre efficacement \u00e0 vos besoins et \u00e0 \u00e9tablir des liens au sein de votre nouvelle communaut\u00e9 locale et entre les services avant arriv\u00e9e et apr\u00e8s arriv\u00e9e. <\/p>\n<p>Le personnel du programme SOPA comprend l&#8217;importance d&#8217;une action et d&#8217;une pr\u00e9paration pr\u00e9coces, et nous sommes l\u00e0 pour vous soutenir \u00e0 chaque \u00e9tape du processus.<\/p>\n\t<p>Dans quelle province allez-vous ?<\/p>\n<form name=\"dropdown\"><select id=\"target\" accesskey=\"E\" name=\"selected\"><option selected=\"selected\" value=\"#\">Choisissez la province de destination&#8230;<\/option><option value=\"https:\/\/cm2sopa.neworg.com\/Default.asp?PageNum=68\">Je ne sais pas encore.<\/option><option value=\"https:\/\/cm2sopa.neworg.com\/Default.asp?PageNum=68\">L&#8217;Alberta<\/option><option value=\"https:\/\/cm2sopa.neworg.com\/Default.asp?PageNum=68\">La Colombie-Britannique<\/option><option value=\"https:\/\/cm2sopa.neworg.com\/Default.asp?PageNum=68\">Le Manitoba<\/option><option value=\"https:\/\/cm2isans.neworg.com\/Default.asp?PageNum=46\">Le Nouveau Brunswick<\/option><option value=\"https:\/\/cm2isans.neworg.com\/Default.asp?PageNum=46\">La Terre-Neuve et Labrador<\/option><option value=\"https:\/\/cm2sopa.neworg.com\/Default.asp?PageNum=68\">Les Territoires du Nord-Ouest<\/option><option value=\"https:\/\/cm2isans.neworg.com\/Default.asp?PageNum=46\">La Nouvelle-\u00c9cosse<\/option><option value=\"https:\/\/cm2sopa.neworg.com\/Default.asp?PageNum=68\">Le Nunavut<\/option><option value=\"https:\/\/cm2sopa.neworg.com\/Default.asp?PageNum=68\">L&#8217;Ontario<\/option><option value=\"https:\/\/cm2isans.neworg.com\/Default.asp?PageNum=46\">\u00cele-du-Prince-\u00c9douard<\/option><option value=\"https:\/\/cm2sopa.neworg.com\/Default.asp?PageNum=68\">La Saskatchewan<\/option><option value=\"https:\/\/cm2sopa.neworg.com\/Default.asp?PageNum=68\">Le Yukon<\/option><\/select><br \/>\n<input type=\"button\" value=\"Inscrivez-vous\" \/><\/form>\n\t\t\t\t<img decoding=\"async\" src=\"https:\/\/eph3uviheph.exactdn.com\/wp-content\/plugins\/bb-plugin\/img\/pixel.png?strip=all&w=1920\" alt=\"\" itemprop=\"image\" onerror=\"this.style.display='none'\"  \/>\n\t\t\t\t<img decoding=\"async\" src=\"https:\/\/eph3uviheph.exactdn.com\/wp-content\/uploads\/2022\/02\/AdobeStock_180113431-scaled.jpeg?strip=all&resize=1920%2C1282\" alt=\"Talking about work\" itemprop=\"image\" height=\"1709\" width=\"2560\" title=\"Recruiter interviewing job candidate\" onerror=\"this.style.display='none'\"  \/>\n<h2>\n\t\t\u00c0 propos de Pr\u00eat(e) \u00e0 travailler\n\t<\/h2>\n\t<p>Ce cours aide les r\u00e9fugi\u00e9s \u00e0 se pr\u00e9parer \u00e0 travailler au Canada. Inscrivez-vous d\u00e8s maintenant pour prendre un bon d\u00e9part dans votre recherche d&#8217;emploi !<\/p>\n<h4><strong><u>Pourquoi suivre ce cours ?<\/u><\/strong><\/h4>\n<ul>\n<li>Il est interactif et facile \u00e0 \u00e9tudier, gr\u00e2ce \u00e0 WhatsApp.<\/li>\n<li>Apprendre avec un animateur canadien anglophone<\/li>\n<li>Obtenez un feedback personnalis\u00e9 et individuel<\/li>\n<li>Soyez le premier \u00e0 obtenir le <strong><em>Pr\u00eat \u00e0 travailler<\/em><\/strong> certificat de cours<\/li>\n<li>\u00c0 la fin du cours, obtenez l&#8217;acc\u00e8s \u00e0 des ressources de recherche d&#8217;emploi.<\/li>\n<li>Soyez mieux pr\u00e9par\u00e9 pour obtenir un emploi plus rapidement<\/li>\n<\/ul>\n<h4><strong><u>Vous apprendrez \u00e0 conna\u00eetre :<\/u><\/strong><\/h4>\n<ul>\n<li>March\u00e9 du travail canadien<\/li>\n<li>Strat\u00e9gies de recherche d&#8217;emploi<\/li>\n<li>Pr\u00e9paration aux entretiens d&#8217;embauche<\/li>\n<li>Droits, r\u00e8gles et responsabilit\u00e9s en mati\u00e8re d&#8217;emploi<\/li>\n<li>La culture du milieu de travail canadien<\/li>\n<\/ul>\n<p>&nbsp;<\/p>\n<h2>\n\t\tAdmissibilit\u00e9 au programme Pr\u00eat(e) \u00e0 travailler\n\t<\/h2>\n\t<h4><strong><u>Qui peut prendre <em>Pr\u00eat(e) \u00e0 travailler<\/em>?<\/u><\/strong><\/h4>\n<p>R\u00e9fugi\u00e9s destin\u00e9s au Canada qui peuvent communiquer en anglais de base \u00e0 l&#8217;aide de WhatsApp. Le mat\u00e9riel didactique est fourni en anglais et en arabe. Vous interagirez avec l&#8217;animateur du cours en anglais. Ce cours est gratuit pour les r\u00e9fugi\u00e9s \u00e9ligibles.<\/p>\n<h4><strong><u>Quelle est la dur\u00e9e du cours?<\/u><\/strong><\/h4>\n<p>Il vous faudra 4 \u00e0 5 semaines pour terminer le cours. Chaque semaine, vous effectuerez 2 sujets et activit\u00e9s comme devoir \u00e0 la maison.<\/p>\n<h4><strong><u>Technologie n\u00e9cessaire :<\/u><\/strong><\/h4>\n<ul>\n<li>Appareil mobile ou ordinateur<\/li>\n<li>Derni\u00e8re version de WhatsApp<\/li>\n<li>Acc\u00e8s aux donn\u00e9es ou \u00e0 l&#8217;internet \u00e0 haut d\u00e9bit<\/li>\n<\/ul>\n<p>&nbsp;<\/p>\n\t\t\t\t<img decoding=\"async\" src=\"https:\/\/eph3uviheph.exactdn.com\/wp-content\/uploads\/2022\/02\/AdobeStock_235499383-scaled.jpeg?strip=all&resize=1920%2C1280\" alt=\"Smiling young african corporate employee executive, mixed race office worker, female black business coach, millennial professional looking at camera standing with diverse team in office, portrait\" itemprop=\"image\" height=\"1707\" width=\"2560\" title=\"Smiling african employee standing with diverse team in office, p\" onerror=\"this.style.display='none'\"  \/>\n\t\t\t\t<img decoding=\"async\" src=\"https:\/\/eph3uviheph.exactdn.com\/wp-content\/uploads\/2022\/02\/AdobeStock_297061291-scaled.jpeg?strip=all&resize=1920%2C1280\" alt=\"Happy asian muslim businesswoman hr manager employer wear hijab handshake hire male applicant make contract deal with partner collaborate shake client hand at job interview business meeting concept\" itemprop=\"image\" height=\"1707\" width=\"2560\" title=\"Happy asian muslim hr handshake male applicant at interview meeting\" onerror=\"this.style.display='none'\"  \/>\n<h2>\n\t\tPr\u00eat(e) \u00e0 travailler \n\t<\/h2>\n\t<h4><strong><u>Plan du cours:<\/u><\/strong><\/h4>\n<ul>\n<li>Sujet 1 : Emplois canadiens<\/li>\n<li>Sujet 2 : La recherche d&#8217;un emploi<\/li>\n<li>Sujet 3 : Pr\u00e9paration \u00e0 l&#8217;entretien d&#8217;embauche<\/li>\n<li>Sujet 4 : Parties d&#8217;un entretien d&#8217;embauche<\/li>\n<li>Sujet 5 : Vos documents de travail<\/li>\n<li>Sujet 6 : Droits, r\u00e8gles et responsabilit\u00e9s en mati\u00e8re d&#8217;emploi<\/li>\n<li>Sujet 7 : R\u00e8gles du lieu de travail<\/li>\n<li>Sujet 8 : Vous et votre lieu de travail<\/li>\n<li>Sujet 9 : R\u00e9sum\u00e9 du cours<\/li>\n<\/ul>\n<p>Lorsque vous aurez termin\u00e9 le <strong><em>Pr\u00eat \u00e0 travailler<\/em><\/strong> cours, vous recevrez un certificat de fin de cours personnalis\u00e9.<\/p>\n\n","protected":false},"excerpt":{"rendered":"<p>SOPA pour les r\u00e9fugi\u00e9s SOPA pour les r\u00e9fugi\u00e9s vous pr\u00e9sente des informations importantes sur le march\u00e9 du travail canadien, sur le processus de recherche d&#8217;emploi et sur la culture canadienne,&hellip;<\/p>\n","protected":false},"author":1,"featured_media":0,"parent":0,"menu_order":0,"comment_status":"closed","ping_status":"closed","template":"","meta":{"om_disable_all_campaigns":false,"_monsterinsights_skip_tracking":false,"_monsterinsights_sitenote_active":false,"_monsterinsights_sitenote_note":"","_monsterinsights_sitenote_category":0,"_uf_show_specific_survey":0,"_uf_disable_surveys":false,"footnotes":""},"class_list":["post-16765","page","type-page","status-publish","hentry"],"aioseo_notices":[],"jetpack_likes_enabled":false,"jetpack_sharing_enabled":true,"_links":{"self":[{"href":"https:\/\/arriveprepared.ca\/fr\/wp-json\/wp\/v2\/pages\/16765","targetHints":{"allow":["GET"]}}],"collection":[{"href":"https:\/\/arriveprepared.ca\/fr\/wp-json\/wp\/v2\/pages"}],"about":[{"href":"https:\/\/arriveprepared.ca\/fr\/wp-json\/wp\/v2\/types\/page"}],"author":[{"embeddable":true,"href":"https:\/\/arriveprepared.ca\/fr\/wp-json\/wp\/v2\/users\/1"}],"replies":[{"embeddable":true,"href":"https:\/\/arriveprepared.ca\/fr\/wp-json\/wp\/v2\/comments?post=16765"}],"version-history":[{"count":4,"href":"https:\/\/arriveprepared.ca\/fr\/wp-json\/wp\/v2\/pages\/16765\/revisions"}],"predecessor-version":[{"id":17027,"href":"https:\/\/arriveprepared.ca\/fr\/wp-json\/wp\/v2\/pages\/16765\/revisions\/17027"}],"wp:attachment":[{"href":"https:\/\/arriveprepared.ca\/fr\/wp-json\/wp\/v2\/media?parent=16765"}],"curies":[{"name":"wp","href":"https:\/\/api.w.org\/{rel}","templated":true}]}}