{"id":16763,"date":"2021-07-20T14:34:54","date_gmt":"2021-07-20T17:34:54","guid":{"rendered":"https:\/\/arriveprepared.ca\/cours-et-services\/"},"modified":"2025-10-04T16:14:53","modified_gmt":"2025-10-04T19:14:53","slug":"cours-et-services","status":"publish","type":"page","link":"https:\/\/arriveprepared.ca\/fr\/cours-et-services\/","title":{"rendered":"Cours et services"},"content":{"rendered":"\n\n<h1>\n\t\t\tCours et services\t<\/h1>\n\t<p>Organisez une consultation gratuite avec l&#8217;un des membres de notre personnel pour vous aider \u00e0 arriver pr\u00eat \u00e0 vous installer et \u00e0 travailler au Canada.<\/p>\n<p>SOPA online courses help you develop the skills necessary for your job search in Canada. Si vous avez d\u00e9j\u00e0 une offre d&#8217;emploi, les cours de SOPA vous fourniront les outils de communication n\u00e9cessaires \u00e0 la r\u00e9ussite en milieu de travail canadien.<\/p>\n\t\t\t<a href=\"#courses\" target=\"_self\">\n\t\t\t\t\t\t\tVoir les cours\n\t\t\t\t\t<\/a>\n\t\t\t<a href=\"https:\/\/arriveprepared.ca\/fr\/faq\/\" target=\"_blank\" rel=\"noopener\">\n\t\t\t\t\t\t\tFAQ\n\t\t\t\t\t<\/a>\n\t\tTous\n\t<ul>\n\t\t<li data-filter=\"*\" tabindex=\"0\" aria-label=\"Tous\">Tous<\/li><li data-filter=\".facilitation-auto-guide\" data-term=\"auto-guide\" data-item-count=\"4\" tabindex=\"0\" aria-label=\"Auto-guid\u00e9\">Auto-guid\u00e9<\/li><li data-filter=\".facilitation-consultation-individuelle\" data-term=\"consultation-individuelle\" data-item-count=\"5\" tabindex=\"0\" aria-label=\"Consultation individuelle\">Consultation individuelle<\/li><li data-filter=\".facilitation-cours-avec-animateur\" data-term=\"cours-avec-animateur\" data-item-count=\"6\" tabindex=\"0\" aria-label=\"Cours avec animateur\">Cours avec animateur<\/li><li data-filter=\".facilitation-services-fr\" data-term=\"services-fr\" data-item-count=\"1\" tabindex=\"0\" aria-label=\"Services\">Services<\/li>\t<\/ul>\n\t<meta itemscope itemprop=\"mainEntityOfPage\" itemtype=\"https:\/\/schema.org\/WebPage\" itemid=\"http:\/\/19198\" content=\"Sessions d&#8217;information et d&#8217;orientation\" \/><meta itemprop=\"datePublished\" content=\"2025-09-12\" \/><meta itemprop=\"dateModified\" content=\"2025-09-15\" \/><meta itemprop=\"name\" content=\"Settlement Online Pre-Arrival (SOPA)\"\/><meta itemprop=\"url\" content=\"https:\/\/arriveprepared.ca\/wp-content\/uploads\/2021\/07\/SOPA-final_full-colour-e1626697811955.png\"\/><meta itemprop=\"url\" content=\"https:\/\/arriveprepared.ca\/fr\/author\/jgarcia\/\" \/><meta itemprop=\"name\" content=\"Jobert Garcia\" \/><meta itemprop=\"url\" content=\"https:\/\/eph3uviheph.exactdn.com\/wp-content\/uploads\/2025\/09\/Information-and-Orientation-Sessions-e1757691685837.jpg?strip=all&#038;lossy=1&#038;ssl=1\" \/><meta itemprop=\"width\" content=\"2560\" \/><meta itemprop=\"height\" content=\"1707\" \/><meta itemprop=\"interactionType\" content=\"https:\/\/schema.org\/CommentAction\" \/><meta itemprop=\"userInteractionCount\" content=\"0\" \/>\n\t\t\t\t\t<a href=\"https:\/\/arriveprepared.ca\/fr\/course\/sessions-dinformation-et-dorientation-io\/\" title=\"Sessions d&#8217;information et d&#8217;orientation\"><\/a>\n\t\t\t\t<img decoding=\"async\" src=\"https:\/\/eph3uviheph.exactdn.com\/wp-content\/uploads\/2025\/09\/Information-and-Orientation-Sessions-768x512.jpg?strip=all\" alt=\"Smiling lady in front of a laptop\" itemprop=\"image\" data-no-lazy=\"1\" title=\"Information-and-Orientation-Sessions\" onerror=\"this.style.display='none'\"  \/>\n\t\t\t\t\t\t\t\t\t\n\t\t\t\t\t\t\t\t\t\t\t\t\t\tSessions d&#8217;information et d&#8217;orientation\t\t\t\t\t\t\t\t\t\t\t\n    Obtenez les bonnes informations avant votre arriv\u00e9e au Canada. Nos sessions nationales d&#8217;information et d&#8217;orientation&#8230;\n\t<meta itemscope itemprop=\"mainEntityOfPage\" itemtype=\"https:\/\/schema.org\/WebPage\" itemid=\"http:\/\/16841\" content=\"Session d&#8217;orientation individuelle\" \/><meta itemprop=\"datePublished\" content=\"2021-12-17\" \/><meta itemprop=\"dateModified\" content=\"2025-09-15\" \/><meta itemprop=\"name\" content=\"Settlement Online Pre-Arrival (SOPA)\"\/><meta itemprop=\"url\" content=\"https:\/\/arriveprepared.ca\/wp-content\/uploads\/2021\/07\/SOPA-final_full-colour-e1626697811955.png\"\/><meta itemprop=\"url\" content=\"https:\/\/arriveprepared.ca\/fr\/author\/jgarcia\/\" \/><meta itemprop=\"name\" content=\"Jobert Garcia\" \/><meta itemprop=\"url\" content=\"https:\/\/eph3uviheph.exactdn.com\/wp-content\/uploads\/2021\/12\/Photos-for-website-3936-\u00d7-2624-px9.png?strip=all&#038;lossy=1&#038;ssl=1\" \/><meta itemprop=\"width\" content=\"3936\" \/><meta itemprop=\"height\" content=\"2624\" \/><meta itemprop=\"interactionType\" content=\"https:\/\/schema.org\/CommentAction\" \/><meta itemprop=\"userInteractionCount\" content=\"0\" \/>\n\t\t\t\t\t<a href=\"https:\/\/arriveprepared.ca\/fr\/course\/seance-dinformation-individuelle-gratuite\/\" title=\"Session d&#8217;orientation individuelle\"><\/a>\n\t\t\t\t<img decoding=\"async\" src=\"https:\/\/eph3uviheph.exactdn.com\/wp-content\/uploads\/2021\/12\/Photos-for-website-3936-\u00d7-2624-px9-768x512.png?strip=all\" alt=\"Photos for website (3936 \u00d7 2624 px)(9)\" itemprop=\"image\" data-no-lazy=\"1\" title=\"Photos for website (3936 \u00d7 2624 px)(9)\" onerror=\"this.style.display='none'\"  \/>\n\t\t\t\t\t\t\t\t\t\n\t\t\t\t\t\t\t\t\t\t\t\t\t\tSession d&#8217;orientation individuelle\t\t\t\t\t\t\t\t\t\t\t\n    Pr\u00e9parez votre d\u00e9m\u00e9nagement au Canada avec l&#8217;aide d&#8217;un expert ! Rencontrez un conseiller \u00e0 l&#8217;accueil&#8230;\n\t<meta itemscope itemprop=\"mainEntityOfPage\" itemtype=\"https:\/\/schema.org\/WebPage\" itemid=\"http:\/\/19203\" content=\"Le Canada se connecte\" \/><meta itemprop=\"datePublished\" content=\"2025-09-12\" \/><meta itemprop=\"dateModified\" content=\"2025-09-15\" \/><meta itemprop=\"name\" content=\"Settlement Online Pre-Arrival (SOPA)\"\/><meta itemprop=\"url\" content=\"https:\/\/arriveprepared.ca\/wp-content\/uploads\/2021\/07\/SOPA-final_full-colour-e1626697811955.png\"\/><meta itemprop=\"url\" content=\"https:\/\/arriveprepared.ca\/fr\/author\/jgarcia\/\" \/><meta itemprop=\"name\" content=\"Jobert Garcia\" \/><meta itemprop=\"url\" content=\"https:\/\/eph3uviheph.exactdn.com\/wp-content\/uploads\/2025\/09\/New-Canada-Connect.jpg?strip=all&#038;lossy=1&#038;ssl=1\" \/><meta itemprop=\"width\" content=\"2233\" \/><meta itemprop=\"height\" content=\"1509\" \/><meta itemprop=\"interactionType\" content=\"https:\/\/schema.org\/CommentAction\" \/><meta itemprop=\"userInteractionCount\" content=\"0\" \/>\n\t\t\t\t\t<a href=\"https:\/\/arriveprepared.ca\/fr\/course\/nouveau-canada-connect\/\" title=\"Le Canada se connecte\"><\/a>\n\t\t\t\t<img decoding=\"async\" src=\"https:\/\/eph3uviheph.exactdn.com\/wp-content\/uploads\/2025\/09\/New-Canada-Connect-768x519.jpg?strip=all\" alt=\"A male and a female in front of a laptop waving their hands\" itemprop=\"image\" data-no-lazy=\"1\" title=\"New-Canada-Connect\" onerror=\"this.style.display='none'\"  \/>\n\t\t\t\t\t\t\t\t\t\n\t\t\t\t\t\t\t\t\t\t\t\t\t\tLe Canada se connecte\t\t\t\t\t\t\t\t\t\t\t\n    \u00c9tablissez des contacts avant d&#8217;atterrir. Le programme New Canada Connect aide les clients avant leur&#8230;\n\t<meta itemscope itemprop=\"mainEntityOfPage\" itemtype=\"https:\/\/schema.org\/WebPage\" itemid=\"http:\/\/18424\" content=\"Pr\u00eat \u00e0 travailler\" \/><meta itemprop=\"datePublished\" content=\"2025-01-11\" \/><meta itemprop=\"dateModified\" content=\"2025-06-08\" \/><meta itemprop=\"name\" content=\"Settlement Online Pre-Arrival (SOPA)\"\/><meta itemprop=\"url\" content=\"https:\/\/arriveprepared.ca\/wp-content\/uploads\/2021\/07\/SOPA-final_full-colour-e1626697811955.png\"\/><meta itemprop=\"url\" content=\"https:\/\/arriveprepared.ca\/fr\/author\/jgarcia\/\" \/><meta itemprop=\"name\" content=\"Jobert Garcia\" \/><meta itemprop=\"url\" content=\"https:\/\/eph3uviheph.exactdn.com\/wp-content\/uploads\/2024\/03\/SOPA-for-refugees.jpg?strip=all&#038;lossy=1&#038;ssl=1\" \/><meta itemprop=\"width\" content=\"1400\" \/><meta itemprop=\"height\" content=\"934\" \/><meta itemprop=\"interactionType\" content=\"https:\/\/schema.org\/CommentAction\" \/><meta itemprop=\"userInteractionCount\" content=\"0\" \/>\n\t\t\t\t\t<a href=\"https:\/\/arriveprepared.ca\/fr\/course\/sopa-pour-les-refugies\/\" title=\"Pr\u00eat \u00e0 travailler\"><\/a>\n\t\t\t\t<img decoding=\"async\" src=\"https:\/\/eph3uviheph.exactdn.com\/wp-content\/uploads\/2024\/03\/SOPA-for-refugees-768x512.jpg?strip=all\" alt=\"SOPA for refugees\" itemprop=\"image\" data-no-lazy=\"1\" title=\"SOPA-for-refugees\" onerror=\"this.style.display='none'\"  \/>\n\t\t\t\t\t\t\t\t\t\n\t\t\t\t\t\t\t\t\t\t\t\t\t\tPr\u00eat \u00e0 travailler\t\t\t\t\t\t\t\t\t\t\t\n    Ready to Work vous pr\u00e9sente des informations importantes sur le march\u00e9 du travail canadien, le&#8230;\n\t<meta itemscope itemprop=\"mainEntityOfPage\" itemtype=\"https:\/\/schema.org\/WebPage\" itemid=\"http:\/\/18422\" content=\"Navigateur de reconnaissance des dipl\u00f4mes \u00e9trangers\" \/><meta itemprop=\"datePublished\" content=\"2024-03-22\" \/><meta itemprop=\"dateModified\" content=\"2025-01-19\" \/><meta itemprop=\"name\" content=\"Settlement Online Pre-Arrival (SOPA)\"\/><meta itemprop=\"url\" content=\"https:\/\/arriveprepared.ca\/wp-content\/uploads\/2021\/07\/SOPA-final_full-colour-e1626697811955.png\"\/><meta itemprop=\"url\" content=\"https:\/\/arriveprepared.ca\/fr\/author\/jgarcia\/\" \/><meta itemprop=\"name\" content=\"Jobert Garcia\" \/><meta itemprop=\"url\" content=\"https:\/\/eph3uviheph.exactdn.com\/wp-content\/uploads\/2024\/03\/Untitled-3936-\u00d7-2624-px4.png?strip=all&#038;lossy=1&#038;ssl=1\" \/><meta itemprop=\"width\" content=\"3936\" \/><meta itemprop=\"height\" content=\"2624\" \/><meta itemprop=\"interactionType\" content=\"https:\/\/schema.org\/CommentAction\" \/><meta itemprop=\"userInteractionCount\" content=\"0\" \/>\n\t\t\t\t\t<a href=\"https:\/\/arriveprepared.ca\/fr\/course\/navigateur-de-reconnaissance-des-diplomes-etrangers\/\" title=\"Navigateur de reconnaissance des dipl\u00f4mes \u00e9trangers\"><\/a>\n\t\t\t\t<img decoding=\"async\" src=\"https:\/\/eph3uviheph.exactdn.com\/wp-content\/uploads\/2024\/03\/Untitled-3936-\u00d7-2624-px4-768x512.png?strip=all\" alt=\"Untitled (3936 \u00d7 2624 px)(4)\" itemprop=\"image\" data-no-lazy=\"1\" title=\"Untitled (3936 \u00d7 2624 px)(4)\" onerror=\"this.style.display='none'\"  \/>\n\t\t\t\t\t\t\t\t\t\n\t\t\t\t\t\t\t\t\t\t\t\t\t\tNavigateur de reconnaissance des dipl\u00f4mes \u00e9trangers\t\t\t\t\t\t\t\t\t\t\t\n    B\u00e9n\u00e9ficiez du soutien d&#8217;un expert sur la voie de la r\u00e9ussite professionnelle. Nos navigateurs FCR&#8230;\n\t<meta itemscope itemprop=\"mainEntityOfPage\" itemtype=\"https:\/\/schema.org\/WebPage\" itemid=\"http:\/\/18423\" content=\"SOPA pour les jeunes : Passeport pour la r\u00e9ussite\" \/><meta itemprop=\"datePublished\" content=\"2025-01-11\" \/><meta itemprop=\"dateModified\" content=\"2025-01-19\" \/><meta itemprop=\"name\" content=\"Settlement Online Pre-Arrival (SOPA)\"\/><meta itemprop=\"url\" content=\"https:\/\/arriveprepared.ca\/wp-content\/uploads\/2021\/07\/SOPA-final_full-colour-e1626697811955.png\"\/><meta itemprop=\"url\" content=\"https:\/\/arriveprepared.ca\/fr\/author\/jgarcia\/\" \/><meta itemprop=\"name\" content=\"Jobert Garcia\" \/><meta itemprop=\"url\" content=\"https:\/\/eph3uviheph.exactdn.com\/wp-content\/uploads\/2025\/01\/SOPA-for-youth.jpg?strip=all&#038;lossy=1&#038;ssl=1\" \/><meta itemprop=\"width\" content=\"1500\" \/><meta itemprop=\"height\" content=\"1001\" \/><meta itemprop=\"interactionType\" content=\"https:\/\/schema.org\/CommentAction\" \/><meta itemprop=\"userInteractionCount\" content=\"0\" \/>\n\t\t\t\t\t<a href=\"https:\/\/arriveprepared.ca\/fr\/course\/sopa-pour-les-jeunes-passeport-pour-la-reussite\/\" title=\"SOPA pour les jeunes : Passeport pour la r\u00e9ussite\"><\/a>\n\t\t\t\t<img decoding=\"async\" src=\"https:\/\/eph3uviheph.exactdn.com\/wp-content\/uploads\/2025\/01\/SOPA-for-youth-768x513.jpg?strip=all\" alt=\"SOPA for Youth\" itemprop=\"image\" data-no-lazy=\"1\" title=\"SOPA-for-youth\" onerror=\"this.style.display='none'\"  \/>\n\t\t\t\t\t\t\t\t\t\n\t\t\t\t\t\t\t\t\t\t\t\t\t\tSOPA pour les jeunes : Passeport pour la r\u00e9ussite\t\t\t\t\t\t\t\t\t\t\t\n    SOPA for Youth fournit des informations importantes sur les comp\u00e9tences essentielles pour r\u00e9ussir sur le&#8230;\n\t<meta itemscope itemprop=\"mainEntityOfPage\" itemtype=\"https:\/\/schema.org\/WebPage\" itemid=\"http:\/\/16835\" content=\"Soft Skills : Communication sur le lieu de travail\" \/><meta itemprop=\"datePublished\" content=\"2021-12-17\" \/><meta itemprop=\"dateModified\" content=\"2024-03-28\" \/><meta itemprop=\"name\" content=\"Settlement Online Pre-Arrival (SOPA)\"\/><meta itemprop=\"url\" content=\"https:\/\/arriveprepared.ca\/wp-content\/uploads\/2021\/07\/SOPA-final_full-colour-e1626697811955.png\"\/><meta itemprop=\"url\" content=\"https:\/\/arriveprepared.ca\/fr\/author\/aziatdinova\/\" \/><meta itemprop=\"name\" content=\"Albina Ziatdinova\" \/><meta itemprop=\"url\" content=\"https:\/\/eph3uviheph.exactdn.com\/wp-content\/uploads\/2022\/02\/Fotolia_72282672_Subscription_Monthly_XXL-PCurriculaISANS-EditedCurricula2014CWB2015Version-ISANSInDesignBooksCovers-ISANSLinksOriginalImages-scaled.jpg?strip=all&#038;lossy=1&#038;ssl=1\" \/><meta itemprop=\"width\" content=\"2560\" \/><meta itemprop=\"height\" content=\"1707\" \/><meta itemprop=\"interactionType\" content=\"https:\/\/schema.org\/CommentAction\" \/><meta itemprop=\"userInteractionCount\" content=\"0\" \/>\n\t\t\t\t\t<a href=\"https:\/\/arriveprepared.ca\/fr\/course\/competences-personelles-communication-sur-le-lieu-de-travail\/\" title=\"Soft Skills : Communication sur le lieu de travail\"><\/a>\n\t\t\t\t<img decoding=\"async\" src=\"https:\/\/eph3uviheph.exactdn.com\/wp-content\/uploads\/2022\/02\/Fotolia_72282672_Subscription_Monthly_XXL-PCurriculaISANS-EditedCurricula2014CWB2015Version-ISANSInDesignBooksCovers-ISANSLinksOriginalImages-768x512.jpg?strip=all\" alt=\"friendly business team using tablet computer in office\" itemprop=\"image\" data-no-lazy=\"1\" title=\"business team using tablet computer\" onerror=\"this.style.display='none'\"  \/>\n\t\t\t\t\t\t\t\t\t\n\t\t\t\t\t\t\t\t\t\t\t\t\t\tSoft Skills : Communication sur le lieu de travail\t\t\t\t\t\t\t\t\t\t\t\n    Dans ce cours avec animateur, vous vous familiariserez avec deux types de communication au travail&#8230;\n\t<meta itemscope itemprop=\"mainEntityOfPage\" itemtype=\"https:\/\/schema.org\/WebPage\" itemid=\"http:\/\/16838\" content=\"Comp\u00e9tences g\u00e9n\u00e9rales : Travailler avec les autres\" \/><meta itemprop=\"datePublished\" content=\"2021-11-30\" \/><meta itemprop=\"dateModified\" content=\"2022-09-08\" \/><meta itemprop=\"name\" content=\"Settlement Online Pre-Arrival (SOPA)\"\/><meta itemprop=\"url\" content=\"https:\/\/arriveprepared.ca\/wp-content\/uploads\/2021\/07\/SOPA-final_full-colour-e1626697811955.png\"\/><meta itemprop=\"url\" content=\"https:\/\/arriveprepared.ca\/fr\/author\/aziatdinova\/\" \/><meta itemprop=\"name\" content=\"Albina Ziatdinova\" \/><meta itemprop=\"url\" content=\"https:\/\/eph3uviheph.exactdn.com\/wp-content\/uploads\/2021\/11\/working-with-others.jpg?strip=all&#038;lossy=1&#038;ssl=1\" \/><meta itemprop=\"width\" content=\"800\" \/><meta itemprop=\"height\" content=\"533\" \/><meta itemprop=\"interactionType\" content=\"https:\/\/schema.org\/CommentAction\" \/><meta itemprop=\"userInteractionCount\" content=\"0\" \/>\n\t\t\t\t\t<a href=\"https:\/\/arriveprepared.ca\/fr\/course\/competences-generales-travailler-avec-les-autres\/\" title=\"Comp\u00e9tences g\u00e9n\u00e9rales : Travailler avec les autres\"><\/a>\n\t\t\t\t<img decoding=\"async\" src=\"https:\/\/eph3uviheph.exactdn.com\/wp-content\/uploads\/2021\/11\/working-with-others-768x512.jpg?strip=all\" alt=\"People working with each other\" itemprop=\"image\" data-no-lazy=\"1\" title=\"working-with-others\" onerror=\"this.style.display='none'\"  \/>\n\t\t\t\t\t\t\t\t\t\n\t\t\t\t\t\t\t\t\t\t\t\t\t\tComp\u00e9tences g\u00e9n\u00e9rales : Travailler avec les autres\t\t\t\t\t\t\t\t\t\t\t\n    Dans ce cours avec animateur, vous allez examiner les strat\u00e9gies et le langage permettant de&#8230;\n\t\t\t\t<ul class='page-numbers'>\n\t<li>1<\/li>\n\t<li><a href=\"https:\/\/arriveprepared.ca\/fr\/page\/2\/?page_id=16763&#038;fl_builder\">2<\/a><\/li>\n<\/ul>\n\t\t\t\t\tChargement en cours&#8230;\n\t\t\t\t\t<img decoding=\"async\" src=\"https:\/\/eph3uviheph.exactdn.com\/wp-content\/plugins\/bbpowerpack\/assets\/images\/spinner.gif\" alt=\"loader\" \/>\n\t\t<!-- .pp-content-posts -->\n<h2  data-animation-delay=\"0\" data-animation-duration=\"1\">\n\t\t\tRegister Today\t<\/h2>\n\t<p>Arrive one step ahead. Pre-arrival services that are initiated earlier in your immigration journey will help you effectively address your needs and build connections within your new local community and between pre-arrival and post arrival services. <\/p>\n<p>SOPA Staff understand the importance of early action and preparation, and we are here to support  you every step of the way.<\/p>\n<p> Which province are you going to? <\/p>\n<form name=\"dropdown\">\n\t<select name=\"selected\" id=\"target\" accesskey=\"E\">\n\t<option selected=\"\" value=\"#\">Choose destination province&#8230;<\/option>\n\t<option value=\"https:\/\/cm2sopa.neworg.com\/Default.asp?PageNum=59\">Alberta<\/option>\n\t<option value=\"https:\/\/cm2sopa.neworg.com\/Default.asp?PageNum=59\">British Columbia<\/option>\n\t<option value=\"https:\/\/cm2sopa.neworg.com\/Default.asp?PageNum=59\">Manitoba<\/option>\t\n\t<option value=\"https:\/\/cm2isans.neworg.com\/Default.asp?PageNum=49\">New Brunswick<\/option>\n\t<option value=\"https:\/\/cm2isans.neworg.com\/Default.asp?PageNum=49\">Newfoundland and Labrador<\/option>\n\t<option value=\"https:\/\/cm2sopa.neworg.com\/Default.asp?PageNum=59\">Northwest Territories<\/option>\n\t<option value=\"https:\/\/cm2isans.neworg.com\/Default.asp?PageNum=49\">Nova Scotia<\/option>\n\t<option value=\"https:\/\/cm2sopa.neworg.com\/Default.asp?PageNum=59\">Nunavut<\/option>\n\t<option value=\"https:\/\/cm2sopa.neworg.com\/Default.asp?PageNum=59\">Ontario<\/option>\n\t<option value=\"https:\/\/cm2isans.neworg.com\/Default.asp?PageNum=49\">Prince Edward Island<\/option>\n\t<option value=\"https:\/\/cm2sopa.neworg.com\/Default.asp?PageNum=59\">Saskatchewan<\/option>\n\t<option value=\"https:\/\/cm2sopa.neworg.com\/Default.asp?PageNum=59\">Yukon<\/option>\n\t<option value=\"https:\/\/cm2sopa.neworg.com\/Default.asp?PageNum=59\">Do not know<\/option>\n\t<\/select>\n\t<input type=\"button\" value=\"Register\" onclick=\"goToNewPage(document.dropdown.selected)\"\/>\n<\/form>\n\t\t\t\t<img decoding=\"async\" src=\"https:\/\/eph3uviheph.exactdn.com\/wp-content\/uploads\/2025\/09\/IEDI-banner-e1759349064300-1024x692.jpg?strip=all\" alt=\"Images of people who are featured in the IEDI video series\" itemprop=\"image\" title=\"IEDI-banner\" onerror=\"this.style.display='none'\" loading=\"lazy\" \/>\n<h2>\n\t\t\tS\u00e9rie de vid\u00e9os sur l&#8217;\u00e9quit\u00e9 interculturelle, la diversit\u00e9 et l&#8217;inclusion (IEDI)\t<\/h2>\n\t\t\t<a href=\"https:\/\/arriveprepared.ca\/fr\/serie-de-videos-sur-lequite-interculturelle-la-diversite-et-linclusion-iedi\/\" target=\"_self\">\n\t\t\t\t\t\t\tRegardez les vid\u00e9os\n\t\t\t\t\t<\/a>\n\n","protected":false},"excerpt":{"rendered":"<p>Cours et services Organisez une consultation gratuite avec l&#8217;un des membres de notre personnel pour vous aider \u00e0 arriver pr\u00eat \u00e0 vous installer et \u00e0 travailler au Canada. SOPA online&hellip;<\/p>\n","protected":false},"author":1,"featured_media":0,"parent":0,"menu_order":0,"comment_status":"closed","ping_status":"closed","template":"","meta":{"om_disable_all_campaigns":false,"_monsterinsights_skip_tracking":false,"_monsterinsights_sitenote_active":false,"_monsterinsights_sitenote_note":"","_monsterinsights_sitenote_category":0,"_uf_show_specific_survey":0,"_uf_disable_surveys":false,"footnotes":""},"class_list":["post-16763","page","type-page","status-publish","hentry"],"aioseo_notices":[],"jetpack_likes_enabled":false,"jetpack_sharing_enabled":true,"_links":{"self":[{"href":"https:\/\/arriveprepared.ca\/fr\/wp-json\/wp\/v2\/pages\/16763","targetHints":{"allow":["GET"]}}],"collection":[{"href":"https:\/\/arriveprepared.ca\/fr\/wp-json\/wp\/v2\/pages"}],"about":[{"href":"https:\/\/arriveprepared.ca\/fr\/wp-json\/wp\/v2\/types\/page"}],"author":[{"embeddable":true,"href":"https:\/\/arriveprepared.ca\/fr\/wp-json\/wp\/v2\/users\/1"}],"replies":[{"embeddable":true,"href":"https:\/\/arriveprepared.ca\/fr\/wp-json\/wp\/v2\/comments?post=16763"}],"version-history":[{"count":11,"href":"https:\/\/arriveprepared.ca\/fr\/wp-json\/wp\/v2\/pages\/16763\/revisions"}],"predecessor-version":[{"id":19378,"href":"https:\/\/arriveprepared.ca\/fr\/wp-json\/wp\/v2\/pages\/16763\/revisions\/19378"}],"wp:attachment":[{"href":"https:\/\/arriveprepared.ca\/fr\/wp-json\/wp\/v2\/media?parent=16763"}],"curies":[{"name":"wp","href":"https:\/\/api.w.org\/{rel}","templated":true}]}}