{"id":16761,"date":"2021-08-04T17:44:44","date_gmt":"2021-08-04T20:44:44","guid":{"rendered":"https:\/\/arriveprepared.ca\/a-propos\/"},"modified":"2025-03-17T16:08:04","modified_gmt":"2025-03-17T19:08:04","slug":"a-propos","status":"publish","type":"page","link":"https:\/\/arriveprepared.ca\/fr\/a-propos\/","title":{"rendered":"\u00c0 propos"},"content":{"rendered":"\n<h1>\n\t\tPr\u00e9parez-vous \u00e0 une recherche d&#8217;emploi fructueuse au Canada avant votre arriv\u00e9e\n\t<\/h1>\n\t<p>L&#8217;\u00e9tablissement en ligne avant l&#8217;arriv\u00e9e (SOPA) est un programme gratuit con\u00e7u pour aider les immigrants autoris\u00e9s \u00e0 venir au Canada \u00e0 prendre une longueur d&#8217;avance dans leur recherche d&#8217;emploi et leur pr\u00e9paration au march\u00e9 du travail. Nous offrons un soutien personnalis\u00e9 avant l&#8217;emploi, vous aidant \u00e0 comprendre le march\u00e9 du travail canadien, \u00e0 \u00e9tablir des relations et \u00e0 acqu\u00e9rir les comp\u00e9tences n\u00e9cessaires pour obtenir un emploi dans votre domaine. <\/p>\n\t\t\t<a href=\"https:\/\/arriveprepared.ca\/fr\/cours-et-services\/\" target=\"_self\">\n\t\t\t\t\t\t\tNos cours\n\t\t\t\t\t<\/a>\n\t\t\t<a href=\"https:\/\/arriveprepared.ca\/fr\/suis-je-eligible\/\" target=\"_self\">\n\t\t\t\t\t\t\tSuis-je \u00e9ligible ?\n\t\t\t\t\t<\/a>\n\t<p>Fourni par un r\u00e9seau de six agences d&#8217;\u00e9tablissement \u00e0 travers le Canada, SOPA offre.. :<\/p>\n<ul>\n<li>Cours interactifs en ligne anim\u00e9s par des facilitateurs exp\u00e9riment\u00e9s<\/li>\n<li>Coaching individuel avec des sp\u00e9cialistes canadiens de l&#8217;emploi<\/li>\n<li>Ressources et outils de recherche d&#8217;emploi sp\u00e9cifiques aux industries canadiennes<\/li>\n<li>Orientations sur la reconnaissance des dipl\u00f4mes et l&#8217;octroi de licences professionnelles<\/li>\n<li>Possibilit\u00e9s d&#8217;entrer en contact avec des employeurs et des r\u00e9seaux industriels<\/li>\n<li>Des informations compl\u00e8tes pour vous aider \u00e0 vous installer dans votre nouvelle communaut\u00e9<\/li>\n<\/ul>\n\t<p>Notre programme est accessible depuis n&#8217;importe o\u00f9 dans le monde, ce qui vous permet de commencer votre parcours professionnel au Canada avant votre arriv\u00e9e.<\/p>\n<p><strong>Commencez \u00e0 vous pr\u00e9parer d\u00e8s aujourd&#8217;hui et arrivez pr\u00eat \u00e0 travailler au Canada.<\/strong><\/p>\n<h2>\n\t\tS\u00e9ance d&#8217;information individuelle gratuite\n\t<\/h2>\n\t<p>Une fois inscrit, vous commencerez par une s\u00e9ance d&#8217;accueil et d&#8217;orientation o\u00f9 vous rencontrerez un conseiller \u00e0 l&#8217;accueil de l&#8217;organisme partenaire de SOPA dans votre province canadienne de destination. Nos conseillers \u00e0 accueil vous guideront tout au long d&#8217;une s\u00e9ance de planification personnalis\u00e9e d&#8217;une heure sur vos objectifs de carri\u00e8re et d&#8217;\u00e9tablissement.<\/p>\n<p>Au cours de cette session, nous vous aiderons \u00e0 \u00e9laborer un plan d&#8217;action et \u00e0 d\u00e9terminer vos besoins et objectifs individuels en mati\u00e8re d&#8217;emploi, en vous garantissant un soutien personnalis\u00e9 avant l&#8217;embauche.<\/p>\n\t\t\t<a href=\"https:\/\/arriveprepared.ca\/course\/free-one-on-one-information-session\/\" target=\"_blank\" rel=\"noopener\">\n\t\t\t\t\t\t\tEn savoir plus\n\t\t\t\t\t<\/a>\n\t\t\t\t<img decoding=\"async\" src=\"https:\/\/eph3uviheph.exactdn.com\/wp-content\/uploads\/2021\/12\/Free-One-on-One-Information-Sessions-Feature.jpg?strip=all&resize=500%2C500\" alt=\"Free One-on-One Information Sessions Feature\" itemprop=\"image\" height=\"500\" width=\"500\" title=\"Free One-on-One Information Sessions Feature\" onerror=\"this.style.display='none'\"  \/>\n\t\t\t\t<img decoding=\"async\" src=\"https:\/\/eph3uviheph.exactdn.com\/wp-content\/uploads\/2021\/12\/Free-Courses-Feature.jpg?strip=all&resize=500%2C500\" alt=\"Free Courses Feature\" itemprop=\"image\" height=\"500\" width=\"500\" title=\"Free Courses Feature\" onerror=\"this.style.display='none'\"  \/>\n<h2>\n\t\tCours gratuits\n\t<\/h2>\n\t<p>Lors de votre s\u00e9ance d&#8217;orientation, un conseiller d&#8217;accueil vous aidera \u00e0 choisir un ou plusieurs cours du SOPA pour vous aider \u00e0 vous pr\u00e9parer \u00e0 travailler au Canada.<\/p>\n<p>Les cours de SOPA vous aident \u00e0 d\u00e9velopper les comp\u00e9tences n\u00e9cessaires \u00e0 votre recherche d&#8217;emploi et \u00e0 travailler au Canada. Si vous avez d\u00e9j\u00e0 une offre d&#8217;emploi, les cours de SOPA vous fourniront les outils de communication n\u00e9cessaires pour r\u00e9ussir sur le march\u00e9 du travail canadien.<\/p>\n<p>En participant aux cours en ligne de SOPA, vous arriverez au Canada <b>mieux pr\u00e9par\u00e9<\/b>, plus <b>confiant<\/b> et vous entrerez sur le march\u00e9 du travail <b>plus t\u00f4t !<\/b><\/p>\n<p>Inscrivez-vous d\u00e8s aujourd&#8217;hui !<\/p>\n\t\t\t<a href=\"https:\/\/arriveprepared.ca\/fr\/cours-et-services\/\" target=\"_blank\" rel=\"noopener\">\n\t\t\t\t\t\t\tEn savoir plus\n\t\t\t\t\t<\/a>\n<h2>\n\t\tConseils gratuits en mati\u00e8re d&#8217;emploi\n\t<\/h2>\n\t<p>Obtenez de l&#8217;aide pour \u00e9tablir vos objectifs de carri\u00e8re et trouver du travail dans votre domaine au Canada avant d&#8217;arriver au Canada<\/p>\n<p>Apr\u00e8s avoir rencontr\u00e9 votre conseiller d&#8217;accueil, vous pouvez prendre rendez-vous pour des s\u00e9ances individuelles en ligne avec un sp\u00e9cialiste de l&#8217;emploi dans la province de votre destination afin de discuter de vos objectifs de carri\u00e8re et de formuler votre plan d&#8217;action individualis\u00e9. Les sp\u00e9cialistes de l&#8217;emploi de la SOPA sont bas\u00e9s dans les provinces de l&#8217;Atlantique, en Ontario, au Manitoba, en Saskatchewan, en Alberta et en Colombie-Britannique et sont pr\u00eats \u00e0 vous fournir un soutien local en mati\u00e8re de recherche d&#8217;emploi. <\/p>\n<p>Il n&#8217;est jamais trop t\u00f4t pour planifier votre carri\u00e8re au Canada! Rencontrez votre sp\u00e9cialiste en emploi maintenant. Arrivez pr\u00e9par\u00e9.<\/p>\n\t\t\t<a href=\"https:\/\/arriveprepared.ca\/course\/free-one-on-one-employment-counselling-session\/\" target=\"_blank\" rel=\"noopener\">\n\t\t\t\t\t\t\tEn savoir plus\n\t\t\t\t\t<\/a>\n\t\t\t\t<img decoding=\"async\" src=\"https:\/\/eph3uviheph.exactdn.com\/wp-content\/uploads\/2022\/03\/Luz-Cerda-scaled.jpg?strip=all&resize=1920%2C2560\" alt=\"Luz Cerda\" itemprop=\"image\" height=\"2560\" width=\"1920\" title=\"Luz Cerda\" onerror=\"this.style.display='none'\"  \/>\n<h2>\n\t\tInscrivez-vous aujourd&#8217;hui\n\t<\/h2>\n\t<p>Arrivez avec une longueur d&#8217;avance. Arrivez avec une longueur d&#8217;avance. Les services pr\u00e9-arriv\u00e9e initi\u00e9s t\u00f4t au cours de votre parcours d&#8217;immigration vous aideront \u00e0 r\u00e9pondre efficacement \u00e0 vos besoins et \u00e0 \u00e9tablir des liens au sein de votre nouvelle communaut\u00e9 locale et entre les services avant arriv\u00e9e et apr\u00e8s arriv\u00e9e. <\/p>\n<p>Le personnel du programme SOPA comprend l&#8217;importance d&#8217;une action et d&#8217;une pr\u00e9paration pr\u00e9coces, et nous sommes l\u00e0 pour vous soutenir \u00e0 chaque \u00e9tape du processus.<\/p>\nDans quelle province allez-vous ?\n<form name=\"dropdown\">\n\t<select name=\"selected\" id=\"target\" accesskey=\"E\">\n\t<option selected value=\"#\">Choisissez la province de destination&#8230;<\/option>\n\t<option value=\"https:\/\/cm2sopa.neworg.com\/Default.asp?PageNum=59\">L&#8217;Alberta<\/option>\n\t<option value=\"https:\/\/cm2sopa.neworg.com\/Default.asp?PageNum=59\">La Colombie-Britannique<\/option>\n\t<option value=\"https:\/\/cm2sopa.neworg.com\/Default.asp?PageNum=59\">Le Manitoba<\/option>\t\n\t<option value=\"https:\/\/cm2isans.neworg.com\/Default.asp?PageNum=49\">Le Nouveau Brunswick<\/option>\n\t<option value=\"https:\/\/cm2isans.neworg.com\/Default.asp?PageNum=49\">La Terre-Neuve et Labrador<\/option>\n\t<option value=\"https:\/\/cm2sopa.neworg.com\/Default.asp?PageNum=59\">Les Territoires du Nord-Ouest<\/option>\n\t<option value=\"https:\/\/cm2isans.neworg.com\/Default.asp?PageNum=49\">La Nouvelle-\u00c9cosse<\/option>\n\t<option value=\"https:\/\/cm2sopa.neworg.com\/Default.asp?PageNum=59\">Le Nunavut<\/option>\n\t<option value=\"https:\/\/cm2sopa.neworg.com\/Default.asp?PageNum=59\">L&#8217;Ontario<\/option>\n\t<option value=\"https:\/\/cm2isans.neworg.com\/Default.asp?PageNum=49\">\u00cele-du-Prince-\u00c9douard<\/option>\n\t<option value=\"https:\/\/cm2sopa.neworg.com\/Default.asp?PageNum=59\">La Saskatchewan<\/option>\n\t<option value=\"https:\/\/cm2sopa.neworg.com\/Default.asp?PageNum=59\">Le Yukon<\/option>\n\t<\/select>\n\t<input type=\"button\" value=\"Register\" onclick=\"goToNewPage(document.dropdown.selected)\"\/>\n<\/form>\n<h4>\n\t\tJ&#8217;ai \u00e9galement appris l&#8217;existence des cours offert par SOPA et j&#8217;ai d\u00e9cid\u00e9 d&#8217;en profiter pour en apprendre davantage sur la culture du travail au Canada, les pratiques et les outils de recherche d&#8217;emploi au Canada ainsi que sur les aspects li\u00e9s \u00e0 l&#8217;int\u00e9gration professionnelle J&#8217;ai profit\u00e9 de ces cours pour comprendre ce qu&#8217;est un C.V. et une lettre de motivation sur mesure et comment le processus de s\u00e9lection est structur\u00e9. Ils m&#8217;ont beaucoup aid\u00e9 \u00e0 me pr\u00e9parer \u00e0 un entretien en le d\u00e9composant en diff\u00e9rentes \u00e9tapes, selon le type de questions et les erreurs courantes.\n\t<\/h4>\n<h3>\n\t\t&#8211; Timur Ganiev, client SOPA au Manitoba\n\t<\/h3>\n\n","protected":false},"excerpt":{"rendered":"<p>Pr\u00e9parez-vous \u00e0 une recherche d&#8217;emploi fructueuse au Canada avant votre arriv\u00e9e L&#8217;\u00e9tablissement en ligne avant l&#8217;arriv\u00e9e (SOPA) est un programme gratuit con\u00e7u pour aider les immigrants autoris\u00e9s \u00e0 venir au&hellip;<\/p>\n","protected":false},"author":1,"featured_media":0,"parent":0,"menu_order":0,"comment_status":"closed","ping_status":"closed","template":"","meta":{"om_disable_all_campaigns":false,"_monsterinsights_skip_tracking":false,"_monsterinsights_sitenote_active":false,"_monsterinsights_sitenote_note":"","_monsterinsights_sitenote_category":0,"_uf_show_specific_survey":0,"_uf_disable_surveys":false,"footnotes":""},"class_list":["post-16761","page","type-page","status-publish","hentry"],"aioseo_notices":[],"jetpack_likes_enabled":false,"jetpack_sharing_enabled":true,"_links":{"self":[{"href":"https:\/\/arriveprepared.ca\/fr\/wp-json\/wp\/v2\/pages\/16761","targetHints":{"allow":["GET"]}}],"collection":[{"href":"https:\/\/arriveprepared.ca\/fr\/wp-json\/wp\/v2\/pages"}],"about":[{"href":"https:\/\/arriveprepared.ca\/fr\/wp-json\/wp\/v2\/types\/page"}],"author":[{"embeddable":true,"href":"https:\/\/arriveprepared.ca\/fr\/wp-json\/wp\/v2\/users\/1"}],"replies":[{"embeddable":true,"href":"https:\/\/arriveprepared.ca\/fr\/wp-json\/wp\/v2\/comments?post=16761"}],"version-history":[{"count":10,"href":"https:\/\/arriveprepared.ca\/fr\/wp-json\/wp\/v2\/pages\/16761\/revisions"}],"predecessor-version":[{"id":18581,"href":"https:\/\/arriveprepared.ca\/fr\/wp-json\/wp\/v2\/pages\/16761\/revisions\/18581"}],"wp:attachment":[{"href":"https:\/\/arriveprepared.ca\/fr\/wp-json\/wp\/v2\/media?parent=16761"}],"curies":[{"name":"wp","href":"https:\/\/api.w.org\/{rel}","templated":true}]}}