{"id":16757,"date":"2021-12-21T15:33:28","date_gmt":"2021-12-21T19:33:28","guid":{"rendered":"https:\/\/arriveprepared.ca\/employeurs-et-partenaires\/"},"modified":"2025-10-04T14:37:00","modified_gmt":"2025-10-04T17:37:00","slug":"employeurs-et-partenaires","status":"publish","type":"page","link":"https:\/\/arriveprepared.ca\/fr\/employeurs-et-partenaires\/","title":{"rendered":"Devenez un employeur SOPA"},"content":{"rendered":"\n<h2>\n\t\tUn partenariat d&#8217;organismes d&#8217;\u00e9tablissement partout au Canada\n\t<\/h2>\n\t<p>Les services en ligne d&#8217;\u00e9tablissement avant l&#8217;arriv\u00e9e (SOPA, ou Settlement Online Pre-arrival) est une initiative innovante de ISANS cr\u00e9\u00e9e pour am\u00e9liorer les liens entre les services avant et apr\u00e8s l&#8217;arriv\u00e9e en utilisant la suite d&#8217;outils professionnels en ligne de ISANS.<\/p>\n<p>Le programme SOPA est une plate-forme commune et des outils \u00e9prouv\u00e9s de pr\u00e9-emploi et d&#8217;int\u00e9gration de la main-d&#8217; \u0153uvre. SOPA s&#8217;appuie sur l&#8217;avantage strat\u00e9gique des organisations partenaires et sur les connaissances, l&#8217;exp\u00e9rience, les contacts et le travail qu&#8217;elles font d\u00e9j\u00e0. SOPA se consacre \u00e0 l&#8217;int\u00e9gration \u00e9conomique des immigr\u00e9s. C&#8217;est gratuit pour les inscrits admissibles.<\/p>\n\t\t\t<a href=\"https:\/\/arriveprepared.ca\/fr\/cours-et-services\/\" target=\"_self\" role=\"button\" rel=\"noopener\">\n\t\t\t\t\t\t\tNos cours\n\t\t\t\t\t<\/a>\n\t\t\t<a href=\"https:\/\/arriveprepared.ca\/fr\/partenaires\/\" target=\"_self\" role=\"button\" rel=\"noopener\">\n\t\t\t\t\t\t\tPartenaires\n\t\t\t\t\t<\/a>\n<h1>\n\t\tDevenez un employeur SOPA\n\t<\/h1>\n\t<p>SOPA offre un soutien personnalis\u00e9 en mati\u00e8re d&#8217;\u00e9tablissement et de plan de carri\u00e8re aux immigrants approuv\u00e9s pendant qu&#8217;ils attendent encore d&#8217;arriver au Canada. Nous pouvons vous aider \u00e0 entrer en contact avec des professionnels qualifi\u00e9s et m\u00eame \u00e0 pr\u00e9s\u00e9lectionner des candidats en fonction de vos besoins en mati\u00e8re d&#8217;emploi. Nos clients sont form\u00e9s sur les sujets suivants:<\/p>\n<ul>\n<li>La culture du milieu de travail canadien<\/li>\n<li>Attentes des employeurs;<\/li>\n<li>R\u00e8gles du travail, normes du travail, sant\u00e9 et s\u00e9curit\u00e9 au travail et droits de la personne en milieu de travail;<\/li>\n<li>Communication interculturelle et int\u00e9gration sur le lieu de travail;<\/li>\n<li>Gestion des conversations difficiles;<\/li>\n<li>Processus de recherche d&#8217;emploi au Canada<\/li>\n<\/ul>\n\t\t\t<a href=\"https:\/\/arriveprepared.ca\/fr\/nous-contacter\/\" target=\"_blank\" role=\"button\" rel=\"noopener\">\n\t\t\t\t\t\t\tContactez-nous pour plus d&#8217;information\n\t\t\t\t\t<\/a>\n\t\t\t\t<img decoding=\"async\" src=\"https:\/\/eph3uviheph.exactdn.com\/wp-content\/uploads\/2022\/02\/Fotolia_72282672_Subscription_Monthly_XXL-PCurriculaISANS-EditedCurricula2014CWB2015Version-ISANSInDesignBooksCovers-ISANSLinksOriginalImages-scaled.jpg?strip=all&resize=1920%2C1280\" alt=\"friendly business team using tablet computer in office\" itemprop=\"image\" height=\"1707\" width=\"2560\" title=\"business team using tablet computer\" onerror=\"this.style.display='none'\"  \/>\n\t\n\n\n<div id=\"js-wpv-addon-maps-render-map-5\" style=\"width:100%; height:250px;\" class=\"wpv-addon-maps-render js-wpv-addon-maps-render js-wpv-addon-maps-render-map-5 \" data-map=\"map-5\" data-generalzoom=\"5\" data-generalcenterlat=\"0\" data-generalcenterlon=\"0\" data-fitbounds=\"on\" data-singlezoom=\"14\" data-singlecenter=\"on\" data-osmlayer=\"standard\" data-maptype=\"roadmap\" data-showlayerinterests=\"false\" data-markericon=\"\/\/arriveprepared.ca\/wp-content\/plugins\/toolset-maps\/resources\/images\/markers\/Buildings.png\" data-markericonhover=\"\" data-draggable=\"on\" data-scrollwheel=\"on\" data-doubleclickzoom=\"on\" data-maptypecontrol=\"on\" data-fullscreencontrol=\"on\" data-zoomcontrol=\"on\" data-streetviewcontrol=\"on\" data-backgroundcolor=\"\" data-cluster=\"on\" data-clustergridsize=\"60\" data-clustermaxzoom=\"\" data-clusterclickzoom=\"on\" data-clusterminsize=\"2\" data-stylejson=\"https:\/\/arriveprepared.ca\/wp-content\/uploads\/2021\/12\/custommapstylepurple.json\" data-spiderfy=\"off\" data-streetview=\"off\" data-markerid=\"\" data-location=\"\" data-lat=\"0\" data-long=\"0\" data-heading=\"\" data-pitch=\"\"><\/div>\n<div id=\"wpv-view-layout-13799\" class=\"js-wpv-view-layout js-wpv-layout-responsive js-wpv-view-layout-13799\" data-viewnumber=\"13799\" data-pagination=\"{&quot;id&quot;:13799,&quot;query&quot;:&quot;normal&quot;,&quot;type&quot;:&quot;disabled&quot;,&quot;effect&quot;:&quot;fade&quot;,&quot;duration&quot;:500,&quot;speed&quot;:5,&quot;pause_on_hover&quot;:&quot;enabled&quot;,&quot;stop_rollover&quot;:&quot;false&quot;,&quot;cache_pages&quot;:&quot;enabled&quot;,&quot;preload_images&quot;:&quot;enabled&quot;,&quot;preload_pages&quot;:&quot;enabled&quot;,&quot;preload_reach&quot;:1,&quot;spinner&quot;:&quot;builtin&quot;,&quot;spinner_image&quot;:&quot;https:\/\/arriveprepared.ca\/wp-content\/plugins\/toolset-blocks\/embedded\/res\/img\/ajax-loader.gif&quot;,&quot;callback_next&quot;:&quot;&quot;,&quot;manage_history&quot;:&quot;enabled&quot;,&quot;has_controls_in_form&quot;:&quot;disabled&quot;,&quot;infinite_tolerance&quot;:&quot;0&quot;,&quot;max_pages&quot;:0,&quot;page&quot;:1,&quot;base_permalink&quot;:&quot;\/fr\/wp-json\/wp\/v2\/pages\/16757?wpv_view_count=13799&amp;wpv_paged=WPV_PAGE_NUM&quot;,&quot;loop&quot;:{&quot;type&quot;:&quot;&quot;,&quot;name&quot;:&quot;&quot;,&quot;data&quot;:[],&quot;id&quot;:0}}\" data-permalink=\"\/fr\/wp-json\/wp\/v2\/pages\/16757?wpv_view_count=13799\">\n\n\t\n\t\n\t\t<strong>No items found<\/strong>\n\t\n<\/div>\n\n<h1>\n\t\tContactez-nous aujourd&#8217;hui\n\t<\/h1>\n\t<p>Si vous souhaitez en savoir plus sur le programme SOPA, si vous avez des id\u00e9es de collaboration, ou si vous \u00eates un employeur qui cherche \u00e0 entrer en contact avec nos clients professionnels, veuillez nous envoyer un message.<\/p>\n\t\t\t<a href=\"https:\/\/arriveprepared.ca\/fr\/nous-contacter\/\" target=\"_blank\" role=\"button\" rel=\"noopener\">\n\t\t\t\t\t\t\tNos contacter\n\t\t\t\t\t<\/a>\n\n","protected":false},"excerpt":{"rendered":"<p>Un partenariat d&#8217;organismes d&#8217;\u00e9tablissement partout au Canada Les services en ligne d&#8217;\u00e9tablissement avant l&#8217;arriv\u00e9e (SOPA, ou Settlement Online Pre-arrival) est une initiative innovante de ISANS cr\u00e9\u00e9e pour am\u00e9liorer les liens&hellip;<\/p>\n","protected":false},"author":1,"featured_media":16415,"parent":0,"menu_order":0,"comment_status":"closed","ping_status":"closed","template":"","meta":{"om_disable_all_campaigns":false,"_monsterinsights_skip_tracking":false,"_monsterinsights_sitenote_active":false,"_monsterinsights_sitenote_note":"","_monsterinsights_sitenote_category":0,"_uf_show_specific_survey":0,"_uf_disable_surveys":false,"footnotes":""},"class_list":["post-16757","page","type-page","status-publish","has-post-thumbnail","hentry"],"aioseo_notices":[],"jetpack_likes_enabled":false,"jetpack_sharing_enabled":true,"_links":{"self":[{"href":"https:\/\/arriveprepared.ca\/fr\/wp-json\/wp\/v2\/pages\/16757","targetHints":{"allow":["GET"]}}],"collection":[{"href":"https:\/\/arriveprepared.ca\/fr\/wp-json\/wp\/v2\/pages"}],"about":[{"href":"https:\/\/arriveprepared.ca\/fr\/wp-json\/wp\/v2\/types\/page"}],"author":[{"embeddable":true,"href":"https:\/\/arriveprepared.ca\/fr\/wp-json\/wp\/v2\/users\/1"}],"replies":[{"embeddable":true,"href":"https:\/\/arriveprepared.ca\/fr\/wp-json\/wp\/v2\/comments?post=16757"}],"version-history":[{"count":5,"href":"https:\/\/arriveprepared.ca\/fr\/wp-json\/wp\/v2\/pages\/16757\/revisions"}],"predecessor-version":[{"id":19325,"href":"https:\/\/arriveprepared.ca\/fr\/wp-json\/wp\/v2\/pages\/16757\/revisions\/19325"}],"wp:featuredmedia":[{"embeddable":true,"href":"https:\/\/arriveprepared.ca\/fr\/wp-json\/wp\/v2\/media\/16415"}],"wp:attachment":[{"href":"https:\/\/arriveprepared.ca\/fr\/wp-json\/wp\/v2\/media?parent=16757"}],"curies":[{"name":"wp","href":"https:\/\/api.w.org\/{rel}","templated":true}]}}