{"id":16755,"date":"2021-12-21T15:31:02","date_gmt":"2021-12-21T15:31:02","guid":{"rendered":"https:\/\/arriveprepared.ca\/page-de-destination-clients-sopa-deja-inscrits\/"},"modified":"2022-08-29T13:45:56","modified_gmt":"2022-08-29T13:45:56","slug":"clients-sopa-deja-inscrits","status":"publish","type":"page","link":"https:\/\/arriveprepared.ca\/fr\/clients-sopa-deja-inscrits\/","title":{"rendered":"Clients SOPA d\u00e9j\u00e0 inscrits"},"content":{"rendered":"\n<h2>\n\t\tAcc\u00e9dez \u00e0 vos cours et ressources en ligne\n\t<\/h2>\n\t<p>\u00cates-vous un client SOPA? Devez-vous mettre \u00e0 jour vos informations ou t\u00e9l\u00e9verser vos documents d&#8217;admissibilit\u00e9 \u00e0 nouveau?<\/p>\n<p>Avez-vous commenc\u00e9 les cours en ligne de SOPA et vous cherchez un lien pour acc\u00e9der \u00e0 vos cours? Cliquez sur les boutons ci-dessous pour vous aider \u00e0 trouver le bon lien.<\/p>\n<p>En participant au programme SOPA, les immigrants arrivent au Canada mieux pr\u00e9par\u00e9s, plus confiants et trouvent un emploi plus rapidement.<\/p>\n\t\t\t<a href=\"#access-your-online-courses\" target=\"_self\" role=\"button\" rel=\"noopener\">\n\t\t\t\t\t\t\tCours en ligne de SOPA\n\t\t\t\t\t<\/a>\n\t\t\t<a href=\"#login-sopa-registration\" target=\"_self\" role=\"button\" rel=\"noopener\">\n\t\t\t\t\t\t\tCompte client SOPA\n\t\t\t\t\t<\/a>\n<h2>\n\t\tNos derniers articles\n\t<\/h2>\n\t\tTous\n\t<ul>\n\t\t<li data-filter=\"*\" tabindex=\"0\" aria-label=\"Tous\">Tous<\/li><li data-filter=\".category-article-invite\" data-term=\"article-invite\" data-item-count=\"4\" tabindex=\"0\" aria-label=\"Article invit\u00e9\">Article invit\u00e9<\/li><li data-filter=\".category-collaborations-sopa\" data-term=\"collaborations-sopa\" data-item-count=\"5\" tabindex=\"0\" aria-label=\"Collaborations SOPA\">Collaborations SOPA<\/li><li data-filter=\".category-informations-pour-les-nouveaux-arrivants\" data-term=\"informations-pour-les-nouveaux-arrivants\" data-item-count=\"25\" tabindex=\"0\" aria-label=\"Informations pour les nouveaux arrivants\">Informations pour les nouveaux arrivants<\/li><li data-filter=\".category-interview-dun-client-de-sopa\" data-term=\"interview-dun-client-de-sopa\" data-item-count=\"24\" tabindex=\"0\" aria-label=\"Interview d'un client de SOPA\">Interview d&#8217;un client de SOPA<\/li><li data-filter=\".category-nouvelles-de-sopa\" data-term=\"nouvelles-de-sopa\" data-item-count=\"4\" tabindex=\"0\" aria-label=\"Nouvelles de SOPA\">Nouvelles de SOPA<\/li><li data-filter=\".category-nouvelles-des-partenaires\" data-term=\"nouvelles-des-partenaires\" data-item-count=\"1\" tabindex=\"0\" aria-label=\"Nouvelles des partenaires\">Nouvelles des partenaires<\/li><li data-filter=\".category-sopa-pour-les-refugies\" data-term=\"sopa-pour-les-refugies\" data-item-count=\"1\" tabindex=\"0\" aria-label=\"SOPA pour les r\u00e9fugi\u00e9s\">SOPA pour les r\u00e9fugi\u00e9s<\/li><li data-filter=\".category-temoignage-dun-client\" data-term=\"temoignage-dun-client\" data-item-count=\"19\" tabindex=\"0\" aria-label=\"T\u00e9moignage d'un client\">T\u00e9moignage d&#8217;un client<\/li><li data-filter=\".category-temoignage-dun-client-de-sopa\" data-term=\"temoignage-dun-client-de-sopa\" data-item-count=\"37\" tabindex=\"0\" aria-label=\"T\u00e9moignage d'un client de SOPA\">T\u00e9moignage d&#8217;un client de SOPA<\/li>\t<\/ul>\n\t<meta itemscope itemprop=\"mainEntityOfPage\" itemtype=\"https:\/\/schema.org\/WebPage\" itemid=\"https:\/\/arriveprepared.ca\/fr\/2022\/03\/02\/comment-jai-reussi-mon-premier-entretien-au-canada\/\" content=\"Comment j&rsquo;ai r\u00e9ussi mon premier entretien au Canada\" \/><meta itemprop=\"datePublished\" content=\"2022-03-02\" \/><meta itemprop=\"dateModified\" content=\"2022-03-02\" \/><meta itemprop=\"name\" content=\"Settlement Online Pre-Arrival (SOPA)\"\/><meta itemprop=\"url\" content=\"https:\/\/arriveprepared.ca\/wp-content\/uploads\/2021\/07\/SOPA-final_full-colour-e1626697811955.png\"\/><meta itemprop=\"url\" content=\"https:\/\/arriveprepared.ca\/fr\/author\/aziatdinova\/\" \/><meta itemprop=\"name\" content=\"Albina Ziatdinova\" \/><meta itemprop=\"url\" content=\"https:\/\/arriveprepared.ca\/wp-content\/uploads\/2022\/03\/Adeshola-Afolabi-Blog-Banner.png\" \/><meta itemprop=\"width\" content=\"2240\" \/><meta itemprop=\"height\" content=\"1260\" \/><meta itemprop=\"interactionType\" content=\"https:\/\/schema.org\/CommentAction\" \/><meta itemprop=\"userInteractionCount\" content=\"0\" \/>\n\t\t\t\t\t<a href=\"https:\/\/arriveprepared.ca\/fr\/2022\/03\/02\/comment-jai-reussi-mon-premier-entretien-au-canada\/\" title=\"Comment j&rsquo;ai r\u00e9ussi mon premier entretien au Canada\"><\/a>\n\t\t\t\t<img decoding=\"async\" src=\"https:\/\/eph3uviheph.exactdn.com\/wp-content\/uploads\/2022\/03\/Adeshola-Afolabi-Blog-Banner-1024x576.png?strip=all\" alt=\"Adeshola Afolabi Blog Banner\" itemprop=\"image\" data-no-lazy=\"1\" height=\"576\" width=\"1024\" title=\"Adeshola Afolabi Blog Banner\" onerror=\"this.style.display='none'\"  \/>\n\t\t\t\t\t\t\t\t\t<h3 itemprop=\"headline\">\n\t\t\t\t\t\t\t\t\t\t\t\t\t\tComment j&rsquo;ai r\u00e9ussi mon premier entretien au Canada\t\t\t\t\t\t\t\t\t\t\t<\/h3>\n    Je suis Adeshola Afolabi, un r\u00e9sident permanent qui a r\u00e9cemment d\u00e9m\u00e9nag\u00e9 de Lagos, au Nigeria, \u00e0 Toronto, en Ontario. J&#8217;ai&#8230;\n\t<meta itemscope itemprop=\"mainEntityOfPage\" itemtype=\"https:\/\/schema.org\/WebPage\" itemid=\"https:\/\/arriveprepared.ca\/fr\/2022\/02\/02\/vaincre-les-obstacles-sinstaller-a-calgary-pendant-la-pandemie-partie-2\/\" content=\"Vaincre les obstacles : S&rsquo;installer \u00e0 Calgary pendant la pand\u00e9mie (partie 2)\" \/><meta itemprop=\"datePublished\" content=\"2022-02-02\" \/><meta itemprop=\"dateModified\" content=\"2022-02-02\" \/><meta itemprop=\"name\" content=\"Settlement Online Pre-Arrival (SOPA)\"\/><meta itemprop=\"url\" content=\"https:\/\/arriveprepared.ca\/wp-content\/uploads\/2021\/07\/SOPA-final_full-colour-e1626697811955.png\"\/><meta itemprop=\"url\" content=\"https:\/\/arriveprepared.ca\/fr\/author\/aziatdinova\/\" \/><meta itemprop=\"name\" content=\"Albina Ziatdinova\" \/><meta itemprop=\"url\" content=\"https:\/\/arriveprepared.ca\/wp-content\/uploads\/2022\/02\/Beat-the-odds-Blog-Banner-1.png\" \/><meta itemprop=\"width\" content=\"2240\" \/><meta itemprop=\"height\" content=\"1260\" \/><meta itemprop=\"interactionType\" content=\"https:\/\/schema.org\/CommentAction\" \/><meta itemprop=\"userInteractionCount\" content=\"0\" \/>\n\t\t\t\t\t<a href=\"https:\/\/arriveprepared.ca\/fr\/2022\/02\/02\/vaincre-les-obstacles-sinstaller-a-calgary-pendant-la-pandemie-partie-2\/\" title=\"Vaincre les obstacles : S&rsquo;installer \u00e0 Calgary pendant la pand\u00e9mie (partie 2)\"><\/a>\n\t\t\t\t<img decoding=\"async\" src=\"https:\/\/eph3uviheph.exactdn.com\/wp-content\/uploads\/2022\/02\/Beat-the-odds-Blog-Banner-1-1024x576.png?strip=all\" alt=\"Beat the odds Blog Banner-1\" itemprop=\"image\" data-no-lazy=\"1\" height=\"576\" width=\"1024\" title=\"Beat the odds Blog Banner-1\" onerror=\"this.style.display='none'\"  \/>\n\t\t\t\t\t\t\t\t\t<h3 itemprop=\"headline\">\n\t\t\t\t\t\t\t\t\t\t\t\t\t\tVaincre les obstacles : S&rsquo;installer \u00e0 Calgary pendant la pand\u00e9mie (partie 2)\t\t\t\t\t\t\t\t\t\t\t<\/h3>\n    Je m&#8217;excuse que la deuxi\u00e8me partie de mon blog arrive beaucoup plus tard que pr\u00e9vu. Cela fait un an que&#8230;\n\t<meta itemscope itemprop=\"mainEntityOfPage\" itemtype=\"https:\/\/schema.org\/WebPage\" itemid=\"https:\/\/arriveprepared.ca\/fr\/2022\/01\/13\/sidra-mobin-opportunite-dapprentissage\/\" content=\"Sidra Mobin : opportunit\u00e9 d&rsquo;apprentissage\" \/><meta itemprop=\"datePublished\" content=\"2022-01-13\" \/><meta itemprop=\"dateModified\" content=\"2022-01-13\" \/><meta itemprop=\"name\" content=\"Settlement Online Pre-Arrival (SOPA)\"\/><meta itemprop=\"url\" content=\"https:\/\/arriveprepared.ca\/wp-content\/uploads\/2021\/07\/SOPA-final_full-colour-e1626697811955.png\"\/><meta itemprop=\"url\" content=\"https:\/\/arriveprepared.ca\/fr\/author\/aziatdinova\/\" \/><meta itemprop=\"name\" content=\"Albina Ziatdinova\" \/><meta itemprop=\"url\" content=\"https:\/\/arriveprepared.ca\/wp-content\/uploads\/2022\/01\/Sidra-Mobin-Blog-Banner-1.png\" \/><meta itemprop=\"width\" content=\"2240\" \/><meta itemprop=\"height\" content=\"1260\" \/><meta itemprop=\"interactionType\" content=\"https:\/\/schema.org\/CommentAction\" \/><meta itemprop=\"userInteractionCount\" content=\"0\" \/>\n\t\t\t\t\t<a href=\"https:\/\/arriveprepared.ca\/fr\/2022\/01\/13\/sidra-mobin-opportunite-dapprentissage\/\" title=\"Sidra Mobin : opportunit\u00e9 d&rsquo;apprentissage\"><\/a>\n\t\t\t\t<img decoding=\"async\" src=\"https:\/\/eph3uviheph.exactdn.com\/wp-content\/uploads\/2022\/01\/Sidra-Mobin-Blog-Banner-1-1024x576.png?strip=all\" alt=\"Sidra Mobin Blog Banner-1\" itemprop=\"image\" data-no-lazy=\"1\" height=\"576\" width=\"1024\" title=\"Sidra Mobin Blog Banner-1\" onerror=\"this.style.display='none'\"  \/>\n\t\t\t\t\t\t\t\t\t<h3 itemprop=\"headline\">\n\t\t\t\t\t\t\t\t\t\t\t\t\t\tSidra Mobin : opportunit\u00e9 d&rsquo;apprentissage\t\t\t\t\t\t\t\t\t\t\t<\/h3>\n    Sidra Mobin est originaire de Karachi, au Pakistan. Elle a atterri en Colombie-Britannique le 28 juin 2020 &#8211; pendant la&#8230;\n\t\t\t\t<ul class='page-numbers'>\n\t<li>1<\/li>\n\t<li><a href=\"https:\/\/arriveprepared.ca\/fr\/page\/2\/?page_id=16755&#038;fl_builder\">2<\/a><\/li>\n\t<li><a href=\"https:\/\/arriveprepared.ca\/fr\/page\/3\/?page_id=16755&#038;fl_builder\">3<\/a><\/li>\n\t<li>&#8230;<\/li>\n\t<li><a href=\"https:\/\/arriveprepared.ca\/fr\/page\/38\/?page_id=16755&#038;fl_builder\">38<\/a><\/li>\n\t<li><a href=\"https:\/\/arriveprepared.ca\/fr\/page\/2\/?page_id=16755&#038;fl_builder\">Suivant\u00a0\u00bb<\/a><\/li>\n<\/ul>\n\t\t\t\t\t<a href=\"#\">\n\t\t\t\t\tCharger plus\n\t\t\t\t\t<img decoding=\"async\" src=\"https:\/\/eph3uviheph.exactdn.com\/wp-content\/plugins\/bbpowerpack\/assets\/images\/spinner.gif\" alt=\"loader\" \/><\/a>\n\t\t<!-- .pp-content-posts -->\n<h2>\n\t\tContinuez votre parcours d&#8217;apprentissage\n\t<\/h2>\n\t<p>\u00cates-vous un client SOPA? Acc\u00e9dez \u00e0 vos cours en ligne de SOPA pour continuer votre apprentissage en utilisant vos informations de connexion de SettlementOnline.<\/p>\n\t\t\t<a href=\"https:\/\/settlementonline.ca\/\" target=\"_blank\" role=\"button\" rel=\"noopener\">\n\t\t\t\t\t\t\tConnexion aux cours de SOPA\n\t\t\t\t\t<\/a>\n<h3>\n\t\tNos cours &amp; services\n\t<\/h3>\n\t<p>Nous pouvons vous aider \u00e0 arriver mieux pr\u00e9par\u00e9. Nos outils, ressources et cours gratuits sont con\u00e7us pour vous aider \u00e0 trouver un emploi dans votre domaine au Canada.<\/p>\n<p>En vous inscrivant au programme SOPA, vous recevrez une s\u00e9ance de planification personnalis\u00e9e d&#8217;une heure sur les objectifs de carri\u00e8re et d&#8217;\u00e9tablissement avec notre personnel situ\u00e9 dans votre province de destination.<\/p>\n<p>Les cours de SOPA vous aident \u00e0 d\u00e9velopper les comp\u00e9tences n\u00e9cessaires \u00e0 votre recherche d&#8217;emploi au Canada. Si vous avez d\u00e9j\u00e0 une offre d&#8217;emploi, les cours de SOPA vous fourniront les outils de communication n\u00e9cessaires \u00e0 la r\u00e9ussite en milieu de travail canadien.<\/p>\n\t\t\t<a href=\"https:\/\/arriveprepared.ca\/fr\/cours-et-services\/\" target=\"_self\" role=\"button\" rel=\"noopener\">\n\t\t\t\t\t\t\tEn savoir plus\n\t\t\t\t\t<\/a>\n\t\t\t\t<img decoding=\"async\" src=\"https:\/\/eph3uviheph.exactdn.com\/wp-content\/uploads\/2021\/12\/Free-Courses-Feature.jpg?strip=all&resize=500%2C500\" alt=\"Free Courses Feature\" itemprop=\"image\" height=\"500\" width=\"500\" title=\"Free Courses Feature\" onerror=\"this.style.display='none'\"  \/>\n<h2>\n\t\tD\u00e9j\u00e0 inscrit \u00e0 sopa?\n\t<\/h2>\n\t<p>Vous avez soumis un questionnaire d&#8217;inscription, mais vous devez mettre \u00e0 jour vos informations ou t\u00e9l\u00e9charger vos documents d&#8217;admissibilit\u00e9 \u00e0 nouveau? Vous pouvez vous connecter \u00e0 votre compte en utilisant votre adresse courriel et le mot de passe que vous avez utilis\u00e9s pour vous inscrire.<\/p>\n\t\t\t<a href=\"https:\/\/cm2sopa.neworg.com\/Default.asp?PageNum=61\" target=\"_blank\" role=\"button\" rel=\"noopener\">\n\t\t\t\t\t\t\tConnexion \u00e0 votre compte client SOPA\n\t\t\t\t\t<\/a>\n\n","protected":false},"excerpt":{"rendered":"<p>Acc\u00e9dez \u00e0 vos cours et ressources en ligne \u00cates-vous un client SOPA? Devez-vous mettre \u00e0 jour vos informations ou t\u00e9l\u00e9verser vos documents d&#8217;admissibilit\u00e9 \u00e0 nouveau? Avez-vous commenc\u00e9 les cours en&hellip;<\/p>\n","protected":false},"author":1,"featured_media":16499,"parent":0,"menu_order":0,"comment_status":"closed","ping_status":"closed","template":"","meta":{"om_disable_all_campaigns":false,"_monsterinsights_skip_tracking":false,"_monsterinsights_sitenote_active":false,"_monsterinsights_sitenote_note":"","_monsterinsights_sitenote_category":0,"_uf_show_specific_survey":0,"_uf_disable_surveys":false,"footnotes":""},"class_list":["post-16755","page","type-page","status-publish","has-post-thumbnail","hentry"],"aioseo_notices":[],"jetpack_likes_enabled":false,"jetpack_sharing_enabled":true,"_links":{"self":[{"href":"https:\/\/arriveprepared.ca\/fr\/wp-json\/wp\/v2\/pages\/16755","targetHints":{"allow":["GET"]}}],"collection":[{"href":"https:\/\/arriveprepared.ca\/fr\/wp-json\/wp\/v2\/pages"}],"about":[{"href":"https:\/\/arriveprepared.ca\/fr\/wp-json\/wp\/v2\/types\/page"}],"author":[{"embeddable":true,"href":"https:\/\/arriveprepared.ca\/fr\/wp-json\/wp\/v2\/users\/1"}],"replies":[{"embeddable":true,"href":"https:\/\/arriveprepared.ca\/fr\/wp-json\/wp\/v2\/comments?post=16755"}],"version-history":[{"count":7,"href":"https:\/\/arriveprepared.ca\/fr\/wp-json\/wp\/v2\/pages\/16755\/revisions"}],"predecessor-version":[{"id":17036,"href":"https:\/\/arriveprepared.ca\/fr\/wp-json\/wp\/v2\/pages\/16755\/revisions\/17036"}],"wp:featuredmedia":[{"embeddable":true,"href":"https:\/\/arriveprepared.ca\/fr\/wp-json\/wp\/v2\/media\/16499"}],"wp:attachment":[{"href":"https:\/\/arriveprepared.ca\/fr\/wp-json\/wp\/v2\/media?parent=16755"}],"curies":[{"name":"wp","href":"https:\/\/api.w.org\/{rel}","templated":true}]}}