{"id":16736,"date":"2021-07-19T11:56:14","date_gmt":"2021-07-19T11:56:14","guid":{"rendered":"https:\/\/arriveprepared.ca\/atterrissage\/"},"modified":"2023-10-17T14:54:10","modified_gmt":"2023-10-17T14:54:10","slug":"atterrissage","status":"publish","type":"page","link":"https:\/\/arriveprepared.ca\/fr\/atterrissage\/","title":{"rendered":"Atterrissage"},"content":{"rendered":"\n\n\t\t\t\t<a href=\"https:\/\/arriveprepared.ca\/fr\/accueil\/\" target=\"_self\" itemprop=\"url\" rel=\"noopener\">\n\t\t\t\t<img decoding=\"async\" src=\"https:\/\/eph3uviheph.exactdn.com\/wp-content\/uploads\/2022\/08\/SOPA-final_white-without-tagline-300x151.png?strip=all\" alt=\"SOPA-final_white-without tagline\" itemprop=\"image\" height=\"151\" width=\"300\" title=\"SOPA-final_white-without tagline\" onerror=\"this.style.display='none'\"  \/>\n\t\t\t\t<\/a>\n\t\t\t\t<img decoding=\"async\" src=\"https:\/\/eph3uviheph.exactdn.com\/wp-content\/uploads\/2021\/12\/Returning-SOPA-Clients-Feature.jpg?strip=all&resize=500%2C250\" alt=\"Returning SOPA Clients-Feature\" itemprop=\"image\" height=\"250\" width=\"500\" title=\"Returning SOPA Clients-Feature\" onerror=\"this.style.display='none'\"  \/>\n<h2>\n\t\tClients SOPA d\u00e9j\u00e0 inscrits\n\t<\/h2>\n\t<p>\u00cates-vous un client SOPA? Avez-vous besoin d&#8217;information sur le programme SOPA et les cours auxquels vous vous \u00eates d\u00e9j\u00e0 inscrit? Cliquez ici!<\/p>\n\t\t\t<a href=\"https:\/\/arriveprepared.ca\/fr\/clients-sopa-deja-inscrits\/\" target=\"_self\" rel=\"noopener\">\n\t\t\t\t\t\t\tEn savoir plus\n\t\t\t\t\t<\/a>\n\t\t\t\t<img decoding=\"async\" src=\"https:\/\/eph3uviheph.exactdn.com\/wp-content\/uploads\/2021\/12\/Become-a-SOPa-Client-Feature-1.jpg?strip=all&resize=500%2C250\" alt=\"Become a SOPa Client Feature\" itemprop=\"image\" height=\"250\" width=\"500\" title=\"Become a SOPa Client Feature\" onerror=\"this.style.display='none'\"  \/>\n<h2>\n\t\tDevenez un client SOPA\n\t<\/h2>\n\t<p>\u00cates-vous un immigrant qui attend de venir au Canada? Voulez-vous devenir client SOPA? Vous devez cliquer ici!<\/p>\n\t\t\t<a href=\"https:\/\/arriveprepared.ca\/fr\/accueil\/\" target=\"_self\" rel=\"noopener\">\n\t\t\t\t\t\t\tEn savoir plus\n\t\t\t\t\t<\/a>\n\t\t\t\t<img decoding=\"async\" src=\"https:\/\/eph3uviheph.exactdn.com\/wp-content\/uploads\/2021\/12\/Employer-Landing-Page-Feature.jpg?strip=all&resize=500%2C250\" alt=\"Serious employer reading resumes of candidates for vacancy\" itemprop=\"image\" height=\"250\" width=\"500\" title=\"Paperwork\" onerror=\"this.style.display='none'\"  \/>\n<h2>\n\t\tEmployeurs et partenaires\n\t<\/h2>\n\t<p>\u00cates-vous un employeur, un partenaire de SOPA ou voulez-vous des informations sur le programme SOPA? Commencez \u00e0 en apprendre davantage sur SOPA ici.<\/p>\n\t\t\t<a href=\"https:\/\/arriveprepared.ca\/fr\/employeurs-et-partenaires\/\" target=\"_self\" rel=\"noopener\">\n\t\t\t\t\t\t\tEn savoir plus\n\t\t\t\t\t<\/a>\n\t<p>Settlement Online Pre Arrival (SOPA) | Tous droits r\u00e9serv\u00e9s<\/p>\n\t<p><a href=\"https:\/\/arriveprepared.ca\/contact\/\">Nous contacter<\/a> | <a href=\"https:\/\/arriveprepared.ca\/courses\/\">Cours<\/a> | <a href=\"https:\/\/settlementonline.ca\/\">Settlement Online<\/a><\/p>\n\n","protected":false},"excerpt":{"rendered":"<p>Clients SOPA d\u00e9j\u00e0 inscrits \u00cates-vous un client SOPA? Avez-vous besoin d&#8217;information sur le programme SOPA et les cours auxquels vous vous \u00eates d\u00e9j\u00e0 inscrit? Cliquez ici! En savoir plus Devenez&hellip;<\/p>\n","protected":false},"author":1,"featured_media":0,"parent":0,"menu_order":0,"comment_status":"closed","ping_status":"closed","template":"tpl-no-header-footer.php","meta":{"om_disable_all_campaigns":false,"_monsterinsights_skip_tracking":false,"_monsterinsights_sitenote_active":false,"_monsterinsights_sitenote_note":"","_monsterinsights_sitenote_category":0,"_uf_show_specific_survey":0,"_uf_disable_surveys":false,"footnotes":""},"class_list":["post-16736","page","type-page","status-publish","hentry"],"aioseo_notices":[],"jetpack_likes_enabled":false,"jetpack_sharing_enabled":true,"_links":{"self":[{"href":"https:\/\/arriveprepared.ca\/fr\/wp-json\/wp\/v2\/pages\/16736","targetHints":{"allow":["GET"]}}],"collection":[{"href":"https:\/\/arriveprepared.ca\/fr\/wp-json\/wp\/v2\/pages"}],"about":[{"href":"https:\/\/arriveprepared.ca\/fr\/wp-json\/wp\/v2\/types\/page"}],"author":[{"embeddable":true,"href":"https:\/\/arriveprepared.ca\/fr\/wp-json\/wp\/v2\/users\/1"}],"replies":[{"embeddable":true,"href":"https:\/\/arriveprepared.ca\/fr\/wp-json\/wp\/v2\/comments?post=16736"}],"version-history":[{"count":9,"href":"https:\/\/arriveprepared.ca\/fr\/wp-json\/wp\/v2\/pages\/16736\/revisions"}],"predecessor-version":[{"id":17716,"href":"https:\/\/arriveprepared.ca\/fr\/wp-json\/wp\/v2\/pages\/16736\/revisions\/17716"}],"wp:attachment":[{"href":"https:\/\/arriveprepared.ca\/fr\/wp-json\/wp\/v2\/media?parent=16736"}],"curies":[{"name":"wp","href":"https:\/\/api.w.org\/{rel}","templated":true}]}}